{"id":9735,"date":"2021-09-16T09:18:30","date_gmt":"2021-09-16T08:18:30","guid":{"rendered":"https:\/\/shopbeesandtrees.com\/new\/?post_type=product&#038;p=9735"},"modified":"2026-04-03T12:29:19","modified_gmt":"2026-04-03T10:29:19","slug":"organic-bha-cleansing-foam","status":"publish","type":"product","link":"https:\/\/shopbeesandtrees.com\/al\/produkt\/organic-bha-cleansing-foam\/","title":{"rendered":"ORGANIC BHA CLEANSING FOAM 150ml P\u00cbR L\u00cbRKUR\u00cb T\u00cb YNDRYSHME, PROAKNEIKE DHE T\u00cb KOMBINUAR"},"content":{"rendered":"<p><strong>P\u00ebrdorimi:<\/strong>P\u00ebrdorimi: Aplikoni rreth nj\u00eb pomp\u00eb nga shkuma n\u00eb fytyr\u00eb t\u00eb lagur ose thar\u00eb. Leht\u00ebsisht masazhojeni me levizje rrethore p\u00ebr t\u00eb hequr papast\u00ebrtit\u00eb. Shp\u00eblajeni me uj\u00eb dhe thajeni pa e f\u00ebrkuar l\u00ebkur\u00ebn. Evitoni pjes\u00ebn e syve.<\/p>\n<p>&nbsp;<\/p>\n<p>Sugjerim p\u00ebr <strong>l\u00ebrkur\u00eb t\u00eb yndyrshme<\/strong>\u00a0: P\u00ebrdoreni n\u00eb kombinim me \u00a0<a href=\"https:\/\/shopbeesandtrees.com\/product\/organic-witch-hazel-facial-tonic\/\">Organic Witch Hazel Facial Tonic<\/a> pas aplikimit.<br \/>\nSugjerim p\u00ebr<strong>\u00a0l\u00ebkur\u00eb proakneike<\/strong>\u00a0: P\u00ebrdoreni n\u00eb kombinim me\u00a0<a href=\"https:\/\/shopbeesandtrees.com\/product\/organic-lavender-facial-tonic\/\">Organic Lavender Facial Tonic<\/a> pas aplikimit.<\/p>\n<p>&nbsp;<\/p>\n<p>P\u00ebrb\u00ebr\u00ebsit: <a href=\"https:\/\/shopbeesandtrees.com\/2022\/09\/13\/aqua-water\/\">Aqua (Water)<\/a>, <a href=\"https:\/\/shopbeesandtrees.com\/2022\/09\/14\/citrus-sinensis-fruit-water\/\">Citrus sinensis fruit water<\/a>, <a href=\"https:\/\/shopbeesandtrees.com\/2022\/09\/16\/glycerin\/\">Glycerin<\/a>, <a href=\"https:\/\/shopbeesandtrees.com\/2022\/09\/14\/decyl-glucoside\/\">Decyl glucoside<\/a>, <a href=\"https:\/\/shopbeesandtrees.com\/2022\/09\/19\/salicylic-acid\/\">Salicylic acid<\/a>, <a href=\"https:\/\/shopbeesandtrees.com\/2022\/09\/19\/sodium-cocoamphoacetate\/\">Sodium cocoamphoacetate<\/a>, <a href=\"https:\/\/shopbeesandtrees.com\/2022\/09\/19\/niacinamide\/\">Niacinamide<\/a>, <a href=\"https:\/\/shopbeesandtrees.com\/2022\/09\/13\/achillea-millefolium-extract\/\">Achillea millefolium extract<\/a>*, <a href=\"https:\/\/shopbeesandtrees.com\/2022\/09\/19\/sodium-lauroyl-glutamate\/\">Sodium lauroyl glutamate<\/a>, <a href=\"https:\/\/shopbeesandtrees.com\/2022\/09\/19\/sodium-benzoate\/\">Sodium benzoate<\/a>, <a href=\"https:\/\/shopbeesandtrees.com\/2022\/09\/19\/potassium-sorbate\/\">Potassium sorbate<\/a>, <a href=\"https:\/\/shopbeesandtrees.com\/2022\/09\/19\/tetrasodium-glutamate-diacetate\/\">Tetrasodium glutamate diacetate<\/a>, <a href=\"https:\/\/shopbeesandtrees.com\/2022\/09\/19\/sodium-chloride\/\">Sodium chloride<\/a>, <a href=\"https:\/\/shopbeesandtrees.com\/2022\/09\/19\/sodium-hydroxide\/\">Sodium hydroxide<\/a>, <a href=\"https:\/\/shopbeesandtrees.com\/2022\/09\/14\/citric-acid\/\">Citric acid<\/a>.<br \/>\n<em>P\u00ebrb\u00ebr\u00ebs nga agrokultura biologjike*<\/em><\/p>\n<p>&nbsp;<\/p>\n<div class=\"page\" title=\"Page 1\">\n<div class=\"layoutArea\">\n<div class=\"column\">\n<div class=\"page\" title=\"Page 1\">\n<div class=\"layoutArea\">\n<div class=\"column\">\n<p>Dermatologjikisht i testuar n\u00eb BE.<br \/>\n*Pa konservues**<br \/>\n*Pa SLS dhe SLES<br \/>\n*Pa derivate te naft\u00ebs, vaj\u00ebra mineral apo lanolin\u00eb<br \/>\n*Pa ngjyrues<br \/>\n*Aromatizues me origjin\u00eb 100% natyrale<br \/>\n*Me p\u00ebrb\u00ebrje 94,8% NATYRALE<br \/>\n*Me p\u00ebrb\u00ebrje 0,98% ORGANIKE<\/p>\n<\/div>\n<\/div>\n<\/div>\n<\/div>\n<\/div>\n<\/div>\n<p><em>**Produkti \u00ebsht\u00eb i konservuar me substanca natyrale t\u00eb cilat nuk ndodhen n\u00eb list\u00ebn e konservuesve<\/em><\/p>","protected":false},"excerpt":{"rendered":"<p>Organic BHA Cleansing foam \u00ebsht\u00eb lar\u00ebs shkumues delikat i formuluar me <a href=\"https:\/\/shopbeesandtrees.com\/2022\/09\/19\/salicylic-acid\/\">2% acid salicilik<\/a> dhe <a href=\"https:\/\/shopbeesandtrees.com\/2022\/09\/19\/niacinamide\/\">1% niacinamid<\/a> p\u00ebr t\u00eb minimizuar imperfeksionet n\u00eb l\u00ebkur\u00eb dhe p\u00ebr t\u00eb rikthyer ekuilibrin natyral t\u00eb l\u00ebkur\u00ebs. I pasuruar me hidrolat portokalli dhe ekstrakt organik t\u00eb barit mijeflet\u00ebsh, ai ndihmon n\u00eb zb\u00ebrthimin e yndyr\u00ebs s\u00eb bllokuar n\u00ebn l\u00ebkur\u00eb (komedoneve), qet\u00ebsimin e inflamacionit dhe ekuilibrimin e sekretimit t\u00eb yndyr\u00ebs. I p\u00ebrshtatsh\u00ebm p\u00ebr l\u00ebkurat e yndyrshme dhe problematike.<\/p>\n<p>150ml<\/p>","protected":false},"featured_media":9875,"comment_status":"open","ping_status":"closed","template":"","meta":{"_eb_attr":"","om_disable_all_campaigns":false,"_monsterinsights_skip_tracking":false,"_monsterinsights_sitenote_active":false,"_monsterinsights_sitenote_note":"","_monsterinsights_sitenote_category":0,"_uf_show_specific_survey":0,"_uf_disable_surveys":false},"product_brand":[],"product_cat":[30,78,65],"product_tag":[96,108,94,83,89,95],"class_list":{"0":"post-9735","1":"product","2":"type-product","3":"status-publish","4":"has-post-thumbnail","6":"product_cat-cleansers","7":"product_cat-cleansers-cleansers","8":"product_cat-skin-care","9":"product_tag-acneprone","10":"product_tag-bestseller","11":"product_tag-blackheads","12":"product_tag-cleanser2","13":"product_tag-oily","14":"product_tag-pigmentation","16":"first","17":"instock","18":"sale","19":"featured","20":"shipping-taxable","21":"purchasable","22":"product-type-simple"},"aioseo_notices":[],"yoast_head":"<!-- This site is optimized with the Yoast SEO plugin v27.3 - https:\/\/yoast.com\/product\/yoast-seo-wordpress\/ -->\n<title>ORGANIC BHA CLEANSING FOAM 150ml P\u00cbR L\u00cbRKUR\u00cb T\u00cb YNDRYSHME, PROAKNEIKE DHE T\u00cb KOMBINUAR - Bees &amp; Trees<\/title>\n<meta name=\"robots\" content=\"index, follow, max-snippet:-1, max-image-preview:large, max-video-preview:-1\" \/>\n<link rel=\"canonical\" href=\"https:\/\/shopbeesandtrees.com\/al\/produkt\/organic-bha-cleansing-foam\/\" \/>\n<meta property=\"og:locale\" content=\"sq_AL\" \/>\n<meta property=\"og:type\" content=\"article\" \/>\n<meta property=\"og:title\" content=\"ORGANIC BHA CLEANSING FOAM 150ml P\u00cbR L\u00cbRKUR\u00cb T\u00cb YNDRYSHME, PROAKNEIKE DHE T\u00cb KOMBINUAR - Bees &amp; Trees\" \/>\n<meta property=\"og:description\" content=\"Organic BHA Cleansing Foam is a soft cleansing foam formulated with salicylic acid 2% and niacinamide 1% to minimize skin imperfections and restore the skin&#039;s natural balance. It&#039;s enriched with orange water and organic yarrow extract. It&#039;s the best suit for oily skin and acne prone skin.  150ml\" \/>\n<meta property=\"og:url\" content=\"https:\/\/shopbeesandtrees.com\/al\/produkt\/organic-bha-cleansing-foam\/\" \/>\n<meta property=\"og:site_name\" content=\"Bees &amp; Trees\" \/>\n<meta property=\"article:publisher\" content=\"https:\/\/www.facebook.com\/beesandtrees.al\" \/>\n<meta property=\"article:modified_time\" content=\"2026-04-03T10:29:19+00:00\" \/>\n<meta property=\"og:image\" content=\"https:\/\/shopbeesandtrees.com\/wp-content\/uploads\/2021\/10\/D85_6523-scaled-1.jpg\" \/>\n\t<meta property=\"og:image:width\" content=\"2560\" \/>\n\t<meta property=\"og:image:height\" content=\"2560\" \/>\n\t<meta property=\"og:image:type\" content=\"image\/jpeg\" \/>\n<meta name=\"twitter:card\" content=\"summary_large_image\" \/>\n<meta name=\"twitter:label1\" content=\"Est. reading time\" \/>\n\t<meta name=\"twitter:data1\" content=\"1 minut\u00eb\" \/>\n<script type=\"application\/ld+json\" class=\"yoast-schema-graph\">{\"@context\":\"https:\\\/\\\/schema.org\",\"@graph\":[{\"@type\":\"WebPage\",\"@id\":\"https:\\\/\\\/shopbeesandtrees.com\\\/product\\\/organic-bha-cleansing-foam\\\/\",\"url\":\"https:\\\/\\\/shopbeesandtrees.com\\\/product\\\/organic-bha-cleansing-foam\\\/\",\"name\":\"ORGANIC BHA CLEANSING FOAM 150ml P\u00cbR L\u00cbRKUR\u00cb T\u00cb YNDRYSHME, PROAKNEIKE DHE T\u00cb KOMBINUAR - Bees &amp; Trees\",\"isPartOf\":{\"@id\":\"https:\\\/\\\/shopbeesandtrees.com\\\/#website\"},\"primaryImageOfPage\":{\"@id\":\"https:\\\/\\\/shopbeesandtrees.com\\\/product\\\/organic-bha-cleansing-foam\\\/#primaryimage\"},\"image\":{\"@id\":\"https:\\\/\\\/shopbeesandtrees.com\\\/product\\\/organic-bha-cleansing-foam\\\/#primaryimage\"},\"thumbnailUrl\":\"https:\\\/\\\/shopbeesandtrees.com\\\/wp-content\\\/uploads\\\/2021\\\/10\\\/D85_6523-scaled-1.jpg\",\"datePublished\":\"2021-09-16T08:18:30+00:00\",\"dateModified\":\"2026-04-03T10:29:19+00:00\",\"breadcrumb\":{\"@id\":\"https:\\\/\\\/shopbeesandtrees.com\\\/product\\\/organic-bha-cleansing-foam\\\/#breadcrumb\"},\"inLanguage\":\"sq\",\"potentialAction\":[{\"@type\":\"ReadAction\",\"target\":[\"https:\\\/\\\/shopbeesandtrees.com\\\/product\\\/organic-bha-cleansing-foam\\\/\"]}]},{\"@type\":\"ImageObject\",\"inLanguage\":\"sq\",\"@id\":\"https:\\\/\\\/shopbeesandtrees.com\\\/product\\\/organic-bha-cleansing-foam\\\/#primaryimage\",\"url\":\"https:\\\/\\\/shopbeesandtrees.com\\\/wp-content\\\/uploads\\\/2021\\\/10\\\/D85_6523-scaled-1.jpg\",\"contentUrl\":\"https:\\\/\\\/shopbeesandtrees.com\\\/wp-content\\\/uploads\\\/2021\\\/10\\\/D85_6523-scaled-1.jpg\",\"width\":2560,\"height\":2560},{\"@type\":\"BreadcrumbList\",\"@id\":\"https:\\\/\\\/shopbeesandtrees.com\\\/product\\\/organic-bha-cleansing-foam\\\/#breadcrumb\",\"itemListElement\":[{\"@type\":\"ListItem\",\"position\":1,\"name\":\"Home\",\"item\":\"https:\\\/\\\/shopbeesandtrees.com\\\/\"},{\"@type\":\"ListItem\",\"position\":2,\"name\":\"Products\",\"item\":\"https:\\\/\\\/shopbeesandtrees.com\\\/shop\\\/\"},{\"@type\":\"ListItem\",\"position\":3,\"name\":\"ORGANIC BHA CLEANSING FOAM 150ml P\u00cbR L\u00cbRKUR\u00cb T\u00cb YNDRYSHME, PROAKNEIKE DHE T\u00cb KOMBINUAR\"}]},{\"@type\":\"WebSite\",\"@id\":\"https:\\\/\\\/shopbeesandtrees.com\\\/#website\",\"url\":\"https:\\\/\\\/shopbeesandtrees.com\\\/\",\"name\":\"Bees & Trees\",\"description\":\"Love Yourself Organically\",\"publisher\":{\"@id\":\"https:\\\/\\\/shopbeesandtrees.com\\\/#organization\"},\"potentialAction\":[{\"@type\":\"SearchAction\",\"target\":{\"@type\":\"EntryPoint\",\"urlTemplate\":\"https:\\\/\\\/shopbeesandtrees.com\\\/?s={search_term_string}\"},\"query-input\":{\"@type\":\"PropertyValueSpecification\",\"valueRequired\":true,\"valueName\":\"search_term_string\"}}],\"inLanguage\":\"sq\"},{\"@type\":\"Organization\",\"@id\":\"https:\\\/\\\/shopbeesandtrees.com\\\/#organization\",\"name\":\"Bees & Trees\",\"url\":\"https:\\\/\\\/shopbeesandtrees.com\\\/\",\"logo\":{\"@type\":\"ImageObject\",\"inLanguage\":\"sq\",\"@id\":\"https:\\\/\\\/shopbeesandtrees.com\\\/#\\\/schema\\\/logo\\\/image\\\/\",\"url\":\"https:\\\/\\\/i0.wp.com\\\/shopbeesandtrees.com\\\/wp-content\\\/uploads\\\/2022\\\/10\\\/bees-and-trees-bio-cosmetics-black-logo.png?fit=4402%2C1189&ssl=1\",\"contentUrl\":\"https:\\\/\\\/i0.wp.com\\\/shopbeesandtrees.com\\\/wp-content\\\/uploads\\\/2022\\\/10\\\/bees-and-trees-bio-cosmetics-black-logo.png?fit=4402%2C1189&ssl=1\",\"width\":4402,\"height\":1189,\"caption\":\"Bees & Trees\"},\"image\":{\"@id\":\"https:\\\/\\\/shopbeesandtrees.com\\\/#\\\/schema\\\/logo\\\/image\\\/\"},\"sameAs\":[\"https:\\\/\\\/www.facebook.com\\\/beesandtrees.al\",\"https:\\\/\\\/www.instagram.com\\\/beesandtrees_biocosmetics\\\/\"]}]}<\/script>\n<!-- \/ Yoast SEO plugin. -->","yoast_head_json":{"title":"ORGANIC BHA CLEANSING FOAM 150ml P\u00cbR L\u00cbRKUR\u00cb T\u00cb YNDRYSHME, PROAKNEIKE DHE T\u00cb KOMBINUAR - Bees &amp; Trees","robots":{"index":"index","follow":"follow","max-snippet":"max-snippet:-1","max-image-preview":"max-image-preview:large","max-video-preview":"max-video-preview:-1"},"canonical":"https:\/\/shopbeesandtrees.com\/al\/produkt\/organic-bha-cleansing-foam\/","og_locale":"sq_AL","og_type":"article","og_title":"ORGANIC BHA CLEANSING FOAM 150ml P\u00cbR L\u00cbRKUR\u00cb T\u00cb YNDRYSHME, PROAKNEIKE DHE T\u00cb KOMBINUAR - Bees &amp; Trees","og_description":"Organic BHA Cleansing Foam is a soft cleansing foam formulated with salicylic acid 2% and niacinamide 1% to minimize skin imperfections and restore the skin's natural balance. It's enriched with orange water and organic yarrow extract. It's the best suit for oily skin and acne prone skin.  150ml","og_url":"https:\/\/shopbeesandtrees.com\/al\/produkt\/organic-bha-cleansing-foam\/","og_site_name":"Bees &amp; Trees","article_publisher":"https:\/\/www.facebook.com\/beesandtrees.al","article_modified_time":"2026-04-03T10:29:19+00:00","og_image":[{"width":2560,"height":2560,"url":"https:\/\/shopbeesandtrees.com\/wp-content\/uploads\/2021\/10\/D85_6523-scaled-1.jpg","type":"image\/jpeg"}],"twitter_card":"summary_large_image","twitter_misc":{"Est. reading time":"1 minut\u00eb"},"schema":{"@context":"https:\/\/schema.org","@graph":[{"@type":"WebPage","@id":"https:\/\/shopbeesandtrees.com\/product\/organic-bha-cleansing-foam\/","url":"https:\/\/shopbeesandtrees.com\/product\/organic-bha-cleansing-foam\/","name":"ORGANIC BHA CLEANSING FOAM 150ml P\u00cbR L\u00cbRKUR\u00cb T\u00cb YNDRYSHME, PROAKNEIKE DHE T\u00cb KOMBINUAR - Bees &amp; Trees","isPartOf":{"@id":"https:\/\/shopbeesandtrees.com\/#website"},"primaryImageOfPage":{"@id":"https:\/\/shopbeesandtrees.com\/product\/organic-bha-cleansing-foam\/#primaryimage"},"image":{"@id":"https:\/\/shopbeesandtrees.com\/product\/organic-bha-cleansing-foam\/#primaryimage"},"thumbnailUrl":"https:\/\/shopbeesandtrees.com\/wp-content\/uploads\/2021\/10\/D85_6523-scaled-1.jpg","datePublished":"2021-09-16T08:18:30+00:00","dateModified":"2026-04-03T10:29:19+00:00","breadcrumb":{"@id":"https:\/\/shopbeesandtrees.com\/product\/organic-bha-cleansing-foam\/#breadcrumb"},"inLanguage":"sq","potentialAction":[{"@type":"ReadAction","target":["https:\/\/shopbeesandtrees.com\/product\/organic-bha-cleansing-foam\/"]}]},{"@type":"ImageObject","inLanguage":"sq","@id":"https:\/\/shopbeesandtrees.com\/product\/organic-bha-cleansing-foam\/#primaryimage","url":"https:\/\/shopbeesandtrees.com\/wp-content\/uploads\/2021\/10\/D85_6523-scaled-1.jpg","contentUrl":"https:\/\/shopbeesandtrees.com\/wp-content\/uploads\/2021\/10\/D85_6523-scaled-1.jpg","width":2560,"height":2560},{"@type":"BreadcrumbList","@id":"https:\/\/shopbeesandtrees.com\/product\/organic-bha-cleansing-foam\/#breadcrumb","itemListElement":[{"@type":"ListItem","position":1,"name":"Home","item":"https:\/\/shopbeesandtrees.com\/"},{"@type":"ListItem","position":2,"name":"Products","item":"https:\/\/shopbeesandtrees.com\/shop\/"},{"@type":"ListItem","position":3,"name":"ORGANIC BHA CLEANSING FOAM 150ml P\u00cbR L\u00cbRKUR\u00cb T\u00cb YNDRYSHME, PROAKNEIKE DHE T\u00cb KOMBINUAR"}]},{"@type":"WebSite","@id":"https:\/\/shopbeesandtrees.com\/#website","url":"https:\/\/shopbeesandtrees.com\/","name":"Bees & Trees","description":"Duaje Veten Natyrsh\u00ebm","publisher":{"@id":"https:\/\/shopbeesandtrees.com\/#organization"},"potentialAction":[{"@type":"SearchAction","target":{"@type":"EntryPoint","urlTemplate":"https:\/\/shopbeesandtrees.com\/?s={search_term_string}"},"query-input":{"@type":"PropertyValueSpecification","valueRequired":true,"valueName":"search_term_string"}}],"inLanguage":"sq"},{"@type":"Organization","@id":"https:\/\/shopbeesandtrees.com\/#organization","name":"Bees & Trees","url":"https:\/\/shopbeesandtrees.com\/","logo":{"@type":"ImageObject","inLanguage":"sq","@id":"https:\/\/shopbeesandtrees.com\/#\/schema\/logo\/image\/","url":"https:\/\/i0.wp.com\/shopbeesandtrees.com\/wp-content\/uploads\/2022\/10\/bees-and-trees-bio-cosmetics-black-logo.png?fit=4402%2C1189&ssl=1","contentUrl":"https:\/\/i0.wp.com\/shopbeesandtrees.com\/wp-content\/uploads\/2022\/10\/bees-and-trees-bio-cosmetics-black-logo.png?fit=4402%2C1189&ssl=1","width":4402,"height":1189,"caption":"Bees & Trees"},"image":{"@id":"https:\/\/shopbeesandtrees.com\/#\/schema\/logo\/image\/"},"sameAs":["https:\/\/www.facebook.com\/beesandtrees.al","https:\/\/www.instagram.com\/beesandtrees_biocosmetics\/"]}]}},"_links":{"self":[{"href":"https:\/\/shopbeesandtrees.com\/al\/wp-json\/wp\/v2\/product\/9735","targetHints":{"allow":["GET"]}}],"collection":[{"href":"https:\/\/shopbeesandtrees.com\/al\/wp-json\/wp\/v2\/product"}],"about":[{"href":"https:\/\/shopbeesandtrees.com\/al\/wp-json\/wp\/v2\/types\/product"}],"replies":[{"embeddable":true,"href":"https:\/\/shopbeesandtrees.com\/al\/wp-json\/wp\/v2\/comments?post=9735"}],"version-history":[{"count":7,"href":"https:\/\/shopbeesandtrees.com\/al\/wp-json\/wp\/v2\/product\/9735\/revisions"}],"predecessor-version":[{"id":14052,"href":"https:\/\/shopbeesandtrees.com\/al\/wp-json\/wp\/v2\/product\/9735\/revisions\/14052"}],"wp:featuredmedia":[{"embeddable":true,"href":"https:\/\/shopbeesandtrees.com\/al\/wp-json\/wp\/v2\/media\/9875"}],"wp:attachment":[{"href":"https:\/\/shopbeesandtrees.com\/al\/wp-json\/wp\/v2\/media?parent=9735"}],"wp:term":[{"taxonomy":"product_brand","embeddable":true,"href":"https:\/\/shopbeesandtrees.com\/al\/wp-json\/wp\/v2\/product_brand?post=9735"},{"taxonomy":"product_cat","embeddable":true,"href":"https:\/\/shopbeesandtrees.com\/al\/wp-json\/wp\/v2\/product_cat?post=9735"},{"taxonomy":"product_tag","embeddable":true,"href":"https:\/\/shopbeesandtrees.com\/al\/wp-json\/wp\/v2\/product_tag?post=9735"}],"curies":[{"name":"wp","href":"https:\/\/api.w.org\/{rel}","templated":true}]}}