{"id":9708,"date":"2021-09-16T09:18:28","date_gmt":"2021-09-16T08:18:28","guid":{"rendered":"https:\/\/shopbeesandtrees.com\/new\/?post_type=product&#038;p=9708"},"modified":"2026-04-03T12:29:41","modified_gmt":"2026-04-03T10:29:41","slug":"organic-antiwrinkle-mask","status":"publish","type":"product","link":"https:\/\/shopbeesandtrees.com\/al\/produkt\/organic-antiwrinkle-mask\/","title":{"rendered":"ORGANIC ANTIWRINKLE MASK 125ml P\u00cbR \u00c7DO LLOJ L\u00cbKURE"},"content":{"rendered":"<p><strong>Si p\u00ebrdoret?\u00a0<\/strong>aplikojeni n\u00eb m\u00ebnyr\u00eb uniforme n\u00eb fytyr\u00eb dhe qaf\u00eb. Mbajeni p\u00ebr rreth 10-15 minuta. Shp\u00eblajeni me uj\u00eb t\u00eb bollsh\u00ebm.<\/p>\n<p>Sugjerime p\u00ebr pastrimin e fytyr\u00ebs sipas llojit t\u00eb l\u00ebkur\u00ebs:<\/p>\n<p>P\u00ebr <strong>l\u00ebrkur\u00eb t\u00eb yndyrshme<\/strong>\u00a0: P\u00ebrdorni\u00a0<a href=\"https:\/\/shopbeesandtrees.com\/product\/organic-bha-cleansing-foam\/\">Organic BHA Cleansing Foam<\/a> dhe\u00a0<a href=\"https:\/\/shopbeesandtrees.com\/product\/organic-witch-hazel-facial-tonic\/\">Organic Witch Hazel Facial Tonic<\/a>.<br \/>\nP\u00ebr<strong>\u00a0l\u00ebkur\u00eb proakneike<\/strong>\u00a0: P\u00ebrdorni\u00a0<a href=\"https:\/\/shopbeesandtrees.com\/product\/organic-bha-cleansing-foam\/\">Organic BHA Cleansing Foam<\/a> dhe <a href=\"https:\/\/shopbeesandtrees.com\/product\/organic-lavender-facial-tonic\/\">Organic Lavender Facial Tonic<\/a>.<br \/>\nP\u00ebr <strong>l\u00ebkur\u00eb t\u00eb kombinuar<\/strong> : P\u00ebrdorni\u00a0<a href=\"https:\/\/shopbeesandtrees.com\/product\/organic-cleansing-foam\/\">Organic Cleansing Foam<\/a> dhe<a href=\"https:\/\/shopbeesandtrees.com\/product\/organic-lavender-facial-tonic\/\"> Organic Lavender Facial Tonic<\/a>.<br \/>\nP\u00ebr <strong>l\u00ebkur\u00eb normale n\u00eb t\u00eb that\u00eb<\/strong> : P\u00ebrdorni\u00a0<a href=\"https:\/\/shopbeesandtrees.com\/product\/organic-cleansing-foam\/\">Organic Cleansing Foam<\/a> dhe\u00a0<a href=\"https:\/\/shopbeesandtrees.com\/product\/organic-chamomile-facial-tonic\/\">Organic Chamomile Facial Tonic<\/a>.<\/p>\n<p><a href=\"https:\/\/shopbeesandtrees.com\/2022\/09\/13\/aqua-water\/\">Aqua (Water),<\/a> <a href=\"https:\/\/shopbeesandtrees.com\/2022\/09\/19\/malva-sylvestris-leaf-water\/\">Malva sylvestris leaf water*,<\/a> <a href=\"https:\/\/shopbeesandtrees.com\/2022\/09\/14\/caprylic-capric-triglyceride\/\">Caprylic\/capric triglyceride,<\/a> <a href=\"https:\/\/shopbeesandtrees.com\/2022\/09\/19\/titanium-dioxide\/\">Titanium dioxide,<\/a> <a href=\"https:\/\/shopbeesandtrees.com\/2022\/09\/17\/kaolin\/\">Kaolin,<\/a> <a href=\"https:\/\/shopbeesandtrees.com\/2022\/09\/16\/glycerin\/\">Glycerin,<\/a> <a href=\"https:\/\/shopbeesandtrees.com\/2022\/09\/19\/olea-europaea-olive-fruit-oil\/\">Olea europaea (Olive) fruit oil*<\/a>, <a href=\"https:\/\/shopbeesandtrees.com\/2022\/09\/14\/coco-caprylate\/\">Coco-caprylate,<\/a> <a href=\"https:\/\/shopbeesandtrees.com\/2022\/09\/14\/cetearyl-olivate\/\">Cetearyl olivate,<\/a> <a href=\"https:\/\/shopbeesandtrees.com\/2022\/09\/19\/sorbitan-olivate\/\">Sorbitan olivate,<\/a> <a href=\"https:\/\/shopbeesandtrees.com\/2022\/09\/19\/oryza-sativa-rice-starch\/\">Oryza sativa (Rice) starch,<\/a> <a href=\"https:\/\/shopbeesandtrees.com\/2022\/09\/14\/cetyl-palmitate\/\">Cetyl palmitate,<\/a> <a href=\"https:\/\/shopbeesandtrees.com\/2022\/09\/14\/cetearyl-alcohol\/\">Cetearyl alcohol,<\/a> <a href=\"https:\/\/shopbeesandtrees.com\/2022\/09\/17\/hydrolyzed-verbascum-thapsus-flower\/\">Hydrolyzed Verbascum Thapsus Flower*,<\/a> <a href=\"https:\/\/shopbeesandtrees.com\/2022\/09\/17\/hydrolyzed-wheat-bran\/\">Hydrolyzed wheat bran*,<\/a> <a href=\"https:\/\/shopbeesandtrees.com\/2022\/09\/17\/hydrolyzed-olive-fruit-extract\/\">Hydrolyzed olive fruit extract*,<\/a> <a href=\"https:\/\/shopbeesandtrees.com\/2022\/09\/16\/echinacea-pallida-extract\/\">Echinacea pallida extract*,<\/a> <a href=\"https:\/\/shopbeesandtrees.com\/2022\/09\/13\/achillea-millefolium-extract\/\">Achillea millefolium extract*,<\/a> <a href=\"https:\/\/shopbeesandtrees.com\/2022\/09\/13\/calendula-officinalis-flower-extract\/\">Calendula officinalis flower extract*,<\/a> <a href=\"https:\/\/shopbeesandtrees.com\/2022\/09\/19\/tilia-tomentosa-extract\/\">Tilia tomentosa extract*,<\/a> <a href=\"https:\/\/shopbeesandtrees.com\/2022\/09\/16\/helianthus-annuus-sunflower-seed-oil\/\">Helianthus annuus (Sunflower) seed oil*,<\/a> <a href=\"https:\/\/shopbeesandtrees.com\/2022\/09\/19\/sodium-hyaluronate\/\">Sodium hyaluronate,<\/a> <a href=\"https:\/\/shopbeesandtrees.com\/2022\/09\/19\/tocopherol\/\">Tocopherol,<\/a> <a href=\"https:\/\/shopbeesandtrees.com\/2022\/09\/19\/sorbitan-palmitate\/\">Sorbitan palmitate,<\/a> <a href=\"https:\/\/shopbeesandtrees.com\/2022\/09\/19\/xantham-gum\/\">Xanthan gum,<\/a> <a href=\"https:\/\/shopbeesandtrees.com\/2022\/09\/19\/lactic-acid\/\">Lactic acid,<\/a> <a href=\"https:\/\/shopbeesandtrees.com\/2022\/09\/14\/citric-acid\/\">Citric acid,<\/a> <a href=\"https:\/\/shopbeesandtrees.com\/2022\/09\/16\/glyceryl-caprylate\/\">Glyceryl caprylate,<\/a> <a href=\"https:\/\/shopbeesandtrees.com\/2022\/09\/19\/sodium-levulinate\/\">Sodium levulinate,<\/a> <a href=\"https:\/\/shopbeesandtrees.com\/2022\/09\/19\/sodium-anisate\/\">Sodium anisate,<\/a> <a href=\"https:\/\/shopbeesandtrees.com\/2022\/09\/19\/sodium-phytate\/\">Sodium phytate,<\/a> Parfum (Fragrance).<br \/>\n*P\u00ebrb\u00ebr\u00ebs nga agrokultura biologjike<\/p>\n<p>&nbsp;<\/p>\n<div class=\"page\" title=\"Page 1\">\n<div class=\"layoutArea\">\n<div class=\"column\">\n<div class=\"page\" title=\"Page 1\">\n<div class=\"layoutArea\">\n<div class=\"column\">\n<p>Dermatologjikisht i testuar n\u00eb BE.<br \/>\n*Pa konservues**<br \/>\n*Pa SLS dhe SLES<br \/>\n*Pa derivate te naft\u00ebs, vaj\u00ebra mineral apo lanolin\u00eb<br \/>\n*Aromatizues me origjin\u00eb 100% natyrale<br \/>\n*Me p\u00ebrb\u00ebrje 99,9% NATYRALE<br \/>\n*With 20,4% of ORGANIC\u00a0ingredients*<\/p>\n<\/div>\n<\/div>\n<\/div>\n<\/div>\n<\/div>\n<\/div>\n<p><em>**Produkti \u00ebsht\u00eb i konservuar me substanca natyrale t\u00eb cilat nuk ndodhen n\u00eb list\u00ebn e konservuesve<\/em><\/p>\n<div><span lang=\"SQ\">0712221263347<\/span><\/div>","protected":false},"excerpt":{"rendered":"<p>Mask\u00eb organike me baz\u00eb kremoze dhe argjil\u00eb t\u00eb bardh\u00eb, me veti mbrojt\u00ebse, ushqyese, qet\u00ebsuese dhe efekt ndri\u00e7ues. L\u00eb l\u00ebkur\u00ebn t\u00eb but\u00eb dhe hidratuar. Ka baze kremoze dhe nuk e than\u00eb l\u00ebkur\u00ebn n\u00ebse mbahet m\u00eb gjat\u00eb.<\/p>\n<p>125ml<\/p>","protected":false},"featured_media":9738,"comment_status":"open","ping_status":"closed","template":"","meta":{"_eb_attr":"","om_disable_all_campaigns":false,"_monsterinsights_skip_tracking":false,"_monsterinsights_sitenote_active":false,"_monsterinsights_sitenote_note":"","_monsterinsights_sitenote_category":0,"_uf_show_specific_survey":0,"_uf_disable_surveys":false},"product_brand":[],"product_cat":[41,44,65,15],"product_tag":[96,93,94,91,97,88,126,89,95,119,90],"class_list":{"0":"post-9708","1":"product","2":"type-product","3":"status-publish","4":"has-post-thumbnail","6":"product_cat-masks","7":"product_cat-organic","8":"product_cat-skin-care","9":"product_cat-uncategorized","10":"product_tag-acneprone","11":"product_tag-antiaging","12":"product_tag-blackheads","13":"product_tag-combination","14":"product_tag-dehydrated","15":"product_tag-dry","16":"product_tag-maskcover","17":"product_tag-oily","18":"product_tag-pigmentation","19":"product_tag-sale","20":"product_tag-sensitive","22":"first","23":"instock","24":"sale","25":"shipping-taxable","26":"purchasable","27":"product-type-simple"},"aioseo_notices":[],"yoast_head":"<!-- This site is optimized with the Yoast SEO plugin v27.3 - https:\/\/yoast.com\/product\/yoast-seo-wordpress\/ -->\n<title>ORGANIC ANTIWRINKLE MASK 125ml P\u00cbR \u00c7DO LLOJ L\u00cbKURE - Bees &amp; Trees<\/title>\n<meta name=\"description\" content=\"Organic moisturizing white clay mask with\u00a0luminous,\u00a0protective and nourishing action. It\u00a0leaves\u00a0your\u00a0skin\u00a0soft and\u00a0silky.\" \/>\n<meta name=\"robots\" content=\"index, follow, max-snippet:-1, max-image-preview:large, max-video-preview:-1\" \/>\n<link rel=\"canonical\" href=\"https:\/\/shopbeesandtrees.com\/al\/produkt\/organic-antiwrinkle-mask\/\" \/>\n<meta property=\"og:locale\" content=\"sq_AL\" \/>\n<meta property=\"og:type\" content=\"article\" \/>\n<meta property=\"og:title\" content=\"ORGANIC ANTIWRINKLE MASK 125ml P\u00cbR \u00c7DO LLOJ L\u00cbKURE - Bees &amp; Trees\" \/>\n<meta property=\"og:description\" content=\"Organic moisturizing white clay mask with\u00a0luminous,\u00a0protective and nourishing action. It\u00a0leaves\u00a0your\u00a0skin\u00a0soft and\u00a0silky.\" \/>\n<meta property=\"og:url\" content=\"https:\/\/shopbeesandtrees.com\/al\/produkt\/organic-antiwrinkle-mask\/\" \/>\n<meta property=\"og:site_name\" content=\"Bees &amp; Trees\" \/>\n<meta property=\"article:publisher\" content=\"https:\/\/www.facebook.com\/beesandtrees.al\" \/>\n<meta property=\"article:modified_time\" content=\"2026-04-03T10:29:41+00:00\" \/>\n<meta property=\"og:image\" content=\"https:\/\/shopbeesandtrees.com\/wp-content\/uploads\/2021\/09\/mask-scaled-1.jpg\" \/>\n\t<meta property=\"og:image:width\" content=\"2560\" \/>\n\t<meta property=\"og:image:height\" content=\"2560\" \/>\n\t<meta property=\"og:image:type\" content=\"image\/jpeg\" \/>\n<meta name=\"twitter:card\" content=\"summary_large_image\" \/>\n<meta name=\"twitter:label1\" content=\"Est. reading time\" \/>\n\t<meta name=\"twitter:data1\" content=\"2 minuta\" \/>\n<script type=\"application\/ld+json\" class=\"yoast-schema-graph\">{\"@context\":\"https:\\\/\\\/schema.org\",\"@graph\":[{\"@type\":\"WebPage\",\"@id\":\"https:\\\/\\\/shopbeesandtrees.com\\\/product\\\/organic-antiwrinkle-mask\\\/\",\"url\":\"https:\\\/\\\/shopbeesandtrees.com\\\/product\\\/organic-antiwrinkle-mask\\\/\",\"name\":\"ORGANIC ANTIWRINKLE MASK 125ml P\u00cbR \u00c7DO LLOJ L\u00cbKURE - Bees &amp; Trees\",\"isPartOf\":{\"@id\":\"https:\\\/\\\/shopbeesandtrees.com\\\/#website\"},\"primaryImageOfPage\":{\"@id\":\"https:\\\/\\\/shopbeesandtrees.com\\\/product\\\/organic-antiwrinkle-mask\\\/#primaryimage\"},\"image\":{\"@id\":\"https:\\\/\\\/shopbeesandtrees.com\\\/product\\\/organic-antiwrinkle-mask\\\/#primaryimage\"},\"thumbnailUrl\":\"https:\\\/\\\/shopbeesandtrees.com\\\/wp-content\\\/uploads\\\/2021\\\/09\\\/mask-scaled-1.jpg\",\"datePublished\":\"2021-09-16T08:18:28+00:00\",\"dateModified\":\"2026-04-03T10:29:41+00:00\",\"description\":\"Organic moisturizing white clay mask with\u00a0luminous,\u00a0protective and nourishing action. It\u00a0leaves\u00a0your\u00a0skin\u00a0soft and\u00a0silky.\",\"breadcrumb\":{\"@id\":\"https:\\\/\\\/shopbeesandtrees.com\\\/product\\\/organic-antiwrinkle-mask\\\/#breadcrumb\"},\"inLanguage\":\"sq\",\"potentialAction\":[{\"@type\":\"ReadAction\",\"target\":[\"https:\\\/\\\/shopbeesandtrees.com\\\/product\\\/organic-antiwrinkle-mask\\\/\"]}]},{\"@type\":\"ImageObject\",\"inLanguage\":\"sq\",\"@id\":\"https:\\\/\\\/shopbeesandtrees.com\\\/product\\\/organic-antiwrinkle-mask\\\/#primaryimage\",\"url\":\"https:\\\/\\\/shopbeesandtrees.com\\\/wp-content\\\/uploads\\\/2021\\\/09\\\/mask-scaled-1.jpg\",\"contentUrl\":\"https:\\\/\\\/shopbeesandtrees.com\\\/wp-content\\\/uploads\\\/2021\\\/09\\\/mask-scaled-1.jpg\",\"width\":2560,\"height\":2560},{\"@type\":\"BreadcrumbList\",\"@id\":\"https:\\\/\\\/shopbeesandtrees.com\\\/product\\\/organic-antiwrinkle-mask\\\/#breadcrumb\",\"itemListElement\":[{\"@type\":\"ListItem\",\"position\":1,\"name\":\"Home\",\"item\":\"https:\\\/\\\/shopbeesandtrees.com\\\/\"},{\"@type\":\"ListItem\",\"position\":2,\"name\":\"Products\",\"item\":\"https:\\\/\\\/shopbeesandtrees.com\\\/shop\\\/\"},{\"@type\":\"ListItem\",\"position\":3,\"name\":\"ORGANIC ANTIWRINKLE MASK 125ml P\u00cbR \u00c7DO LLOJ L\u00cbKURE\"}]},{\"@type\":\"WebSite\",\"@id\":\"https:\\\/\\\/shopbeesandtrees.com\\\/#website\",\"url\":\"https:\\\/\\\/shopbeesandtrees.com\\\/\",\"name\":\"Bees & Trees\",\"description\":\"Love Yourself Organically\",\"publisher\":{\"@id\":\"https:\\\/\\\/shopbeesandtrees.com\\\/#organization\"},\"potentialAction\":[{\"@type\":\"SearchAction\",\"target\":{\"@type\":\"EntryPoint\",\"urlTemplate\":\"https:\\\/\\\/shopbeesandtrees.com\\\/?s={search_term_string}\"},\"query-input\":{\"@type\":\"PropertyValueSpecification\",\"valueRequired\":true,\"valueName\":\"search_term_string\"}}],\"inLanguage\":\"sq\"},{\"@type\":\"Organization\",\"@id\":\"https:\\\/\\\/shopbeesandtrees.com\\\/#organization\",\"name\":\"Bees & Trees\",\"url\":\"https:\\\/\\\/shopbeesandtrees.com\\\/\",\"logo\":{\"@type\":\"ImageObject\",\"inLanguage\":\"sq\",\"@id\":\"https:\\\/\\\/shopbeesandtrees.com\\\/#\\\/schema\\\/logo\\\/image\\\/\",\"url\":\"https:\\\/\\\/i0.wp.com\\\/shopbeesandtrees.com\\\/wp-content\\\/uploads\\\/2022\\\/10\\\/bees-and-trees-bio-cosmetics-black-logo.png?fit=4402%2C1189&ssl=1\",\"contentUrl\":\"https:\\\/\\\/i0.wp.com\\\/shopbeesandtrees.com\\\/wp-content\\\/uploads\\\/2022\\\/10\\\/bees-and-trees-bio-cosmetics-black-logo.png?fit=4402%2C1189&ssl=1\",\"width\":4402,\"height\":1189,\"caption\":\"Bees & Trees\"},\"image\":{\"@id\":\"https:\\\/\\\/shopbeesandtrees.com\\\/#\\\/schema\\\/logo\\\/image\\\/\"},\"sameAs\":[\"https:\\\/\\\/www.facebook.com\\\/beesandtrees.al\",\"https:\\\/\\\/www.instagram.com\\\/beesandtrees_biocosmetics\\\/\"]}]}<\/script>\n<!-- \/ Yoast SEO plugin. -->","yoast_head_json":{"title":"ORGANIC ANTIWRINKLE MASK 125ml P\u00cbR \u00c7DO LLOJ L\u00cbKURE - Bees &amp; Trees","description":"Organic moisturizing white clay mask with\u00a0luminous,\u00a0protective and nourishing action. It\u00a0leaves\u00a0your\u00a0skin\u00a0soft and\u00a0silky.","robots":{"index":"index","follow":"follow","max-snippet":"max-snippet:-1","max-image-preview":"max-image-preview:large","max-video-preview":"max-video-preview:-1"},"canonical":"https:\/\/shopbeesandtrees.com\/al\/produkt\/organic-antiwrinkle-mask\/","og_locale":"sq_AL","og_type":"article","og_title":"ORGANIC ANTIWRINKLE MASK 125ml P\u00cbR \u00c7DO LLOJ L\u00cbKURE - Bees &amp; Trees","og_description":"Organic moisturizing white clay mask with\u00a0luminous,\u00a0protective and nourishing action. It\u00a0leaves\u00a0your\u00a0skin\u00a0soft and\u00a0silky.","og_url":"https:\/\/shopbeesandtrees.com\/al\/produkt\/organic-antiwrinkle-mask\/","og_site_name":"Bees &amp; Trees","article_publisher":"https:\/\/www.facebook.com\/beesandtrees.al","article_modified_time":"2026-04-03T10:29:41+00:00","og_image":[{"width":2560,"height":2560,"url":"https:\/\/shopbeesandtrees.com\/wp-content\/uploads\/2021\/09\/mask-scaled-1.jpg","type":"image\/jpeg"}],"twitter_card":"summary_large_image","twitter_misc":{"Est. reading time":"2 minuta"},"schema":{"@context":"https:\/\/schema.org","@graph":[{"@type":"WebPage","@id":"https:\/\/shopbeesandtrees.com\/product\/organic-antiwrinkle-mask\/","url":"https:\/\/shopbeesandtrees.com\/product\/organic-antiwrinkle-mask\/","name":"ORGANIC ANTIWRINKLE MASK 125ml P\u00cbR \u00c7DO LLOJ L\u00cbKURE - Bees &amp; Trees","isPartOf":{"@id":"https:\/\/shopbeesandtrees.com\/#website"},"primaryImageOfPage":{"@id":"https:\/\/shopbeesandtrees.com\/product\/organic-antiwrinkle-mask\/#primaryimage"},"image":{"@id":"https:\/\/shopbeesandtrees.com\/product\/organic-antiwrinkle-mask\/#primaryimage"},"thumbnailUrl":"https:\/\/shopbeesandtrees.com\/wp-content\/uploads\/2021\/09\/mask-scaled-1.jpg","datePublished":"2021-09-16T08:18:28+00:00","dateModified":"2026-04-03T10:29:41+00:00","description":"Organic moisturizing white clay mask with\u00a0luminous,\u00a0protective and nourishing action. It\u00a0leaves\u00a0your\u00a0skin\u00a0soft and\u00a0silky.","breadcrumb":{"@id":"https:\/\/shopbeesandtrees.com\/product\/organic-antiwrinkle-mask\/#breadcrumb"},"inLanguage":"sq","potentialAction":[{"@type":"ReadAction","target":["https:\/\/shopbeesandtrees.com\/product\/organic-antiwrinkle-mask\/"]}]},{"@type":"ImageObject","inLanguage":"sq","@id":"https:\/\/shopbeesandtrees.com\/product\/organic-antiwrinkle-mask\/#primaryimage","url":"https:\/\/shopbeesandtrees.com\/wp-content\/uploads\/2021\/09\/mask-scaled-1.jpg","contentUrl":"https:\/\/shopbeesandtrees.com\/wp-content\/uploads\/2021\/09\/mask-scaled-1.jpg","width":2560,"height":2560},{"@type":"BreadcrumbList","@id":"https:\/\/shopbeesandtrees.com\/product\/organic-antiwrinkle-mask\/#breadcrumb","itemListElement":[{"@type":"ListItem","position":1,"name":"Home","item":"https:\/\/shopbeesandtrees.com\/"},{"@type":"ListItem","position":2,"name":"Products","item":"https:\/\/shopbeesandtrees.com\/shop\/"},{"@type":"ListItem","position":3,"name":"ORGANIC ANTIWRINKLE MASK 125ml P\u00cbR \u00c7DO LLOJ L\u00cbKURE"}]},{"@type":"WebSite","@id":"https:\/\/shopbeesandtrees.com\/#website","url":"https:\/\/shopbeesandtrees.com\/","name":"Bees & Trees","description":"Duaje Veten Natyrsh\u00ebm","publisher":{"@id":"https:\/\/shopbeesandtrees.com\/#organization"},"potentialAction":[{"@type":"SearchAction","target":{"@type":"EntryPoint","urlTemplate":"https:\/\/shopbeesandtrees.com\/?s={search_term_string}"},"query-input":{"@type":"PropertyValueSpecification","valueRequired":true,"valueName":"search_term_string"}}],"inLanguage":"sq"},{"@type":"Organization","@id":"https:\/\/shopbeesandtrees.com\/#organization","name":"Bees & Trees","url":"https:\/\/shopbeesandtrees.com\/","logo":{"@type":"ImageObject","inLanguage":"sq","@id":"https:\/\/shopbeesandtrees.com\/#\/schema\/logo\/image\/","url":"https:\/\/i0.wp.com\/shopbeesandtrees.com\/wp-content\/uploads\/2022\/10\/bees-and-trees-bio-cosmetics-black-logo.png?fit=4402%2C1189&ssl=1","contentUrl":"https:\/\/i0.wp.com\/shopbeesandtrees.com\/wp-content\/uploads\/2022\/10\/bees-and-trees-bio-cosmetics-black-logo.png?fit=4402%2C1189&ssl=1","width":4402,"height":1189,"caption":"Bees & Trees"},"image":{"@id":"https:\/\/shopbeesandtrees.com\/#\/schema\/logo\/image\/"},"sameAs":["https:\/\/www.facebook.com\/beesandtrees.al","https:\/\/www.instagram.com\/beesandtrees_biocosmetics\/"]}]}},"_links":{"self":[{"href":"https:\/\/shopbeesandtrees.com\/al\/wp-json\/wp\/v2\/product\/9708","targetHints":{"allow":["GET"]}}],"collection":[{"href":"https:\/\/shopbeesandtrees.com\/al\/wp-json\/wp\/v2\/product"}],"about":[{"href":"https:\/\/shopbeesandtrees.com\/al\/wp-json\/wp\/v2\/types\/product"}],"replies":[{"embeddable":true,"href":"https:\/\/shopbeesandtrees.com\/al\/wp-json\/wp\/v2\/comments?post=9708"}],"version-history":[{"count":6,"href":"https:\/\/shopbeesandtrees.com\/al\/wp-json\/wp\/v2\/product\/9708\/revisions"}],"predecessor-version":[{"id":14053,"href":"https:\/\/shopbeesandtrees.com\/al\/wp-json\/wp\/v2\/product\/9708\/revisions\/14053"}],"wp:featuredmedia":[{"embeddable":true,"href":"https:\/\/shopbeesandtrees.com\/al\/wp-json\/wp\/v2\/media\/9738"}],"wp:attachment":[{"href":"https:\/\/shopbeesandtrees.com\/al\/wp-json\/wp\/v2\/media?parent=9708"}],"wp:term":[{"taxonomy":"product_brand","embeddable":true,"href":"https:\/\/shopbeesandtrees.com\/al\/wp-json\/wp\/v2\/product_brand?post=9708"},{"taxonomy":"product_cat","embeddable":true,"href":"https:\/\/shopbeesandtrees.com\/al\/wp-json\/wp\/v2\/product_cat?post=9708"},{"taxonomy":"product_tag","embeddable":true,"href":"https:\/\/shopbeesandtrees.com\/al\/wp-json\/wp\/v2\/product_tag?post=9708"}],"curies":[{"name":"wp","href":"https:\/\/api.w.org\/{rel}","templated":true}]}}