{"id":13815,"date":"2025-01-24T10:48:22","date_gmt":"2025-01-24T09:48:22","guid":{"rendered":"https:\/\/shopbeesandtrees.com\/?post_type=product&#038;p=13815"},"modified":"2025-08-26T10:04:13","modified_gmt":"2025-08-26T08:04:13","slug":"organic-cleansing-foam-100ml","status":"publish","type":"product","link":"https:\/\/shopbeesandtrees.com\/al\/produkt\/organic-cleansing-foam-100ml\/","title":{"rendered":"ORGANIC CLEANSING FOAM 100ml P\u00cbR L\u00cbKUR\u00cb NORMALE \/ T\u00cb THAT\u00cb \/ T\u00cb NDJESHME\u200b"},"content":{"rendered":"<p><strong>P\u00ebrdorimi:<\/strong>: aplikoni 2-3 doza nga shkuma dhe masazhojeni n\u00eb fytyr\u00eb dhe qaf\u00eb t\u00eb lagur. Masazhojeni me l\u00ebvizje rrethore p\u00ebr t\u00eb pastruar papast\u00ebrtit\u00eb, dhe shp\u00eblajeni me uj\u00eb t\u00eb mjaftuesh\u00ebm. Sugjerojm\u00eb t\u00eb p\u00ebrdoret n\u00eb mbr\u00ebmje. N\u00eb m\u00ebngjes mund t\u00eb p\u00ebrdorni tonikun sipas llojit tuaj t\u00eb l\u00ebkur\u00ebs p\u00ebr t\u00eb hequr yndyr\u00ebn e tep\u00ebrt t\u00eb sekretuar gjat\u00eb mbr\u00ebmjes, prandaj lar\u00ebsi shkumues nuk \u00ebsht\u00eb i nevojsh\u00ebm n\u00eb m\u00ebngjes.<\/p>\n<p>Sugjerim p\u00ebr <strong>l\u00ebkur\u00eb t\u00eb kombinuar<\/strong> : P\u00ebrdoreni n\u00eb kombinim me<a href=\"https:\/\/shopbeesandtrees.com\/product\/organic-lavender-facial-tonic\/\"> Organic Lavender Facial Tonic<\/a>\u00a0pas aplikimit.<br \/>\nSugjerim p\u00ebr <strong>l\u00ebkur\u00eb normale n\u00eb t\u00eb that\u00eb<\/strong> : P\u00ebrdoreni n\u00eb kombinim me <a href=\"https:\/\/shopbeesandtrees.com\/product\/organic-chamomile-facial-tonic\/\">Organic Chamomile Facial Tonic<\/a>\u00a0pas aplikimit.<\/p>\n<p>&nbsp;<\/p>\n<p>P\u00ebrb\u00ebr\u00ebsit: <a href=\"https:\/\/shopbeesandtrees.com\/al\/2022\/09\/13\/aqua-water\/\">Aqua (Water)<\/a>, <a href=\"https:\/\/shopbeesandtrees.com\/al\/2022\/09\/19\/lavandula-angustifolia-lavender-flower-water\/?v=7fdf05ba5539\">Lavandula angustifolia flower water<\/a>,\u00a0<a href=\"https:\/\/shopbeesandtrees.com\/al\/2022\/09\/14\/decyl-glucoside\/\">Decyl glucoside,<\/a> <a href=\"https:\/\/shopbeesandtrees.com\/al\/2022\/09\/16\/glycerin\/\">Glycerin<\/a>, <a href=\"https:\/\/shopbeesandtrees.com\/al\/2022\/09\/19\/sodium-cocoamphoacetate\/\">Sodium cocoamphoacetate,<\/a> <a href=\"https:\/\/shopbeesandtrees.com\/al\/2022\/09\/17\/hydrolyzed-verbascum-thapsus-flower\/\">Hydrolyzed verbascum thapsus flower*,<\/a> <a href=\"https:\/\/shopbeesandtrees.com\/al\/2022\/09\/16\/echinacea-pallida-extract\/\">Echinaceapallida extract*,<\/a> <a href=\"https:\/\/shopbeesandtrees.com\/al\/2022\/09\/13\/achillea-millefolium-extract\/\">Achillea millefolium extract*<\/a>, <a href=\"https:\/\/shopbeesandtrees.com\/al\/2022\/09\/13\/calendula-officinalis-flower-extract\/\">Calendula officinalis flower extract*,<\/a> <a href=\"https:\/\/shopbeesandtrees.com\/al\/2022\/09\/19\/tilia-tomentosa-extract\/\">Tilia tomentosa extract*,<\/a> <a href=\"https:\/\/shopbeesandtrees.com\/al\/2022\/09\/14\/citric-acid\/\">Citric acid,<\/a><a href=\"https:\/\/shopbeesandtrees.com\/al\/2022\/09\/19\/sodium-chloride\/\"> Sodium chloride,<\/a> <a href=\"https:\/\/shopbeesandtrees.com\/al\/2022\/09\/19\/sodium-lauroyl-glutamate\/\">Sodium lauroyl glutamate<\/a>, <a href=\"https:\/\/shopbeesandtrees.com\/al\/2022\/09\/19\/sodium-levulinate\/\">Sodium levulinate<\/a>, <a href=\"https:\/\/shopbeesandtrees.com\/al\/2022\/09\/19\/sodium-anisate\/\">Sodium anisate,<\/a> <a href=\"https:\/\/shopbeesandtrees.com\/al\/2022\/09\/19\/sodium-phytate\/\">Sodium phytate,<\/a> Parfum (Fragrance).<br \/>\n<em>*Organic ingredients\u00a0<\/em><\/p>\n<p>&nbsp;<\/p>\n<div class=\"page\" title=\"Page 1\">\n<div class=\"layoutArea\">\n<div class=\"column\">\n<div class=\"page\" title=\"Page 1\">\n<div class=\"layoutArea\">\n<div class=\"column\">\n<p>Dermatologjikisht i testuar n\u00eb BE.<br \/>\n*Pa konservues**<br \/>\n*Pa SLS dhe SLES<br \/>\n*Pa derivate te naft\u00ebs, vaj\u00ebra mineral apo lanolin\u00eb<br \/>\n*Pa ngjyrues<br \/>\n*Aromatizues me origjin\u00eb 100% natyrale<br \/>\n*Me p\u00ebrb\u00ebrje 94,8% NATYRALE<br \/>\n*Me p\u00ebrb\u00ebrje 0,98% ORGANIKE<\/p>\n<\/div>\n<\/div>\n<\/div>\n<\/div>\n<\/div>\n<\/div>\n<p><em>**Produkti \u00ebsht\u00eb i konservuar me substanca natyrale t\u00eb cilat nuk ndodhen n\u00eb list\u00ebn e konservuesve<\/em><\/p>","protected":false},"excerpt":{"rendered":"<p>Lar\u00ebs shkumues shum\u00eb i ndjesh\u00ebm dhe delikat. Pastron thell\u00ebsisht l\u00ebkur\u00ebn duke e l\u00ebn\u00eb t\u00eb but\u00eb dhe hidratuar. I p\u00ebrshtatsh\u00ebm p\u00ebr \u00e7do lloj l\u00ebkure, n\u00eb ve\u00e7anti ato t\u00eb kombinuara, normale dhe t\u00eb thata. Nuk e than\u00eb l\u00ebkur\u00ebn.<\/p>\n<p>100ml<\/p>\n<p>&nbsp;<\/p>","protected":false},"featured_media":9742,"comment_status":"open","ping_status":"closed","template":"","meta":{"_eb_attr":"","om_disable_all_campaigns":false,"_monsterinsights_skip_tracking":false,"_monsterinsights_sitenote_active":false,"_monsterinsights_sitenote_note":"","_monsterinsights_sitenote_category":0,"_uf_show_specific_survey":0,"_uf_disable_surveys":false},"product_brand":[],"product_cat":[44],"product_tag":[],"class_list":{"0":"post-13815","1":"product","2":"type-product","3":"status-publish","4":"has-post-thumbnail","6":"product_cat-organic","8":"first","9":"instock","10":"sale","11":"shipping-taxable","12":"purchasable","13":"product-type-simple"},"aioseo_notices":[],"yoast_head":"<!-- This site is optimized with the Yoast SEO plugin v27.3 - https:\/\/yoast.com\/product\/yoast-seo-wordpress\/ -->\n<title>ORGANIC CLEANSING FOAM 100ml P\u00cbR L\u00cbKUR\u00cb NORMALE \/ T\u00cb THAT\u00cb \/ T\u00cb NDJESHME\u200b - Bees &amp; Trees<\/title>\n<meta name=\"robots\" content=\"index, follow, max-snippet:-1, max-image-preview:large, max-video-preview:-1\" \/>\n<link rel=\"canonical\" href=\"https:\/\/shopbeesandtrees.com\/al\/produkt\/organic-cleansing-foam-100ml\/\" \/>\n<meta property=\"og:locale\" content=\"sq_AL\" \/>\n<meta property=\"og:type\" content=\"article\" \/>\n<meta property=\"og:title\" content=\"ORGANIC CLEANSING FOAM 100ml P\u00cbR L\u00cbKUR\u00cb NORMALE \/ T\u00cb THAT\u00cb \/ T\u00cb NDJESHME\u200b - Bees &amp; Trees\" \/>\n<meta property=\"og:description\" content=\"Extremely soft and pleasant organic cleansing foam. It provides a gentle and deep cleansing of the face with toning and moisturizing effect. It&#039;s suitable for every skin type, especially combined, normal and dry skin (doesn&#039;t dry out skin).  100ml  &nbsp;\" \/>\n<meta property=\"og:url\" content=\"https:\/\/shopbeesandtrees.com\/al\/produkt\/organic-cleansing-foam-100ml\/\" \/>\n<meta property=\"og:site_name\" content=\"Bees &amp; Trees\" \/>\n<meta property=\"article:publisher\" content=\"https:\/\/www.facebook.com\/beesandtrees.al\" \/>\n<meta property=\"article:modified_time\" content=\"2025-08-26T08:04:13+00:00\" \/>\n<meta property=\"og:image\" content=\"https:\/\/shopbeesandtrees.com\/wp-content\/uploads\/2021\/09\/Bees-4214-scaled-1.jpg\" \/>\n\t<meta property=\"og:image:width\" content=\"2560\" \/>\n\t<meta property=\"og:image:height\" content=\"2560\" \/>\n\t<meta property=\"og:image:type\" content=\"image\/jpeg\" \/>\n<meta name=\"twitter:card\" content=\"summary_large_image\" \/>\n<meta name=\"twitter:label1\" content=\"Est. reading time\" \/>\n\t<meta name=\"twitter:data1\" content=\"2 minuta\" \/>\n<script type=\"application\/ld+json\" class=\"yoast-schema-graph\">{\"@context\":\"https:\\\/\\\/schema.org\",\"@graph\":[{\"@type\":\"WebPage\",\"@id\":\"https:\\\/\\\/shopbeesandtrees.com\\\/product\\\/organic-cleansing-foam-100ml\\\/\",\"url\":\"https:\\\/\\\/shopbeesandtrees.com\\\/product\\\/organic-cleansing-foam-100ml\\\/\",\"name\":\"ORGANIC CLEANSING FOAM 100ml P\u00cbR L\u00cbKUR\u00cb NORMALE \\\/ T\u00cb THAT\u00cb \\\/ T\u00cb NDJESHME\u200b - Bees &amp; Trees\",\"isPartOf\":{\"@id\":\"https:\\\/\\\/shopbeesandtrees.com\\\/#website\"},\"primaryImageOfPage\":{\"@id\":\"https:\\\/\\\/shopbeesandtrees.com\\\/product\\\/organic-cleansing-foam-100ml\\\/#primaryimage\"},\"image\":{\"@id\":\"https:\\\/\\\/shopbeesandtrees.com\\\/product\\\/organic-cleansing-foam-100ml\\\/#primaryimage\"},\"thumbnailUrl\":\"https:\\\/\\\/shopbeesandtrees.com\\\/wp-content\\\/uploads\\\/2021\\\/09\\\/Bees-4214-scaled-1.jpg\",\"datePublished\":\"2025-01-24T09:48:22+00:00\",\"dateModified\":\"2025-08-26T08:04:13+00:00\",\"breadcrumb\":{\"@id\":\"https:\\\/\\\/shopbeesandtrees.com\\\/product\\\/organic-cleansing-foam-100ml\\\/#breadcrumb\"},\"inLanguage\":\"sq\",\"potentialAction\":[{\"@type\":\"ReadAction\",\"target\":[\"https:\\\/\\\/shopbeesandtrees.com\\\/product\\\/organic-cleansing-foam-100ml\\\/\"]}]},{\"@type\":\"ImageObject\",\"inLanguage\":\"sq\",\"@id\":\"https:\\\/\\\/shopbeesandtrees.com\\\/product\\\/organic-cleansing-foam-100ml\\\/#primaryimage\",\"url\":\"https:\\\/\\\/shopbeesandtrees.com\\\/wp-content\\\/uploads\\\/2021\\\/09\\\/Bees-4214-scaled-1.jpg\",\"contentUrl\":\"https:\\\/\\\/shopbeesandtrees.com\\\/wp-content\\\/uploads\\\/2021\\\/09\\\/Bees-4214-scaled-1.jpg\",\"width\":2560,\"height\":2560},{\"@type\":\"BreadcrumbList\",\"@id\":\"https:\\\/\\\/shopbeesandtrees.com\\\/product\\\/organic-cleansing-foam-100ml\\\/#breadcrumb\",\"itemListElement\":[{\"@type\":\"ListItem\",\"position\":1,\"name\":\"Home\",\"item\":\"https:\\\/\\\/shopbeesandtrees.com\\\/\"},{\"@type\":\"ListItem\",\"position\":2,\"name\":\"Products\",\"item\":\"https:\\\/\\\/shopbeesandtrees.com\\\/shop\\\/\"},{\"@type\":\"ListItem\",\"position\":3,\"name\":\"ORGANIC CLEANSING FOAM 100ml P\u00cbR L\u00cbKUR\u00cb NORMALE \\\/ T\u00cb THAT\u00cb \\\/ T\u00cb NDJESHME\u200b\"}]},{\"@type\":\"WebSite\",\"@id\":\"https:\\\/\\\/shopbeesandtrees.com\\\/#website\",\"url\":\"https:\\\/\\\/shopbeesandtrees.com\\\/\",\"name\":\"Bees & Trees\",\"description\":\"Love Yourself Organically\",\"publisher\":{\"@id\":\"https:\\\/\\\/shopbeesandtrees.com\\\/#organization\"},\"potentialAction\":[{\"@type\":\"SearchAction\",\"target\":{\"@type\":\"EntryPoint\",\"urlTemplate\":\"https:\\\/\\\/shopbeesandtrees.com\\\/?s={search_term_string}\"},\"query-input\":{\"@type\":\"PropertyValueSpecification\",\"valueRequired\":true,\"valueName\":\"search_term_string\"}}],\"inLanguage\":\"sq\"},{\"@type\":\"Organization\",\"@id\":\"https:\\\/\\\/shopbeesandtrees.com\\\/#organization\",\"name\":\"Bees & Trees\",\"url\":\"https:\\\/\\\/shopbeesandtrees.com\\\/\",\"logo\":{\"@type\":\"ImageObject\",\"inLanguage\":\"sq\",\"@id\":\"https:\\\/\\\/shopbeesandtrees.com\\\/#\\\/schema\\\/logo\\\/image\\\/\",\"url\":\"https:\\\/\\\/i0.wp.com\\\/shopbeesandtrees.com\\\/wp-content\\\/uploads\\\/2022\\\/10\\\/bees-and-trees-bio-cosmetics-black-logo.png?fit=4402%2C1189&ssl=1\",\"contentUrl\":\"https:\\\/\\\/i0.wp.com\\\/shopbeesandtrees.com\\\/wp-content\\\/uploads\\\/2022\\\/10\\\/bees-and-trees-bio-cosmetics-black-logo.png?fit=4402%2C1189&ssl=1\",\"width\":4402,\"height\":1189,\"caption\":\"Bees & Trees\"},\"image\":{\"@id\":\"https:\\\/\\\/shopbeesandtrees.com\\\/#\\\/schema\\\/logo\\\/image\\\/\"},\"sameAs\":[\"https:\\\/\\\/www.facebook.com\\\/beesandtrees.al\",\"https:\\\/\\\/www.instagram.com\\\/beesandtrees_biocosmetics\\\/\"]}]}<\/script>\n<!-- \/ Yoast SEO plugin. -->","yoast_head_json":{"title":"ORGANIC CLEANSING FOAM 100ml P\u00cbR L\u00cbKUR\u00cb NORMALE \/ T\u00cb THAT\u00cb \/ T\u00cb NDJESHME\u200b - Bees &amp; Trees","robots":{"index":"index","follow":"follow","max-snippet":"max-snippet:-1","max-image-preview":"max-image-preview:large","max-video-preview":"max-video-preview:-1"},"canonical":"https:\/\/shopbeesandtrees.com\/al\/produkt\/organic-cleansing-foam-100ml\/","og_locale":"sq_AL","og_type":"article","og_title":"ORGANIC CLEANSING FOAM 100ml P\u00cbR L\u00cbKUR\u00cb NORMALE \/ T\u00cb THAT\u00cb \/ T\u00cb NDJESHME\u200b - Bees &amp; Trees","og_description":"Extremely soft and pleasant organic cleansing foam. It provides a gentle and deep cleansing of the face with toning and moisturizing effect. It's suitable for every skin type, especially combined, normal and dry skin (doesn't dry out skin).  100ml  &nbsp;","og_url":"https:\/\/shopbeesandtrees.com\/al\/produkt\/organic-cleansing-foam-100ml\/","og_site_name":"Bees &amp; Trees","article_publisher":"https:\/\/www.facebook.com\/beesandtrees.al","article_modified_time":"2025-08-26T08:04:13+00:00","og_image":[{"width":2560,"height":2560,"url":"https:\/\/shopbeesandtrees.com\/wp-content\/uploads\/2021\/09\/Bees-4214-scaled-1.jpg","type":"image\/jpeg"}],"twitter_card":"summary_large_image","twitter_misc":{"Est. reading time":"2 minuta"},"schema":{"@context":"https:\/\/schema.org","@graph":[{"@type":"WebPage","@id":"https:\/\/shopbeesandtrees.com\/product\/organic-cleansing-foam-100ml\/","url":"https:\/\/shopbeesandtrees.com\/product\/organic-cleansing-foam-100ml\/","name":"ORGANIC CLEANSING FOAM 100ml P\u00cbR L\u00cbKUR\u00cb NORMALE \/ T\u00cb THAT\u00cb \/ T\u00cb NDJESHME\u200b - Bees &amp; Trees","isPartOf":{"@id":"https:\/\/shopbeesandtrees.com\/#website"},"primaryImageOfPage":{"@id":"https:\/\/shopbeesandtrees.com\/product\/organic-cleansing-foam-100ml\/#primaryimage"},"image":{"@id":"https:\/\/shopbeesandtrees.com\/product\/organic-cleansing-foam-100ml\/#primaryimage"},"thumbnailUrl":"https:\/\/shopbeesandtrees.com\/wp-content\/uploads\/2021\/09\/Bees-4214-scaled-1.jpg","datePublished":"2025-01-24T09:48:22+00:00","dateModified":"2025-08-26T08:04:13+00:00","breadcrumb":{"@id":"https:\/\/shopbeesandtrees.com\/product\/organic-cleansing-foam-100ml\/#breadcrumb"},"inLanguage":"sq","potentialAction":[{"@type":"ReadAction","target":["https:\/\/shopbeesandtrees.com\/product\/organic-cleansing-foam-100ml\/"]}]},{"@type":"ImageObject","inLanguage":"sq","@id":"https:\/\/shopbeesandtrees.com\/product\/organic-cleansing-foam-100ml\/#primaryimage","url":"https:\/\/shopbeesandtrees.com\/wp-content\/uploads\/2021\/09\/Bees-4214-scaled-1.jpg","contentUrl":"https:\/\/shopbeesandtrees.com\/wp-content\/uploads\/2021\/09\/Bees-4214-scaled-1.jpg","width":2560,"height":2560},{"@type":"BreadcrumbList","@id":"https:\/\/shopbeesandtrees.com\/product\/organic-cleansing-foam-100ml\/#breadcrumb","itemListElement":[{"@type":"ListItem","position":1,"name":"Home","item":"https:\/\/shopbeesandtrees.com\/"},{"@type":"ListItem","position":2,"name":"Products","item":"https:\/\/shopbeesandtrees.com\/shop\/"},{"@type":"ListItem","position":3,"name":"ORGANIC CLEANSING FOAM 100ml P\u00cbR L\u00cbKUR\u00cb NORMALE \/ T\u00cb THAT\u00cb \/ T\u00cb NDJESHME\u200b"}]},{"@type":"WebSite","@id":"https:\/\/shopbeesandtrees.com\/#website","url":"https:\/\/shopbeesandtrees.com\/","name":"Bees & Trees","description":"Duaje Veten Natyrsh\u00ebm","publisher":{"@id":"https:\/\/shopbeesandtrees.com\/#organization"},"potentialAction":[{"@type":"SearchAction","target":{"@type":"EntryPoint","urlTemplate":"https:\/\/shopbeesandtrees.com\/?s={search_term_string}"},"query-input":{"@type":"PropertyValueSpecification","valueRequired":true,"valueName":"search_term_string"}}],"inLanguage":"sq"},{"@type":"Organization","@id":"https:\/\/shopbeesandtrees.com\/#organization","name":"Bees & Trees","url":"https:\/\/shopbeesandtrees.com\/","logo":{"@type":"ImageObject","inLanguage":"sq","@id":"https:\/\/shopbeesandtrees.com\/#\/schema\/logo\/image\/","url":"https:\/\/i0.wp.com\/shopbeesandtrees.com\/wp-content\/uploads\/2022\/10\/bees-and-trees-bio-cosmetics-black-logo.png?fit=4402%2C1189&ssl=1","contentUrl":"https:\/\/i0.wp.com\/shopbeesandtrees.com\/wp-content\/uploads\/2022\/10\/bees-and-trees-bio-cosmetics-black-logo.png?fit=4402%2C1189&ssl=1","width":4402,"height":1189,"caption":"Bees & Trees"},"image":{"@id":"https:\/\/shopbeesandtrees.com\/#\/schema\/logo\/image\/"},"sameAs":["https:\/\/www.facebook.com\/beesandtrees.al","https:\/\/www.instagram.com\/beesandtrees_biocosmetics\/"]}]}},"_links":{"self":[{"href":"https:\/\/shopbeesandtrees.com\/al\/wp-json\/wp\/v2\/product\/13815","targetHints":{"allow":["GET"]}}],"collection":[{"href":"https:\/\/shopbeesandtrees.com\/al\/wp-json\/wp\/v2\/product"}],"about":[{"href":"https:\/\/shopbeesandtrees.com\/al\/wp-json\/wp\/v2\/types\/product"}],"replies":[{"embeddable":true,"href":"https:\/\/shopbeesandtrees.com\/al\/wp-json\/wp\/v2\/comments?post=13815"}],"version-history":[{"count":2,"href":"https:\/\/shopbeesandtrees.com\/al\/wp-json\/wp\/v2\/product\/13815\/revisions"}],"predecessor-version":[{"id":13834,"href":"https:\/\/shopbeesandtrees.com\/al\/wp-json\/wp\/v2\/product\/13815\/revisions\/13834"}],"wp:featuredmedia":[{"embeddable":true,"href":"https:\/\/shopbeesandtrees.com\/al\/wp-json\/wp\/v2\/media\/9742"}],"wp:attachment":[{"href":"https:\/\/shopbeesandtrees.com\/al\/wp-json\/wp\/v2\/media?parent=13815"}],"wp:term":[{"taxonomy":"product_brand","embeddable":true,"href":"https:\/\/shopbeesandtrees.com\/al\/wp-json\/wp\/v2\/product_brand?post=13815"},{"taxonomy":"product_cat","embeddable":true,"href":"https:\/\/shopbeesandtrees.com\/al\/wp-json\/wp\/v2\/product_cat?post=13815"},{"taxonomy":"product_tag","embeddable":true,"href":"https:\/\/shopbeesandtrees.com\/al\/wp-json\/wp\/v2\/product_tag?post=13815"}],"curies":[{"name":"wp","href":"https:\/\/api.w.org\/{rel}","templated":true}]}}