{"id":13782,"date":"2025-01-06T15:57:06","date_gmt":"2025-01-06T14:57:06","guid":{"rendered":"https:\/\/shopbeesandtrees.com\/?post_type=product&#038;p=13782"},"modified":"2026-04-03T12:28:47","modified_gmt":"2026-04-03T10:28:47","slug":"organic-lavender-facial-tonic-200ml","status":"publish","type":"product","link":"https:\/\/shopbeesandtrees.com\/al\/produkt\/organic-lavender-facial-tonic-200ml\/","title":{"rendered":"ORGANIC LAVENDER FACIAL TONIC 100ml P\u00cbR \u00c7DO LLOJ L\u00cbKURE"},"content":{"rendered":"<p><strong>How to use:<\/strong> Lagni nj\u00eb cop\u00ebz pambuku me tonik dhe aplikojeni n\u00eb fytyr\u00eb dhe qaf\u00eb. Nuk \u00ebsht\u00eb e nevojshme t\u00eb shp\u00eblahet pas aplikimit.<br \/>\nP\u00ebr t\u00eb mbrojtur balancin hidro-lipidik t\u00eb l\u00ebkur\u00ebs, sugjerojm\u00eb ta p\u00ebrdorni n\u00eb kombinim me <a href=\"https:\/\/shopbeesandtrees.com\/product\/organic-regenerating-serum\/\">Organic Regenerating Serum<\/a> dhe <a href=\"https:\/\/shopbeesandtrees.com\/product\/organic-moisturizing-cream\/\">Organic Moisturizing Cream<\/a> pas aplikimit.<\/p>\n<p>P\u00ebrb\u00ebr\u00ebsit: <a href=\"https:\/\/shopbeesandtrees.com\/al\/2022\/09\/19\/lavandula-angustifolia-lavender-flower-water\/\">Lavandula angustifolia flower water<\/a>, <a href=\"https:\/\/shopbeesandtrees.com\/al\/2022\/09\/13\/benzyl-alcohol\/\">Benzyl alcohol<\/a>, <a href=\"https:\/\/shopbeesandtrees.com\/al\/2022\/09\/19\/sodium-benzoate\/\">Sodium benzoate<\/a>, <a href=\"https:\/\/shopbeesandtrees.com\/al\/2022\/09\/19\/potassium-sorbate\/\">Potassium sorbate<\/a>.<\/p>\n<p>&nbsp;<\/p>\n<p>*Pa konservues**<\/p>\n<p>*Aromatizues me origjin\u00eb 100% natyrale<\/p>\n<p>*Me p\u00ebrb\u00ebrje 98,9% NATYRALE<\/p>\n<p>*Me p\u00ebrb\u00ebrje 98,9% ORGANIKE*<\/p>\n<p><em>**Produkti \u00ebsht\u00eb i konservuar me substanca natyrale t\u00eb cilat nuk ndodhen n\u00eb list\u00ebn e konservuesve\u00a0<\/em><\/p>\n<p>&nbsp;<\/p>","protected":false},"excerpt":{"rendered":"<p>Hidrolat i past\u00ebr dhe organik i Livandos, i p\u00ebrshtatsh\u00ebm p\u00ebr \u00e7do lloj l\u00ebkure, n\u00eb ve\u00e7anti ato t\u00eb kombinuara dhe proakneike. Ndihmon me ekuilibrimin e yndyr\u00ebs, qet\u00ebson inflamacionin dhe skuqjet t\u00eb l\u00ebkurat proakneike.<\/p>\n<p>100ml<\/p>","protected":false},"featured_media":9745,"comment_status":"open","ping_status":"closed","template":"","meta":{"_eb_attr":"","om_disable_all_campaigns":false,"_monsterinsights_skip_tracking":false,"_monsterinsights_sitenote_active":false,"_monsterinsights_sitenote_note":"","_monsterinsights_sitenote_category":0,"_uf_show_specific_survey":0,"_uf_disable_surveys":false},"product_brand":[],"product_cat":[44,65,50],"product_tag":[96,91],"class_list":{"0":"post-13782","1":"product","2":"type-product","3":"status-publish","4":"has-post-thumbnail","6":"product_cat-organic","7":"product_cat-skin-care","8":"product_cat-tonics","9":"product_tag-acneprone","10":"product_tag-combination","12":"first","13":"instock","14":"sale","15":"shipping-taxable","16":"purchasable","17":"product-type-simple"},"aioseo_notices":[],"yoast_head":"<!-- This site is optimized with the Yoast SEO plugin v27.3 - https:\/\/yoast.com\/product\/yoast-seo-wordpress\/ -->\n<title>ORGANIC LAVENDER FACIAL TONIC 100ml P\u00cbR \u00c7DO LLOJ L\u00cbKURE - Bees &amp; Trees<\/title>\n<meta name=\"robots\" content=\"index, follow, max-snippet:-1, max-image-preview:large, max-video-preview:-1\" \/>\n<link rel=\"canonical\" href=\"https:\/\/shopbeesandtrees.com\/al\/produkt\/organic-lavender-facial-tonic-200ml\/\" \/>\n<meta property=\"og:locale\" content=\"sq_AL\" \/>\n<meta property=\"og:type\" content=\"article\" \/>\n<meta property=\"og:title\" content=\"ORGANIC LAVENDER FACIAL TONIC 100ml P\u00cbR \u00c7DO LLOJ L\u00cbKURE - Bees &amp; Trees\" \/>\n<meta property=\"og:description\" content=\"Pure and organic Lavender Facial Tonic, good for all skin types, especially for combined and acne-prone skin. It helps with sebum control, calms redness on acne on skin.  100ml\" \/>\n<meta property=\"og:url\" content=\"https:\/\/shopbeesandtrees.com\/al\/produkt\/organic-lavender-facial-tonic-200ml\/\" \/>\n<meta property=\"og:site_name\" content=\"Bees &amp; Trees\" \/>\n<meta property=\"article:publisher\" content=\"https:\/\/www.facebook.com\/beesandtrees.al\" \/>\n<meta property=\"article:modified_time\" content=\"2026-04-03T10:28:47+00:00\" \/>\n<meta property=\"og:image\" content=\"https:\/\/shopbeesandtrees.com\/wp-content\/uploads\/2021\/09\/Livando-edited-copy-scaled-1.jpg\" \/>\n\t<meta property=\"og:image:width\" content=\"2560\" \/>\n\t<meta property=\"og:image:height\" content=\"2560\" \/>\n\t<meta property=\"og:image:type\" content=\"image\/jpeg\" \/>\n<meta name=\"twitter:card\" content=\"summary_large_image\" \/>\n<meta name=\"twitter:label1\" content=\"Est. reading time\" \/>\n\t<meta name=\"twitter:data1\" content=\"1 minut\u00eb\" \/>\n<script type=\"application\/ld+json\" class=\"yoast-schema-graph\">{\"@context\":\"https:\\\/\\\/schema.org\",\"@graph\":[{\"@type\":\"WebPage\",\"@id\":\"https:\\\/\\\/shopbeesandtrees.com\\\/product\\\/organic-lavender-facial-tonic-200ml\\\/\",\"url\":\"https:\\\/\\\/shopbeesandtrees.com\\\/product\\\/organic-lavender-facial-tonic-200ml\\\/\",\"name\":\"ORGANIC LAVENDER FACIAL TONIC 100ml P\u00cbR \u00c7DO LLOJ L\u00cbKURE - Bees &amp; Trees\",\"isPartOf\":{\"@id\":\"https:\\\/\\\/shopbeesandtrees.com\\\/#website\"},\"primaryImageOfPage\":{\"@id\":\"https:\\\/\\\/shopbeesandtrees.com\\\/product\\\/organic-lavender-facial-tonic-200ml\\\/#primaryimage\"},\"image\":{\"@id\":\"https:\\\/\\\/shopbeesandtrees.com\\\/product\\\/organic-lavender-facial-tonic-200ml\\\/#primaryimage\"},\"thumbnailUrl\":\"https:\\\/\\\/shopbeesandtrees.com\\\/wp-content\\\/uploads\\\/2021\\\/09\\\/Livando-edited-copy-scaled-1.jpg\",\"datePublished\":\"2025-01-06T14:57:06+00:00\",\"dateModified\":\"2026-04-03T10:28:47+00:00\",\"breadcrumb\":{\"@id\":\"https:\\\/\\\/shopbeesandtrees.com\\\/product\\\/organic-lavender-facial-tonic-200ml\\\/#breadcrumb\"},\"inLanguage\":\"sq\",\"potentialAction\":[{\"@type\":\"ReadAction\",\"target\":[\"https:\\\/\\\/shopbeesandtrees.com\\\/product\\\/organic-lavender-facial-tonic-200ml\\\/\"]}]},{\"@type\":\"ImageObject\",\"inLanguage\":\"sq\",\"@id\":\"https:\\\/\\\/shopbeesandtrees.com\\\/product\\\/organic-lavender-facial-tonic-200ml\\\/#primaryimage\",\"url\":\"https:\\\/\\\/shopbeesandtrees.com\\\/wp-content\\\/uploads\\\/2021\\\/09\\\/Livando-edited-copy-scaled-1.jpg\",\"contentUrl\":\"https:\\\/\\\/shopbeesandtrees.com\\\/wp-content\\\/uploads\\\/2021\\\/09\\\/Livando-edited-copy-scaled-1.jpg\",\"width\":2560,\"height\":2560},{\"@type\":\"BreadcrumbList\",\"@id\":\"https:\\\/\\\/shopbeesandtrees.com\\\/product\\\/organic-lavender-facial-tonic-200ml\\\/#breadcrumb\",\"itemListElement\":[{\"@type\":\"ListItem\",\"position\":1,\"name\":\"Home\",\"item\":\"https:\\\/\\\/shopbeesandtrees.com\\\/\"},{\"@type\":\"ListItem\",\"position\":2,\"name\":\"Products\",\"item\":\"https:\\\/\\\/shopbeesandtrees.com\\\/shop\\\/\"},{\"@type\":\"ListItem\",\"position\":3,\"name\":\"ORGANIC LAVENDER FACIAL TONIC 100ml P\u00cbR \u00c7DO LLOJ L\u00cbKURE\"}]},{\"@type\":\"WebSite\",\"@id\":\"https:\\\/\\\/shopbeesandtrees.com\\\/#website\",\"url\":\"https:\\\/\\\/shopbeesandtrees.com\\\/\",\"name\":\"Bees & Trees\",\"description\":\"Love Yourself Organically\",\"publisher\":{\"@id\":\"https:\\\/\\\/shopbeesandtrees.com\\\/#organization\"},\"potentialAction\":[{\"@type\":\"SearchAction\",\"target\":{\"@type\":\"EntryPoint\",\"urlTemplate\":\"https:\\\/\\\/shopbeesandtrees.com\\\/?s={search_term_string}\"},\"query-input\":{\"@type\":\"PropertyValueSpecification\",\"valueRequired\":true,\"valueName\":\"search_term_string\"}}],\"inLanguage\":\"sq\"},{\"@type\":\"Organization\",\"@id\":\"https:\\\/\\\/shopbeesandtrees.com\\\/#organization\",\"name\":\"Bees & Trees\",\"url\":\"https:\\\/\\\/shopbeesandtrees.com\\\/\",\"logo\":{\"@type\":\"ImageObject\",\"inLanguage\":\"sq\",\"@id\":\"https:\\\/\\\/shopbeesandtrees.com\\\/#\\\/schema\\\/logo\\\/image\\\/\",\"url\":\"https:\\\/\\\/i0.wp.com\\\/shopbeesandtrees.com\\\/wp-content\\\/uploads\\\/2022\\\/10\\\/bees-and-trees-bio-cosmetics-black-logo.png?fit=4402%2C1189&ssl=1\",\"contentUrl\":\"https:\\\/\\\/i0.wp.com\\\/shopbeesandtrees.com\\\/wp-content\\\/uploads\\\/2022\\\/10\\\/bees-and-trees-bio-cosmetics-black-logo.png?fit=4402%2C1189&ssl=1\",\"width\":4402,\"height\":1189,\"caption\":\"Bees & Trees\"},\"image\":{\"@id\":\"https:\\\/\\\/shopbeesandtrees.com\\\/#\\\/schema\\\/logo\\\/image\\\/\"},\"sameAs\":[\"https:\\\/\\\/www.facebook.com\\\/beesandtrees.al\",\"https:\\\/\\\/www.instagram.com\\\/beesandtrees_biocosmetics\\\/\"]}]}<\/script>\n<!-- \/ Yoast SEO plugin. -->","yoast_head_json":{"title":"ORGANIC LAVENDER FACIAL TONIC 100ml P\u00cbR \u00c7DO LLOJ L\u00cbKURE - Bees &amp; Trees","robots":{"index":"index","follow":"follow","max-snippet":"max-snippet:-1","max-image-preview":"max-image-preview:large","max-video-preview":"max-video-preview:-1"},"canonical":"https:\/\/shopbeesandtrees.com\/al\/produkt\/organic-lavender-facial-tonic-200ml\/","og_locale":"sq_AL","og_type":"article","og_title":"ORGANIC LAVENDER FACIAL TONIC 100ml P\u00cbR \u00c7DO LLOJ L\u00cbKURE - Bees &amp; Trees","og_description":"Pure and organic Lavender Facial Tonic, good for all skin types, especially for combined and acne-prone skin. It helps with sebum control, calms redness on acne on skin.  100ml","og_url":"https:\/\/shopbeesandtrees.com\/al\/produkt\/organic-lavender-facial-tonic-200ml\/","og_site_name":"Bees &amp; Trees","article_publisher":"https:\/\/www.facebook.com\/beesandtrees.al","article_modified_time":"2026-04-03T10:28:47+00:00","og_image":[{"width":2560,"height":2560,"url":"https:\/\/shopbeesandtrees.com\/wp-content\/uploads\/2021\/09\/Livando-edited-copy-scaled-1.jpg","type":"image\/jpeg"}],"twitter_card":"summary_large_image","twitter_misc":{"Est. reading time":"1 minut\u00eb"},"schema":{"@context":"https:\/\/schema.org","@graph":[{"@type":"WebPage","@id":"https:\/\/shopbeesandtrees.com\/product\/organic-lavender-facial-tonic-200ml\/","url":"https:\/\/shopbeesandtrees.com\/product\/organic-lavender-facial-tonic-200ml\/","name":"ORGANIC LAVENDER FACIAL TONIC 100ml P\u00cbR \u00c7DO LLOJ L\u00cbKURE - Bees &amp; Trees","isPartOf":{"@id":"https:\/\/shopbeesandtrees.com\/#website"},"primaryImageOfPage":{"@id":"https:\/\/shopbeesandtrees.com\/product\/organic-lavender-facial-tonic-200ml\/#primaryimage"},"image":{"@id":"https:\/\/shopbeesandtrees.com\/product\/organic-lavender-facial-tonic-200ml\/#primaryimage"},"thumbnailUrl":"https:\/\/shopbeesandtrees.com\/wp-content\/uploads\/2021\/09\/Livando-edited-copy-scaled-1.jpg","datePublished":"2025-01-06T14:57:06+00:00","dateModified":"2026-04-03T10:28:47+00:00","breadcrumb":{"@id":"https:\/\/shopbeesandtrees.com\/product\/organic-lavender-facial-tonic-200ml\/#breadcrumb"},"inLanguage":"sq","potentialAction":[{"@type":"ReadAction","target":["https:\/\/shopbeesandtrees.com\/product\/organic-lavender-facial-tonic-200ml\/"]}]},{"@type":"ImageObject","inLanguage":"sq","@id":"https:\/\/shopbeesandtrees.com\/product\/organic-lavender-facial-tonic-200ml\/#primaryimage","url":"https:\/\/shopbeesandtrees.com\/wp-content\/uploads\/2021\/09\/Livando-edited-copy-scaled-1.jpg","contentUrl":"https:\/\/shopbeesandtrees.com\/wp-content\/uploads\/2021\/09\/Livando-edited-copy-scaled-1.jpg","width":2560,"height":2560},{"@type":"BreadcrumbList","@id":"https:\/\/shopbeesandtrees.com\/product\/organic-lavender-facial-tonic-200ml\/#breadcrumb","itemListElement":[{"@type":"ListItem","position":1,"name":"Home","item":"https:\/\/shopbeesandtrees.com\/"},{"@type":"ListItem","position":2,"name":"Products","item":"https:\/\/shopbeesandtrees.com\/shop\/"},{"@type":"ListItem","position":3,"name":"ORGANIC LAVENDER FACIAL TONIC 100ml P\u00cbR \u00c7DO LLOJ L\u00cbKURE"}]},{"@type":"WebSite","@id":"https:\/\/shopbeesandtrees.com\/#website","url":"https:\/\/shopbeesandtrees.com\/","name":"Bees & Trees","description":"Duaje Veten Natyrsh\u00ebm","publisher":{"@id":"https:\/\/shopbeesandtrees.com\/#organization"},"potentialAction":[{"@type":"SearchAction","target":{"@type":"EntryPoint","urlTemplate":"https:\/\/shopbeesandtrees.com\/?s={search_term_string}"},"query-input":{"@type":"PropertyValueSpecification","valueRequired":true,"valueName":"search_term_string"}}],"inLanguage":"sq"},{"@type":"Organization","@id":"https:\/\/shopbeesandtrees.com\/#organization","name":"Bees & Trees","url":"https:\/\/shopbeesandtrees.com\/","logo":{"@type":"ImageObject","inLanguage":"sq","@id":"https:\/\/shopbeesandtrees.com\/#\/schema\/logo\/image\/","url":"https:\/\/i0.wp.com\/shopbeesandtrees.com\/wp-content\/uploads\/2022\/10\/bees-and-trees-bio-cosmetics-black-logo.png?fit=4402%2C1189&ssl=1","contentUrl":"https:\/\/i0.wp.com\/shopbeesandtrees.com\/wp-content\/uploads\/2022\/10\/bees-and-trees-bio-cosmetics-black-logo.png?fit=4402%2C1189&ssl=1","width":4402,"height":1189,"caption":"Bees & Trees"},"image":{"@id":"https:\/\/shopbeesandtrees.com\/#\/schema\/logo\/image\/"},"sameAs":["https:\/\/www.facebook.com\/beesandtrees.al","https:\/\/www.instagram.com\/beesandtrees_biocosmetics\/"]}]}},"_links":{"self":[{"href":"https:\/\/shopbeesandtrees.com\/al\/wp-json\/wp\/v2\/product\/13782","targetHints":{"allow":["GET"]}}],"collection":[{"href":"https:\/\/shopbeesandtrees.com\/al\/wp-json\/wp\/v2\/product"}],"about":[{"href":"https:\/\/shopbeesandtrees.com\/al\/wp-json\/wp\/v2\/types\/product"}],"replies":[{"embeddable":true,"href":"https:\/\/shopbeesandtrees.com\/al\/wp-json\/wp\/v2\/comments?post=13782"}],"version-history":[{"count":6,"href":"https:\/\/shopbeesandtrees.com\/al\/wp-json\/wp\/v2\/product\/13782\/revisions"}],"predecessor-version":[{"id":14051,"href":"https:\/\/shopbeesandtrees.com\/al\/wp-json\/wp\/v2\/product\/13782\/revisions\/14051"}],"wp:featuredmedia":[{"embeddable":true,"href":"https:\/\/shopbeesandtrees.com\/al\/wp-json\/wp\/v2\/media\/9745"}],"wp:attachment":[{"href":"https:\/\/shopbeesandtrees.com\/al\/wp-json\/wp\/v2\/media?parent=13782"}],"wp:term":[{"taxonomy":"product_brand","embeddable":true,"href":"https:\/\/shopbeesandtrees.com\/al\/wp-json\/wp\/v2\/product_brand?post=13782"},{"taxonomy":"product_cat","embeddable":true,"href":"https:\/\/shopbeesandtrees.com\/al\/wp-json\/wp\/v2\/product_cat?post=13782"},{"taxonomy":"product_tag","embeddable":true,"href":"https:\/\/shopbeesandtrees.com\/al\/wp-json\/wp\/v2\/product_tag?post=13782"}],"curies":[{"name":"wp","href":"https:\/\/api.w.org\/{rel}","templated":true}]}}