{"id":13020,"date":"2023-05-05T18:41:14","date_gmt":"2023-05-05T17:41:14","guid":{"rendered":"https:\/\/shopbeesandtrees.com\/?post_type=product&#038;p=13020"},"modified":"2025-08-06T10:55:09","modified_gmt":"2025-08-06T08:55:09","slug":"crown-plant-rich-tinted-balm-lips-cheeks","status":"publish","type":"product","link":"https:\/\/shopbeesandtrees.com\/al\/produkt\/crown-plant-rich-tinted-balm-lips-cheeks\/","title":{"rendered":"CROWN &#8211; PLANT RICH TINTED BALM lips &#038; cheeks"},"content":{"rendered":"<h4><strong>P\u00ebrdorimi:<\/strong>:<\/h4>\n<p>Apply a thin layer of product on the lips (and cheeks as a blush) as needed.<\/p>\n<div><span lang=\"EN-GB\">T\u00eb mbahet larg burimeve t\u00eb zjarrit. T\u00eb mbahet n\u00eb vend t\u00eb fresk\u00ebt dhe t\u00eb that\u00eb.<\/span><\/div>\n<div><span lang=\"EN-GB\">Prodhuar n\u00eb Itali. T\u00eb testuara dermatologjikisht n\u00eb EU.<br \/>\n<\/span><\/div>\n<p>Ingredients: Caprylic\/capric triglyceride, Butyrospermum parkii (Shea) butter, Cera alba (Beeswax), Ethylhexyl palmitate, Theobroma cacao (Cocoa) seed butter, Helianthus annuus seed cera (Helianthus annuus (Sunflower) seed wax), Acacia senegal gum, Ipomoea batatas root extract, Maltodextrin, Prunus amygdalus dulcis (Sweet almond) oil, Simmondsia chinensis (Jojoba) seed oil, CI 77891 (Titanium dioxide), Sodium hyaluronate, Tocopherol, Helianthus annuus (Sunflower) seed oil, Ascorbyl palmitate, Glucomannan, Trihydroxystearin, Citric acid, Aroma (Flavor), Linalool.<\/p>\n<p>&nbsp;<\/p>\n<div class=\"page\" title=\"Page 1\">\n<div class=\"layoutArea\">\n<div class=\"column\">\n<div class=\"page\" title=\"Page 1\">\n<div class=\"layoutArea\">\n<div class=\"column\">\n<p>&nbsp;<\/p>\n<\/div>\n<\/div>\n<\/div>\n<\/div>\n<\/div>\n<\/div>","protected":false},"excerpt":{"rendered":"<h3>Tinted Balm for lips and cheeks (blush):<\/h3>\n<p>formulated with cocoa and shea butter, with a nourishing, antiaging and repairing action. Enriched with jojoba oil for a revitalizing and antioxidant effect. Hyaluronic acid microspheres hydrate the skin and help reduce fine lines with a filler effect. The natural extract of Sweet Potato, with a natural pink color, is rich in antioxidant substances that help prevent skin aging. The fragrance \/ flavour is 100% natural, derived from Red Raspberry.<br \/>\n10ml<\/p>","protected":false},"featured_media":13021,"comment_status":"open","ping_status":"closed","template":"","meta":{"_eb_attr":"","om_disable_all_campaigns":false,"_monsterinsights_skip_tracking":false,"_monsterinsights_sitenote_active":false,"_monsterinsights_sitenote_note":"","_monsterinsights_sitenote_category":0,"_uf_show_specific_survey":0,"_uf_disable_surveys":false},"product_brand":[],"product_cat":[44,65,105],"product_tag":[93,83,91,97,88,109,90,113,106],"class_list":{"0":"post-13020","1":"product","2":"type-product","3":"status-publish","4":"has-post-thumbnail","6":"product_cat-organic","7":"product_cat-skin-care","8":"product_cat-top3","9":"product_tag-antiaging","10":"product_tag-cleanser2","11":"product_tag-combination","12":"product_tag-dehydrated","13":"product_tag-dry","14":"product_tag-lipbalm","15":"product_tag-sensitive","16":"product_tag-tinted-balm","17":"product_tag-top3","19":"first","20":"instock","21":"sale","22":"featured","23":"shipping-taxable","24":"purchasable","25":"product-type-simple"},"aioseo_notices":[],"yoast_head":"<!-- This site is optimized with the Yoast SEO plugin v27.3 - https:\/\/yoast.com\/product\/yoast-seo-wordpress\/ -->\n<title>CROWN - PLANT RICH TINTED BALM lips &amp; cheeks -<\/title>\n<meta name=\"description\" content=\"Best Tinted Balm for lips and cheeks with all natural ingredients and pigment made of Sweet Potato extract. It contains hyaluronic acid and more ingredients\" \/>\n<meta name=\"robots\" content=\"index, follow, max-snippet:-1, max-image-preview:large, max-video-preview:-1\" \/>\n<link rel=\"canonical\" href=\"https:\/\/shopbeesandtrees.com\/al\/produkt\/crown-plant-rich-tinted-balm-lips-cheeks\/\" \/>\n<meta property=\"og:locale\" content=\"sq_AL\" \/>\n<meta property=\"og:type\" content=\"article\" \/>\n<meta property=\"og:title\" content=\"CROWN - PLANT RICH TINTED BALM lips &amp; cheeks -\" \/>\n<meta property=\"og:description\" content=\"Best Tinted Balm for lips and cheeks with all natural ingredients and pigment made of Sweet Potato extract. It contains hyaluronic acid and more ingredients\" \/>\n<meta property=\"og:url\" content=\"https:\/\/shopbeesandtrees.com\/al\/produkt\/crown-plant-rich-tinted-balm-lips-cheeks\/\" \/>\n<meta property=\"og:site_name\" content=\"Bees &amp; Trees\" \/>\n<meta property=\"article:publisher\" content=\"https:\/\/www.facebook.com\/beesandtrees.al\" \/>\n<meta property=\"article:modified_time\" content=\"2025-08-06T08:55:09+00:00\" \/>\n<meta property=\"og:image\" content=\"https:\/\/shopbeesandtrees.com\/wp-content\/uploads\/2023\/05\/crown-tinted-balm-bees-and-trees-lips.png\" \/>\n\t<meta property=\"og:image:width\" content=\"1074\" \/>\n\t<meta property=\"og:image:height\" content=\"1074\" \/>\n\t<meta property=\"og:image:type\" content=\"image\/png\" \/>\n<meta name=\"twitter:card\" content=\"summary_large_image\" \/>\n<meta name=\"twitter:label1\" content=\"Est. reading time\" \/>\n\t<meta name=\"twitter:data1\" content=\"1 minut\u00eb\" \/>\n<script type=\"application\/ld+json\" class=\"yoast-schema-graph\">{\"@context\":\"https:\\\/\\\/schema.org\",\"@graph\":[{\"@type\":\"WebPage\",\"@id\":\"https:\\\/\\\/shopbeesandtrees.com\\\/product\\\/crown-plant-rich-tinted-balm-lips-cheeks\\\/\",\"url\":\"https:\\\/\\\/shopbeesandtrees.com\\\/product\\\/crown-plant-rich-tinted-balm-lips-cheeks\\\/\",\"name\":\"CROWN - PLANT RICH TINTED BALM lips & cheeks -\",\"isPartOf\":{\"@id\":\"https:\\\/\\\/shopbeesandtrees.com\\\/#website\"},\"primaryImageOfPage\":{\"@id\":\"https:\\\/\\\/shopbeesandtrees.com\\\/product\\\/crown-plant-rich-tinted-balm-lips-cheeks\\\/#primaryimage\"},\"image\":{\"@id\":\"https:\\\/\\\/shopbeesandtrees.com\\\/product\\\/crown-plant-rich-tinted-balm-lips-cheeks\\\/#primaryimage\"},\"thumbnailUrl\":\"https:\\\/\\\/shopbeesandtrees.com\\\/wp-content\\\/uploads\\\/2023\\\/05\\\/crown-tinted-balm-bees-and-trees-lips.png\",\"datePublished\":\"2023-05-05T17:41:14+00:00\",\"dateModified\":\"2025-08-06T08:55:09+00:00\",\"description\":\"Best Tinted Balm for lips and cheeks with all natural ingredients and pigment made of Sweet Potato extract. It contains hyaluronic acid and more ingredients\",\"breadcrumb\":{\"@id\":\"https:\\\/\\\/shopbeesandtrees.com\\\/product\\\/crown-plant-rich-tinted-balm-lips-cheeks\\\/#breadcrumb\"},\"inLanguage\":\"sq\",\"potentialAction\":[{\"@type\":\"ReadAction\",\"target\":[\"https:\\\/\\\/shopbeesandtrees.com\\\/product\\\/crown-plant-rich-tinted-balm-lips-cheeks\\\/\"]}]},{\"@type\":\"ImageObject\",\"inLanguage\":\"sq\",\"@id\":\"https:\\\/\\\/shopbeesandtrees.com\\\/product\\\/crown-plant-rich-tinted-balm-lips-cheeks\\\/#primaryimage\",\"url\":\"https:\\\/\\\/shopbeesandtrees.com\\\/wp-content\\\/uploads\\\/2023\\\/05\\\/crown-tinted-balm-bees-and-trees-lips.png\",\"contentUrl\":\"https:\\\/\\\/shopbeesandtrees.com\\\/wp-content\\\/uploads\\\/2023\\\/05\\\/crown-tinted-balm-bees-and-trees-lips.png\",\"width\":1074,\"height\":1074,\"caption\":\"crown tinted balm lips cheeks\"},{\"@type\":\"BreadcrumbList\",\"@id\":\"https:\\\/\\\/shopbeesandtrees.com\\\/product\\\/crown-plant-rich-tinted-balm-lips-cheeks\\\/#breadcrumb\",\"itemListElement\":[{\"@type\":\"ListItem\",\"position\":1,\"name\":\"Home\",\"item\":\"https:\\\/\\\/shopbeesandtrees.com\\\/\"},{\"@type\":\"ListItem\",\"position\":2,\"name\":\"Products\",\"item\":\"https:\\\/\\\/shopbeesandtrees.com\\\/shop\\\/\"},{\"@type\":\"ListItem\",\"position\":3,\"name\":\"CROWN &#8211; PLANT RICH TINTED BALM lips &#038; cheeks\"}]},{\"@type\":\"WebSite\",\"@id\":\"https:\\\/\\\/shopbeesandtrees.com\\\/#website\",\"url\":\"https:\\\/\\\/shopbeesandtrees.com\\\/\",\"name\":\"Bees & Trees\",\"description\":\"Love Yourself Organically\",\"publisher\":{\"@id\":\"https:\\\/\\\/shopbeesandtrees.com\\\/#organization\"},\"potentialAction\":[{\"@type\":\"SearchAction\",\"target\":{\"@type\":\"EntryPoint\",\"urlTemplate\":\"https:\\\/\\\/shopbeesandtrees.com\\\/?s={search_term_string}\"},\"query-input\":{\"@type\":\"PropertyValueSpecification\",\"valueRequired\":true,\"valueName\":\"search_term_string\"}}],\"inLanguage\":\"sq\"},{\"@type\":\"Organization\",\"@id\":\"https:\\\/\\\/shopbeesandtrees.com\\\/#organization\",\"name\":\"Bees & Trees\",\"url\":\"https:\\\/\\\/shopbeesandtrees.com\\\/\",\"logo\":{\"@type\":\"ImageObject\",\"inLanguage\":\"sq\",\"@id\":\"https:\\\/\\\/shopbeesandtrees.com\\\/#\\\/schema\\\/logo\\\/image\\\/\",\"url\":\"https:\\\/\\\/i0.wp.com\\\/shopbeesandtrees.com\\\/wp-content\\\/uploads\\\/2022\\\/10\\\/bees-and-trees-bio-cosmetics-black-logo.png?fit=4402%2C1189&ssl=1\",\"contentUrl\":\"https:\\\/\\\/i0.wp.com\\\/shopbeesandtrees.com\\\/wp-content\\\/uploads\\\/2022\\\/10\\\/bees-and-trees-bio-cosmetics-black-logo.png?fit=4402%2C1189&ssl=1\",\"width\":4402,\"height\":1189,\"caption\":\"Bees & Trees\"},\"image\":{\"@id\":\"https:\\\/\\\/shopbeesandtrees.com\\\/#\\\/schema\\\/logo\\\/image\\\/\"},\"sameAs\":[\"https:\\\/\\\/www.facebook.com\\\/beesandtrees.al\",\"https:\\\/\\\/www.instagram.com\\\/beesandtrees_biocosmetics\\\/\"]}]}<\/script>\n<!-- \/ Yoast SEO plugin. -->","yoast_head_json":{"title":"CROWN - PLANT RICH TINTED BALM lips & cheeks -","description":"Best Tinted Balm for lips and cheeks with all natural ingredients and pigment made of Sweet Potato extract. It contains hyaluronic acid and more ingredients","robots":{"index":"index","follow":"follow","max-snippet":"max-snippet:-1","max-image-preview":"max-image-preview:large","max-video-preview":"max-video-preview:-1"},"canonical":"https:\/\/shopbeesandtrees.com\/al\/produkt\/crown-plant-rich-tinted-balm-lips-cheeks\/","og_locale":"sq_AL","og_type":"article","og_title":"CROWN - PLANT RICH TINTED BALM lips & cheeks -","og_description":"Best Tinted Balm for lips and cheeks with all natural ingredients and pigment made of Sweet Potato extract. It contains hyaluronic acid and more ingredients","og_url":"https:\/\/shopbeesandtrees.com\/al\/produkt\/crown-plant-rich-tinted-balm-lips-cheeks\/","og_site_name":"Bees &amp; Trees","article_publisher":"https:\/\/www.facebook.com\/beesandtrees.al","article_modified_time":"2025-08-06T08:55:09+00:00","og_image":[{"width":1074,"height":1074,"url":"https:\/\/shopbeesandtrees.com\/wp-content\/uploads\/2023\/05\/crown-tinted-balm-bees-and-trees-lips.png","type":"image\/png"}],"twitter_card":"summary_large_image","twitter_misc":{"Est. reading time":"1 minut\u00eb"},"schema":{"@context":"https:\/\/schema.org","@graph":[{"@type":"WebPage","@id":"https:\/\/shopbeesandtrees.com\/product\/crown-plant-rich-tinted-balm-lips-cheeks\/","url":"https:\/\/shopbeesandtrees.com\/product\/crown-plant-rich-tinted-balm-lips-cheeks\/","name":"CROWN - PLANT RICH TINTED BALM lips & cheeks -","isPartOf":{"@id":"https:\/\/shopbeesandtrees.com\/#website"},"primaryImageOfPage":{"@id":"https:\/\/shopbeesandtrees.com\/product\/crown-plant-rich-tinted-balm-lips-cheeks\/#primaryimage"},"image":{"@id":"https:\/\/shopbeesandtrees.com\/product\/crown-plant-rich-tinted-balm-lips-cheeks\/#primaryimage"},"thumbnailUrl":"https:\/\/shopbeesandtrees.com\/wp-content\/uploads\/2023\/05\/crown-tinted-balm-bees-and-trees-lips.png","datePublished":"2023-05-05T17:41:14+00:00","dateModified":"2025-08-06T08:55:09+00:00","description":"Best Tinted Balm for lips and cheeks with all natural ingredients and pigment made of Sweet Potato extract. It contains hyaluronic acid and more ingredients","breadcrumb":{"@id":"https:\/\/shopbeesandtrees.com\/product\/crown-plant-rich-tinted-balm-lips-cheeks\/#breadcrumb"},"inLanguage":"sq","potentialAction":[{"@type":"ReadAction","target":["https:\/\/shopbeesandtrees.com\/product\/crown-plant-rich-tinted-balm-lips-cheeks\/"]}]},{"@type":"ImageObject","inLanguage":"sq","@id":"https:\/\/shopbeesandtrees.com\/product\/crown-plant-rich-tinted-balm-lips-cheeks\/#primaryimage","url":"https:\/\/shopbeesandtrees.com\/wp-content\/uploads\/2023\/05\/crown-tinted-balm-bees-and-trees-lips.png","contentUrl":"https:\/\/shopbeesandtrees.com\/wp-content\/uploads\/2023\/05\/crown-tinted-balm-bees-and-trees-lips.png","width":1074,"height":1074,"caption":"crown tinted balm lips cheeks"},{"@type":"BreadcrumbList","@id":"https:\/\/shopbeesandtrees.com\/product\/crown-plant-rich-tinted-balm-lips-cheeks\/#breadcrumb","itemListElement":[{"@type":"ListItem","position":1,"name":"Home","item":"https:\/\/shopbeesandtrees.com\/"},{"@type":"ListItem","position":2,"name":"Products","item":"https:\/\/shopbeesandtrees.com\/shop\/"},{"@type":"ListItem","position":3,"name":"CROWN &#8211; PLANT RICH TINTED BALM lips &#038; cheeks"}]},{"@type":"WebSite","@id":"https:\/\/shopbeesandtrees.com\/#website","url":"https:\/\/shopbeesandtrees.com\/","name":"Bees & Trees","description":"Duaje Veten Natyrsh\u00ebm","publisher":{"@id":"https:\/\/shopbeesandtrees.com\/#organization"},"potentialAction":[{"@type":"SearchAction","target":{"@type":"EntryPoint","urlTemplate":"https:\/\/shopbeesandtrees.com\/?s={search_term_string}"},"query-input":{"@type":"PropertyValueSpecification","valueRequired":true,"valueName":"search_term_string"}}],"inLanguage":"sq"},{"@type":"Organization","@id":"https:\/\/shopbeesandtrees.com\/#organization","name":"Bees & Trees","url":"https:\/\/shopbeesandtrees.com\/","logo":{"@type":"ImageObject","inLanguage":"sq","@id":"https:\/\/shopbeesandtrees.com\/#\/schema\/logo\/image\/","url":"https:\/\/i0.wp.com\/shopbeesandtrees.com\/wp-content\/uploads\/2022\/10\/bees-and-trees-bio-cosmetics-black-logo.png?fit=4402%2C1189&ssl=1","contentUrl":"https:\/\/i0.wp.com\/shopbeesandtrees.com\/wp-content\/uploads\/2022\/10\/bees-and-trees-bio-cosmetics-black-logo.png?fit=4402%2C1189&ssl=1","width":4402,"height":1189,"caption":"Bees & Trees"},"image":{"@id":"https:\/\/shopbeesandtrees.com\/#\/schema\/logo\/image\/"},"sameAs":["https:\/\/www.facebook.com\/beesandtrees.al","https:\/\/www.instagram.com\/beesandtrees_biocosmetics\/"]}]}},"_links":{"self":[{"href":"https:\/\/shopbeesandtrees.com\/al\/wp-json\/wp\/v2\/product\/13020","targetHints":{"allow":["GET"]}}],"collection":[{"href":"https:\/\/shopbeesandtrees.com\/al\/wp-json\/wp\/v2\/product"}],"about":[{"href":"https:\/\/shopbeesandtrees.com\/al\/wp-json\/wp\/v2\/types\/product"}],"replies":[{"embeddable":true,"href":"https:\/\/shopbeesandtrees.com\/al\/wp-json\/wp\/v2\/comments?post=13020"}],"version-history":[{"count":4,"href":"https:\/\/shopbeesandtrees.com\/al\/wp-json\/wp\/v2\/product\/13020\/revisions"}],"predecessor-version":[{"id":13083,"href":"https:\/\/shopbeesandtrees.com\/al\/wp-json\/wp\/v2\/product\/13020\/revisions\/13083"}],"wp:featuredmedia":[{"embeddable":true,"href":"https:\/\/shopbeesandtrees.com\/al\/wp-json\/wp\/v2\/media\/13021"}],"wp:attachment":[{"href":"https:\/\/shopbeesandtrees.com\/al\/wp-json\/wp\/v2\/media?parent=13020"}],"wp:term":[{"taxonomy":"product_brand","embeddable":true,"href":"https:\/\/shopbeesandtrees.com\/al\/wp-json\/wp\/v2\/product_brand?post=13020"},{"taxonomy":"product_cat","embeddable":true,"href":"https:\/\/shopbeesandtrees.com\/al\/wp-json\/wp\/v2\/product_cat?post=13020"},{"taxonomy":"product_tag","embeddable":true,"href":"https:\/\/shopbeesandtrees.com\/al\/wp-json\/wp\/v2\/product_tag?post=13020"}],"curies":[{"name":"wp","href":"https:\/\/api.w.org\/{rel}","templated":true}]}}