{"id":12653,"date":"2023-01-19T16:23:55","date_gmt":"2023-01-19T15:23:55","guid":{"rendered":"https:\/\/shopbeesandtrees.com\/?post_type=product&#038;p=12653"},"modified":"2025-08-06T10:56:06","modified_gmt":"2025-08-06T08:56:06","slug":"thirdeye-plant-rich-balm-lips","status":"publish","type":"product","link":"https:\/\/shopbeesandtrees.com\/al\/produkt\/thirdeye-plant-rich-balm-lips\/","title":{"rendered":"THIRD EYE &#8211; PLANT RICH TREATMENT LIP BALM"},"content":{"rendered":"<p><strong>P\u00ebrdorimi:<\/strong>P\u00ebrdorimi: Aplikoni nj\u00eb shtres\u00eb t\u00eb holl\u00eb produkti n\u00eb buz\u00eb apo faqe sipas nevoj\u00ebs.<\/p>\n<div><span lang=\"EN-GB\">T\u00eb mbahet larg burimeve t\u00eb zjarrit. T\u00eb mbahet n\u00eb vend t\u00eb fresk\u00ebt dhe t\u00eb that\u00eb.<\/span><\/div>\n<div><span lang=\"EN-GB\">Prodhuar n\u00eb Itali. T\u00eb testuara dermatologjikisht n\u00eb EU.<br \/>\n<\/span><\/div>\n<p>Ingredients: Caprylic\/capric triglyceride, Butyrospermum parkii (Shea) butter, Cera alba (Beeswax), Maltodextrin, Ethylhexyl palmitate, Theobroma cacao (Cocoa) seed butter, Helianthus annuus seed cera (Helianthus annuus (Sunflower) seed wax), Prunus amygdalus dulcis (Sweet almond) oil, Simmondsia chinensis (Jojoba) seed oil, Sodium hyaluronate, Tocopherol, Helianthus annuus (Sunflower) seed oil, Ascorbyl palmitate, Glucomannan, Trihydroxystearin, Citric acid, Aroma (Flavor), Linalool.<\/p>\n<p>&nbsp;<\/p>\n<div class=\"page\" title=\"Page 1\">\n<div class=\"layoutArea\">\n<div class=\"column\">\n<div class=\"page\" title=\"Page 1\">\n<div class=\"layoutArea\">\n<div class=\"column\">\n<p>&nbsp;<\/p>\n<\/div>\n<\/div>\n<\/div>\n<\/div>\n<\/div>\n<\/div>","protected":false},"excerpt":{"rendered":"<p>&nbsp;<\/p>\n<p>Treatment Balm for lips formulated with cocoa and shea butter, with a nourishing, antiaging and repairing action. Enriched with jojoba oil for a revitalizing and antioxidant effect. Hyaluronic acid microspheres hydrate the skin and help reduce fine lines with a filler effect. The fragrance \/ flavour is 100% natural, derived from Red Raspberry.<br \/>\n10ml<\/p>","protected":false},"featured_media":12654,"comment_status":"open","ping_status":"closed","template":"","meta":{"_eb_attr":"","om_disable_all_campaigns":false,"_monsterinsights_skip_tracking":false,"_monsterinsights_sitenote_active":false,"_monsterinsights_sitenote_note":"","_monsterinsights_sitenote_category":0,"_uf_show_specific_survey":0,"_uf_disable_surveys":false},"product_brand":[],"product_cat":[44,65,15],"product_tag":[93,91,97,88,109,127,111,110,90,112],"class_list":{"0":"post-12653","1":"product","2":"type-product","3":"status-publish","4":"has-post-thumbnail","6":"product_cat-organic","7":"product_cat-skin-care","8":"product_cat-uncategorized","9":"product_tag-antiaging","10":"product_tag-combination","11":"product_tag-dehydrated","12":"product_tag-dry","13":"product_tag-lipbalm","14":"product_tag-lipcover","15":"product_tag-lips","16":"product_tag-liptint","17":"product_tag-sensitive","18":"product_tag-treatment","20":"first","21":"instock","22":"sale","23":"featured","24":"shipping-taxable","25":"purchasable","26":"product-type-simple"},"aioseo_notices":[],"yoast_head":"<!-- This site is optimized with the Yoast SEO plugin v27.3 - https:\/\/yoast.com\/product\/yoast-seo-wordpress\/ -->\n<title>THIRD EYE - PLANT RICH TREATMENT LIP BALM -<\/title>\n<meta name=\"description\" content=\"Best lip treatment balm mmade all of natural ingredients like shea butter, jojoba oil, hyaluronic acid, vitamin E and more\" \/>\n<meta name=\"robots\" content=\"index, follow, max-snippet:-1, max-image-preview:large, max-video-preview:-1\" \/>\n<link rel=\"canonical\" href=\"https:\/\/shopbeesandtrees.com\/al\/produkt\/thirdeye-plant-rich-balm-lips\/\" \/>\n<meta property=\"og:locale\" content=\"sq_AL\" \/>\n<meta property=\"og:type\" content=\"article\" \/>\n<meta property=\"og:title\" content=\"THIRD EYE - PLANT RICH TREATMENT LIP BALM -\" \/>\n<meta property=\"og:description\" content=\"Best lip treatment balm mmade all of natural ingredients like shea butter, jojoba oil, hyaluronic acid, vitamin E and more\" \/>\n<meta property=\"og:url\" content=\"https:\/\/shopbeesandtrees.com\/al\/produkt\/thirdeye-plant-rich-balm-lips\/\" \/>\n<meta property=\"og:site_name\" content=\"Bees &amp; Trees\" \/>\n<meta property=\"article:publisher\" content=\"https:\/\/www.facebook.com\/beesandtrees.al\" \/>\n<meta property=\"article:modified_time\" content=\"2025-08-06T08:56:06+00:00\" \/>\n<meta property=\"og:image\" content=\"https:\/\/shopbeesandtrees.com\/wp-content\/uploads\/2023\/01\/third-eye-lip-balm-plant-rich-bees-and-trees.jpg\" \/>\n\t<meta property=\"og:image:width\" content=\"1500\" \/>\n\t<meta property=\"og:image:height\" content=\"1499\" \/>\n\t<meta property=\"og:image:type\" content=\"image\/jpeg\" \/>\n<meta name=\"twitter:card\" content=\"summary_large_image\" \/>\n<meta name=\"twitter:label1\" content=\"Est. reading time\" \/>\n\t<meta name=\"twitter:data1\" content=\"1 minut\u00eb\" \/>\n<script type=\"application\/ld+json\" class=\"yoast-schema-graph\">{\"@context\":\"https:\\\/\\\/schema.org\",\"@graph\":[{\"@type\":\"WebPage\",\"@id\":\"https:\\\/\\\/shopbeesandtrees.com\\\/product\\\/thirdeye-plant-rich-balm-lips\\\/\",\"url\":\"https:\\\/\\\/shopbeesandtrees.com\\\/product\\\/thirdeye-plant-rich-balm-lips\\\/\",\"name\":\"THIRD EYE - PLANT RICH TREATMENT LIP BALM -\",\"isPartOf\":{\"@id\":\"https:\\\/\\\/shopbeesandtrees.com\\\/#website\"},\"primaryImageOfPage\":{\"@id\":\"https:\\\/\\\/shopbeesandtrees.com\\\/product\\\/thirdeye-plant-rich-balm-lips\\\/#primaryimage\"},\"image\":{\"@id\":\"https:\\\/\\\/shopbeesandtrees.com\\\/product\\\/thirdeye-plant-rich-balm-lips\\\/#primaryimage\"},\"thumbnailUrl\":\"https:\\\/\\\/shopbeesandtrees.com\\\/wp-content\\\/uploads\\\/2023\\\/01\\\/third-eye-lip-balm-plant-rich-bees-and-trees.jpg\",\"datePublished\":\"2023-01-19T15:23:55+00:00\",\"dateModified\":\"2025-08-06T08:56:06+00:00\",\"description\":\"Best lip treatment balm mmade all of natural ingredients like shea butter, jojoba oil, hyaluronic acid, vitamin E and more\",\"breadcrumb\":{\"@id\":\"https:\\\/\\\/shopbeesandtrees.com\\\/product\\\/thirdeye-plant-rich-balm-lips\\\/#breadcrumb\"},\"inLanguage\":\"sq\",\"potentialAction\":[{\"@type\":\"ReadAction\",\"target\":[\"https:\\\/\\\/shopbeesandtrees.com\\\/product\\\/thirdeye-plant-rich-balm-lips\\\/\"]}]},{\"@type\":\"ImageObject\",\"inLanguage\":\"sq\",\"@id\":\"https:\\\/\\\/shopbeesandtrees.com\\\/product\\\/thirdeye-plant-rich-balm-lips\\\/#primaryimage\",\"url\":\"https:\\\/\\\/shopbeesandtrees.com\\\/wp-content\\\/uploads\\\/2023\\\/01\\\/third-eye-lip-balm-plant-rich-bees-and-trees.jpg\",\"contentUrl\":\"https:\\\/\\\/shopbeesandtrees.com\\\/wp-content\\\/uploads\\\/2023\\\/01\\\/third-eye-lip-balm-plant-rich-bees-and-trees.jpg\",\"width\":1500,\"height\":1499},{\"@type\":\"BreadcrumbList\",\"@id\":\"https:\\\/\\\/shopbeesandtrees.com\\\/product\\\/thirdeye-plant-rich-balm-lips\\\/#breadcrumb\",\"itemListElement\":[{\"@type\":\"ListItem\",\"position\":1,\"name\":\"Home\",\"item\":\"https:\\\/\\\/shopbeesandtrees.com\\\/\"},{\"@type\":\"ListItem\",\"position\":2,\"name\":\"Products\",\"item\":\"https:\\\/\\\/shopbeesandtrees.com\\\/shop\\\/\"},{\"@type\":\"ListItem\",\"position\":3,\"name\":\"THIRD EYE &#8211; PLANT RICH TREATMENT LIP BALM\"}]},{\"@type\":\"WebSite\",\"@id\":\"https:\\\/\\\/shopbeesandtrees.com\\\/#website\",\"url\":\"https:\\\/\\\/shopbeesandtrees.com\\\/\",\"name\":\"Bees & Trees\",\"description\":\"Love Yourself Organically\",\"publisher\":{\"@id\":\"https:\\\/\\\/shopbeesandtrees.com\\\/#organization\"},\"potentialAction\":[{\"@type\":\"SearchAction\",\"target\":{\"@type\":\"EntryPoint\",\"urlTemplate\":\"https:\\\/\\\/shopbeesandtrees.com\\\/?s={search_term_string}\"},\"query-input\":{\"@type\":\"PropertyValueSpecification\",\"valueRequired\":true,\"valueName\":\"search_term_string\"}}],\"inLanguage\":\"sq\"},{\"@type\":\"Organization\",\"@id\":\"https:\\\/\\\/shopbeesandtrees.com\\\/#organization\",\"name\":\"Bees & Trees\",\"url\":\"https:\\\/\\\/shopbeesandtrees.com\\\/\",\"logo\":{\"@type\":\"ImageObject\",\"inLanguage\":\"sq\",\"@id\":\"https:\\\/\\\/shopbeesandtrees.com\\\/#\\\/schema\\\/logo\\\/image\\\/\",\"url\":\"https:\\\/\\\/i0.wp.com\\\/shopbeesandtrees.com\\\/wp-content\\\/uploads\\\/2022\\\/10\\\/bees-and-trees-bio-cosmetics-black-logo.png?fit=4402%2C1189&ssl=1\",\"contentUrl\":\"https:\\\/\\\/i0.wp.com\\\/shopbeesandtrees.com\\\/wp-content\\\/uploads\\\/2022\\\/10\\\/bees-and-trees-bio-cosmetics-black-logo.png?fit=4402%2C1189&ssl=1\",\"width\":4402,\"height\":1189,\"caption\":\"Bees & Trees\"},\"image\":{\"@id\":\"https:\\\/\\\/shopbeesandtrees.com\\\/#\\\/schema\\\/logo\\\/image\\\/\"},\"sameAs\":[\"https:\\\/\\\/www.facebook.com\\\/beesandtrees.al\",\"https:\\\/\\\/www.instagram.com\\\/beesandtrees_biocosmetics\\\/\"]}]}<\/script>\n<!-- \/ Yoast SEO plugin. -->","yoast_head_json":{"title":"THIRD EYE - PLANT RICH TREATMENT LIP BALM -","description":"Best lip treatment balm mmade all of natural ingredients like shea butter, jojoba oil, hyaluronic acid, vitamin E and more","robots":{"index":"index","follow":"follow","max-snippet":"max-snippet:-1","max-image-preview":"max-image-preview:large","max-video-preview":"max-video-preview:-1"},"canonical":"https:\/\/shopbeesandtrees.com\/al\/produkt\/thirdeye-plant-rich-balm-lips\/","og_locale":"sq_AL","og_type":"article","og_title":"THIRD EYE - PLANT RICH TREATMENT LIP BALM -","og_description":"Best lip treatment balm mmade all of natural ingredients like shea butter, jojoba oil, hyaluronic acid, vitamin E and more","og_url":"https:\/\/shopbeesandtrees.com\/al\/produkt\/thirdeye-plant-rich-balm-lips\/","og_site_name":"Bees &amp; Trees","article_publisher":"https:\/\/www.facebook.com\/beesandtrees.al","article_modified_time":"2025-08-06T08:56:06+00:00","og_image":[{"width":1500,"height":1499,"url":"https:\/\/shopbeesandtrees.com\/wp-content\/uploads\/2023\/01\/third-eye-lip-balm-plant-rich-bees-and-trees.jpg","type":"image\/jpeg"}],"twitter_card":"summary_large_image","twitter_misc":{"Est. reading time":"1 minut\u00eb"},"schema":{"@context":"https:\/\/schema.org","@graph":[{"@type":"WebPage","@id":"https:\/\/shopbeesandtrees.com\/product\/thirdeye-plant-rich-balm-lips\/","url":"https:\/\/shopbeesandtrees.com\/product\/thirdeye-plant-rich-balm-lips\/","name":"THIRD EYE - PLANT RICH TREATMENT LIP BALM -","isPartOf":{"@id":"https:\/\/shopbeesandtrees.com\/#website"},"primaryImageOfPage":{"@id":"https:\/\/shopbeesandtrees.com\/product\/thirdeye-plant-rich-balm-lips\/#primaryimage"},"image":{"@id":"https:\/\/shopbeesandtrees.com\/product\/thirdeye-plant-rich-balm-lips\/#primaryimage"},"thumbnailUrl":"https:\/\/shopbeesandtrees.com\/wp-content\/uploads\/2023\/01\/third-eye-lip-balm-plant-rich-bees-and-trees.jpg","datePublished":"2023-01-19T15:23:55+00:00","dateModified":"2025-08-06T08:56:06+00:00","description":"Best lip treatment balm mmade all of natural ingredients like shea butter, jojoba oil, hyaluronic acid, vitamin E and more","breadcrumb":{"@id":"https:\/\/shopbeesandtrees.com\/product\/thirdeye-plant-rich-balm-lips\/#breadcrumb"},"inLanguage":"sq","potentialAction":[{"@type":"ReadAction","target":["https:\/\/shopbeesandtrees.com\/product\/thirdeye-plant-rich-balm-lips\/"]}]},{"@type":"ImageObject","inLanguage":"sq","@id":"https:\/\/shopbeesandtrees.com\/product\/thirdeye-plant-rich-balm-lips\/#primaryimage","url":"https:\/\/shopbeesandtrees.com\/wp-content\/uploads\/2023\/01\/third-eye-lip-balm-plant-rich-bees-and-trees.jpg","contentUrl":"https:\/\/shopbeesandtrees.com\/wp-content\/uploads\/2023\/01\/third-eye-lip-balm-plant-rich-bees-and-trees.jpg","width":1500,"height":1499},{"@type":"BreadcrumbList","@id":"https:\/\/shopbeesandtrees.com\/product\/thirdeye-plant-rich-balm-lips\/#breadcrumb","itemListElement":[{"@type":"ListItem","position":1,"name":"Home","item":"https:\/\/shopbeesandtrees.com\/"},{"@type":"ListItem","position":2,"name":"Products","item":"https:\/\/shopbeesandtrees.com\/shop\/"},{"@type":"ListItem","position":3,"name":"THIRD EYE &#8211; PLANT RICH TREATMENT LIP BALM"}]},{"@type":"WebSite","@id":"https:\/\/shopbeesandtrees.com\/#website","url":"https:\/\/shopbeesandtrees.com\/","name":"Bees & Trees","description":"Duaje Veten Natyrsh\u00ebm","publisher":{"@id":"https:\/\/shopbeesandtrees.com\/#organization"},"potentialAction":[{"@type":"SearchAction","target":{"@type":"EntryPoint","urlTemplate":"https:\/\/shopbeesandtrees.com\/?s={search_term_string}"},"query-input":{"@type":"PropertyValueSpecification","valueRequired":true,"valueName":"search_term_string"}}],"inLanguage":"sq"},{"@type":"Organization","@id":"https:\/\/shopbeesandtrees.com\/#organization","name":"Bees & Trees","url":"https:\/\/shopbeesandtrees.com\/","logo":{"@type":"ImageObject","inLanguage":"sq","@id":"https:\/\/shopbeesandtrees.com\/#\/schema\/logo\/image\/","url":"https:\/\/i0.wp.com\/shopbeesandtrees.com\/wp-content\/uploads\/2022\/10\/bees-and-trees-bio-cosmetics-black-logo.png?fit=4402%2C1189&ssl=1","contentUrl":"https:\/\/i0.wp.com\/shopbeesandtrees.com\/wp-content\/uploads\/2022\/10\/bees-and-trees-bio-cosmetics-black-logo.png?fit=4402%2C1189&ssl=1","width":4402,"height":1189,"caption":"Bees & Trees"},"image":{"@id":"https:\/\/shopbeesandtrees.com\/#\/schema\/logo\/image\/"},"sameAs":["https:\/\/www.facebook.com\/beesandtrees.al","https:\/\/www.instagram.com\/beesandtrees_biocosmetics\/"]}]}},"_links":{"self":[{"href":"https:\/\/shopbeesandtrees.com\/al\/wp-json\/wp\/v2\/product\/12653","targetHints":{"allow":["GET"]}}],"collection":[{"href":"https:\/\/shopbeesandtrees.com\/al\/wp-json\/wp\/v2\/product"}],"about":[{"href":"https:\/\/shopbeesandtrees.com\/al\/wp-json\/wp\/v2\/types\/product"}],"replies":[{"embeddable":true,"href":"https:\/\/shopbeesandtrees.com\/al\/wp-json\/wp\/v2\/comments?post=12653"}],"version-history":[{"count":2,"href":"https:\/\/shopbeesandtrees.com\/al\/wp-json\/wp\/v2\/product\/12653\/revisions"}],"predecessor-version":[{"id":12730,"href":"https:\/\/shopbeesandtrees.com\/al\/wp-json\/wp\/v2\/product\/12653\/revisions\/12730"}],"wp:featuredmedia":[{"embeddable":true,"href":"https:\/\/shopbeesandtrees.com\/al\/wp-json\/wp\/v2\/media\/12654"}],"wp:attachment":[{"href":"https:\/\/shopbeesandtrees.com\/al\/wp-json\/wp\/v2\/media?parent=12653"}],"wp:term":[{"taxonomy":"product_brand","embeddable":true,"href":"https:\/\/shopbeesandtrees.com\/al\/wp-json\/wp\/v2\/product_brand?post=12653"},{"taxonomy":"product_cat","embeddable":true,"href":"https:\/\/shopbeesandtrees.com\/al\/wp-json\/wp\/v2\/product_cat?post=12653"},{"taxonomy":"product_tag","embeddable":true,"href":"https:\/\/shopbeesandtrees.com\/al\/wp-json\/wp\/v2\/product_tag?post=12653"}],"curies":[{"name":"wp","href":"https:\/\/api.w.org\/{rel}","templated":true}]}}