{"id":12632,"date":"2023-01-19T16:19:24","date_gmt":"2023-01-19T15:19:24","guid":{"rendered":"https:\/\/shopbeesandtrees.com\/?post_type=product&#038;p=12632"},"modified":"2025-08-06T10:55:35","modified_gmt":"2025-08-06T08:55:35","slug":"root-plant-rich-tinted-balm-lips-cheeks","status":"publish","type":"product","link":"https:\/\/shopbeesandtrees.com\/al\/produkt\/root-plant-rich-tinted-balm-lips-cheeks\/","title":{"rendered":"ROOT &#8211; PLANT RICH TINTED BALM lips &#038; cheeks"},"content":{"rendered":"<h4><strong>P\u00ebrdorimi:<\/strong>:<\/h4>\n<p>Apply a thin layer of product on the lips (and cheeks as a blush) as needed.<\/p>\n<div><span lang=\"EN-GB\">T\u00eb mbahet larg burimeve t\u00eb zjarrit. T\u00eb mbahet n\u00eb vend t\u00eb fresk\u00ebt dhe t\u00eb that\u00eb.<\/span><\/div>\n<div><span lang=\"EN-GB\">Prodhuar n\u00eb Itali. T\u00eb testuara dermatologjikisht n\u00eb EU.<br \/>\n<\/span><\/div>\n<p>Ingredients: Caprylic\/capric triglyceride, Butyrospermum parkii (Shea) butter, Cera alba (Beeswax), Maltodextrin, Ethylhexyl palmitate, Theobroma cacao (Cocoa) seed butter, Helianthus annuus seed cera (Helianthus annuus (Sunflower) seed wax), Prunus amygdalus dulcis (Sweet almond) oil, Simmondsia chinensis (Jojoba) seed oil, CI 77891 (Titanium dioxide), Raphanus sativus (Radish) root extract, Sodium hyaluronate, Tocopherol, Helianthus annuus (Sunflower) seed oil, Ascorbyl palmitate, Glucomannan, Trihydroxystearin, Citric acid, Aroma (Flavor), Linalool.<\/p>\n<p>&nbsp;<\/p>\n<div class=\"page\" title=\"Page 1\">\n<div class=\"layoutArea\">\n<div class=\"column\">\n<div class=\"page\" title=\"Page 1\">\n<div class=\"layoutArea\">\n<div class=\"column\">\n<p>&nbsp;<\/p>\n<\/div>\n<\/div>\n<\/div>\n<\/div>\n<\/div>\n<\/div>","protected":false},"excerpt":{"rendered":"<p>&nbsp;<\/p>\n<p>Balm zbut\u00ebs dhe me pigment p\u00ebr buz\u00ebt dhe faqet (blush) formuluar me gjalp kakao dhe shea p\u00ebr efekt ushqyes, riparues dhe antirudh\u00eb. I pasuruar me vaj jojoba p\u00ebr efekt rigjall\u00ebrues dhe antioksidues. Mikrosferat e acidit hialuronik hidratojn\u00eb l\u00ebkur\u00ebn dhe ndihmojn\u00eb n\u00eb zbutjen e rrudhave t\u00eb lehta me nj\u00eb efekt mbush\u00ebs. Ekstrakti natyral i Rrep\u00ebs s\u00eb Kuqe me nj\u00eb pigment t\u00eb leht\u00eb roze, \u00ebsht\u00eb i pasur n\u00eb substanca antioksiduese q\u00eb parandalojn\u00eb plakjen e l\u00ebkur\u00ebs. Balmi ka arom\u00eb t\u00ebr\u00ebsisht natyrale t\u00eb mjedr\u00ebs.<br \/>\n10ml<\/p>","protected":false},"featured_media":12651,"comment_status":"open","ping_status":"closed","template":"","meta":{"_eb_attr":"","om_disable_all_campaigns":false,"_monsterinsights_skip_tracking":false,"_monsterinsights_sitenote_active":false,"_monsterinsights_sitenote_note":"","_monsterinsights_sitenote_category":0,"_uf_show_specific_survey":0,"_uf_disable_surveys":false},"product_brand":[],"product_cat":[44,65,105],"product_tag":[93,83,91,97,88,109,90,113,106],"class_list":{"0":"post-12632","1":"product","2":"type-product","3":"status-publish","4":"has-post-thumbnail","6":"product_cat-organic","7":"product_cat-skin-care","8":"product_cat-top3","9":"product_tag-antiaging","10":"product_tag-cleanser2","11":"product_tag-combination","12":"product_tag-dehydrated","13":"product_tag-dry","14":"product_tag-lipbalm","15":"product_tag-sensitive","16":"product_tag-tinted-balm","17":"product_tag-top3","19":"first","20":"instock","21":"sale","22":"featured","23":"shipping-taxable","24":"purchasable","25":"product-type-simple"},"aioseo_notices":[],"yoast_head":"<!-- This site is optimized with the Yoast SEO plugin v27.3 - https:\/\/yoast.com\/product\/yoast-seo-wordpress\/ -->\n<title>ROOT - PLANT RICH TINTED BALM lips &amp; cheeks - Bees &amp; Trees<\/title>\n<meta name=\"description\" content=\"Tinted Balm for lips and cheeks made all of natural ingredients like shea butter, jojoba oil, hyaluronic acid, vitamin E and tint made of Red Radish extract\" \/>\n<meta name=\"robots\" content=\"index, follow, max-snippet:-1, max-image-preview:large, max-video-preview:-1\" \/>\n<link rel=\"canonical\" href=\"https:\/\/shopbeesandtrees.com\/al\/produkt\/root-plant-rich-tinted-balm-lips-cheeks\/\" \/>\n<meta property=\"og:locale\" content=\"sq_AL\" \/>\n<meta property=\"og:type\" content=\"article\" \/>\n<meta property=\"og:title\" content=\"ROOT - PLANT RICH TINTED BALM lips &amp; cheeks - Bees &amp; Trees\" \/>\n<meta property=\"og:description\" content=\"Tinted Balm for lips and cheeks made all of natural ingredients like shea butter, jojoba oil, hyaluronic acid, vitamin E and tint made of Red Radish extract\" \/>\n<meta property=\"og:url\" content=\"https:\/\/shopbeesandtrees.com\/al\/produkt\/root-plant-rich-tinted-balm-lips-cheeks\/\" \/>\n<meta property=\"og:site_name\" content=\"Bees &amp; Trees\" \/>\n<meta property=\"article:publisher\" content=\"https:\/\/www.facebook.com\/beesandtrees.al\" \/>\n<meta property=\"article:modified_time\" content=\"2025-08-06T08:55:35+00:00\" \/>\n<meta property=\"og:image\" content=\"https:\/\/shopbeesandtrees.com\/wp-content\/uploads\/2023\/01\/root-lip-balm-tinted-cheeks-pink.jpg\" \/>\n\t<meta property=\"og:image:width\" content=\"1500\" \/>\n\t<meta property=\"og:image:height\" content=\"1500\" \/>\n\t<meta property=\"og:image:type\" content=\"image\/jpeg\" \/>\n<meta name=\"twitter:card\" content=\"summary_large_image\" \/>\n<meta name=\"twitter:label1\" content=\"Est. reading time\" \/>\n\t<meta name=\"twitter:data1\" content=\"1 minut\u00eb\" \/>\n<script type=\"application\/ld+json\" class=\"yoast-schema-graph\">{\"@context\":\"https:\\\/\\\/schema.org\",\"@graph\":[{\"@type\":\"WebPage\",\"@id\":\"https:\\\/\\\/shopbeesandtrees.com\\\/product\\\/root-plant-rich-tinted-balm-lips-cheeks\\\/\",\"url\":\"https:\\\/\\\/shopbeesandtrees.com\\\/product\\\/root-plant-rich-tinted-balm-lips-cheeks\\\/\",\"name\":\"ROOT - PLANT RICH TINTED BALM lips & cheeks - Bees &amp; Trees\",\"isPartOf\":{\"@id\":\"https:\\\/\\\/shopbeesandtrees.com\\\/#website\"},\"primaryImageOfPage\":{\"@id\":\"https:\\\/\\\/shopbeesandtrees.com\\\/product\\\/root-plant-rich-tinted-balm-lips-cheeks\\\/#primaryimage\"},\"image\":{\"@id\":\"https:\\\/\\\/shopbeesandtrees.com\\\/product\\\/root-plant-rich-tinted-balm-lips-cheeks\\\/#primaryimage\"},\"thumbnailUrl\":\"https:\\\/\\\/shopbeesandtrees.com\\\/wp-content\\\/uploads\\\/2023\\\/01\\\/root-lip-balm-tinted-cheeks-pink.jpg\",\"datePublished\":\"2023-01-19T15:19:24+00:00\",\"dateModified\":\"2025-08-06T08:55:35+00:00\",\"description\":\"Tinted Balm for lips and cheeks made all of natural ingredients like shea butter, jojoba oil, hyaluronic acid, vitamin E and tint made of Red Radish extract\",\"breadcrumb\":{\"@id\":\"https:\\\/\\\/shopbeesandtrees.com\\\/product\\\/root-plant-rich-tinted-balm-lips-cheeks\\\/#breadcrumb\"},\"inLanguage\":\"sq\",\"potentialAction\":[{\"@type\":\"ReadAction\",\"target\":[\"https:\\\/\\\/shopbeesandtrees.com\\\/product\\\/root-plant-rich-tinted-balm-lips-cheeks\\\/\"]}]},{\"@type\":\"ImageObject\",\"inLanguage\":\"sq\",\"@id\":\"https:\\\/\\\/shopbeesandtrees.com\\\/product\\\/root-plant-rich-tinted-balm-lips-cheeks\\\/#primaryimage\",\"url\":\"https:\\\/\\\/shopbeesandtrees.com\\\/wp-content\\\/uploads\\\/2023\\\/01\\\/root-lip-balm-tinted-cheeks-pink.jpg\",\"contentUrl\":\"https:\\\/\\\/shopbeesandtrees.com\\\/wp-content\\\/uploads\\\/2023\\\/01\\\/root-lip-balm-tinted-cheeks-pink.jpg\",\"width\":1500,\"height\":1500},{\"@type\":\"BreadcrumbList\",\"@id\":\"https:\\\/\\\/shopbeesandtrees.com\\\/product\\\/root-plant-rich-tinted-balm-lips-cheeks\\\/#breadcrumb\",\"itemListElement\":[{\"@type\":\"ListItem\",\"position\":1,\"name\":\"Home\",\"item\":\"https:\\\/\\\/shopbeesandtrees.com\\\/\"},{\"@type\":\"ListItem\",\"position\":2,\"name\":\"Products\",\"item\":\"https:\\\/\\\/shopbeesandtrees.com\\\/shop\\\/\"},{\"@type\":\"ListItem\",\"position\":3,\"name\":\"ROOT &#8211; PLANT RICH TINTED BALM lips &#038; cheeks\"}]},{\"@type\":\"WebSite\",\"@id\":\"https:\\\/\\\/shopbeesandtrees.com\\\/#website\",\"url\":\"https:\\\/\\\/shopbeesandtrees.com\\\/\",\"name\":\"Bees & Trees\",\"description\":\"Love Yourself Organically\",\"publisher\":{\"@id\":\"https:\\\/\\\/shopbeesandtrees.com\\\/#organization\"},\"potentialAction\":[{\"@type\":\"SearchAction\",\"target\":{\"@type\":\"EntryPoint\",\"urlTemplate\":\"https:\\\/\\\/shopbeesandtrees.com\\\/?s={search_term_string}\"},\"query-input\":{\"@type\":\"PropertyValueSpecification\",\"valueRequired\":true,\"valueName\":\"search_term_string\"}}],\"inLanguage\":\"sq\"},{\"@type\":\"Organization\",\"@id\":\"https:\\\/\\\/shopbeesandtrees.com\\\/#organization\",\"name\":\"Bees & Trees\",\"url\":\"https:\\\/\\\/shopbeesandtrees.com\\\/\",\"logo\":{\"@type\":\"ImageObject\",\"inLanguage\":\"sq\",\"@id\":\"https:\\\/\\\/shopbeesandtrees.com\\\/#\\\/schema\\\/logo\\\/image\\\/\",\"url\":\"https:\\\/\\\/i0.wp.com\\\/shopbeesandtrees.com\\\/wp-content\\\/uploads\\\/2022\\\/10\\\/bees-and-trees-bio-cosmetics-black-logo.png?fit=4402%2C1189&ssl=1\",\"contentUrl\":\"https:\\\/\\\/i0.wp.com\\\/shopbeesandtrees.com\\\/wp-content\\\/uploads\\\/2022\\\/10\\\/bees-and-trees-bio-cosmetics-black-logo.png?fit=4402%2C1189&ssl=1\",\"width\":4402,\"height\":1189,\"caption\":\"Bees & Trees\"},\"image\":{\"@id\":\"https:\\\/\\\/shopbeesandtrees.com\\\/#\\\/schema\\\/logo\\\/image\\\/\"},\"sameAs\":[\"https:\\\/\\\/www.facebook.com\\\/beesandtrees.al\",\"https:\\\/\\\/www.instagram.com\\\/beesandtrees_biocosmetics\\\/\"]}]}<\/script>\n<!-- \/ Yoast SEO plugin. -->","yoast_head_json":{"title":"ROOT - PLANT RICH TINTED BALM lips & cheeks - Bees &amp; Trees","description":"Tinted Balm for lips and cheeks made all of natural ingredients like shea butter, jojoba oil, hyaluronic acid, vitamin E and tint made of Red Radish extract","robots":{"index":"index","follow":"follow","max-snippet":"max-snippet:-1","max-image-preview":"max-image-preview:large","max-video-preview":"max-video-preview:-1"},"canonical":"https:\/\/shopbeesandtrees.com\/al\/produkt\/root-plant-rich-tinted-balm-lips-cheeks\/","og_locale":"sq_AL","og_type":"article","og_title":"ROOT - PLANT RICH TINTED BALM lips & cheeks - Bees &amp; Trees","og_description":"Tinted Balm for lips and cheeks made all of natural ingredients like shea butter, jojoba oil, hyaluronic acid, vitamin E and tint made of Red Radish extract","og_url":"https:\/\/shopbeesandtrees.com\/al\/produkt\/root-plant-rich-tinted-balm-lips-cheeks\/","og_site_name":"Bees &amp; Trees","article_publisher":"https:\/\/www.facebook.com\/beesandtrees.al","article_modified_time":"2025-08-06T08:55:35+00:00","og_image":[{"width":1500,"height":1500,"url":"https:\/\/shopbeesandtrees.com\/wp-content\/uploads\/2023\/01\/root-lip-balm-tinted-cheeks-pink.jpg","type":"image\/jpeg"}],"twitter_card":"summary_large_image","twitter_misc":{"Est. reading time":"1 minut\u00eb"},"schema":{"@context":"https:\/\/schema.org","@graph":[{"@type":"WebPage","@id":"https:\/\/shopbeesandtrees.com\/product\/root-plant-rich-tinted-balm-lips-cheeks\/","url":"https:\/\/shopbeesandtrees.com\/product\/root-plant-rich-tinted-balm-lips-cheeks\/","name":"ROOT - PLANT RICH TINTED BALM lips & cheeks - Bees &amp; Trees","isPartOf":{"@id":"https:\/\/shopbeesandtrees.com\/#website"},"primaryImageOfPage":{"@id":"https:\/\/shopbeesandtrees.com\/product\/root-plant-rich-tinted-balm-lips-cheeks\/#primaryimage"},"image":{"@id":"https:\/\/shopbeesandtrees.com\/product\/root-plant-rich-tinted-balm-lips-cheeks\/#primaryimage"},"thumbnailUrl":"https:\/\/shopbeesandtrees.com\/wp-content\/uploads\/2023\/01\/root-lip-balm-tinted-cheeks-pink.jpg","datePublished":"2023-01-19T15:19:24+00:00","dateModified":"2025-08-06T08:55:35+00:00","description":"Tinted Balm for lips and cheeks made all of natural ingredients like shea butter, jojoba oil, hyaluronic acid, vitamin E and tint made of Red Radish extract","breadcrumb":{"@id":"https:\/\/shopbeesandtrees.com\/product\/root-plant-rich-tinted-balm-lips-cheeks\/#breadcrumb"},"inLanguage":"sq","potentialAction":[{"@type":"ReadAction","target":["https:\/\/shopbeesandtrees.com\/product\/root-plant-rich-tinted-balm-lips-cheeks\/"]}]},{"@type":"ImageObject","inLanguage":"sq","@id":"https:\/\/shopbeesandtrees.com\/product\/root-plant-rich-tinted-balm-lips-cheeks\/#primaryimage","url":"https:\/\/shopbeesandtrees.com\/wp-content\/uploads\/2023\/01\/root-lip-balm-tinted-cheeks-pink.jpg","contentUrl":"https:\/\/shopbeesandtrees.com\/wp-content\/uploads\/2023\/01\/root-lip-balm-tinted-cheeks-pink.jpg","width":1500,"height":1500},{"@type":"BreadcrumbList","@id":"https:\/\/shopbeesandtrees.com\/product\/root-plant-rich-tinted-balm-lips-cheeks\/#breadcrumb","itemListElement":[{"@type":"ListItem","position":1,"name":"Home","item":"https:\/\/shopbeesandtrees.com\/"},{"@type":"ListItem","position":2,"name":"Products","item":"https:\/\/shopbeesandtrees.com\/shop\/"},{"@type":"ListItem","position":3,"name":"ROOT &#8211; PLANT RICH TINTED BALM lips &#038; cheeks"}]},{"@type":"WebSite","@id":"https:\/\/shopbeesandtrees.com\/#website","url":"https:\/\/shopbeesandtrees.com\/","name":"Bees & Trees","description":"Duaje Veten Natyrsh\u00ebm","publisher":{"@id":"https:\/\/shopbeesandtrees.com\/#organization"},"potentialAction":[{"@type":"SearchAction","target":{"@type":"EntryPoint","urlTemplate":"https:\/\/shopbeesandtrees.com\/?s={search_term_string}"},"query-input":{"@type":"PropertyValueSpecification","valueRequired":true,"valueName":"search_term_string"}}],"inLanguage":"sq"},{"@type":"Organization","@id":"https:\/\/shopbeesandtrees.com\/#organization","name":"Bees & Trees","url":"https:\/\/shopbeesandtrees.com\/","logo":{"@type":"ImageObject","inLanguage":"sq","@id":"https:\/\/shopbeesandtrees.com\/#\/schema\/logo\/image\/","url":"https:\/\/i0.wp.com\/shopbeesandtrees.com\/wp-content\/uploads\/2022\/10\/bees-and-trees-bio-cosmetics-black-logo.png?fit=4402%2C1189&ssl=1","contentUrl":"https:\/\/i0.wp.com\/shopbeesandtrees.com\/wp-content\/uploads\/2022\/10\/bees-and-trees-bio-cosmetics-black-logo.png?fit=4402%2C1189&ssl=1","width":4402,"height":1189,"caption":"Bees & Trees"},"image":{"@id":"https:\/\/shopbeesandtrees.com\/#\/schema\/logo\/image\/"},"sameAs":["https:\/\/www.facebook.com\/beesandtrees.al","https:\/\/www.instagram.com\/beesandtrees_biocosmetics\/"]}]}},"_links":{"self":[{"href":"https:\/\/shopbeesandtrees.com\/al\/wp-json\/wp\/v2\/product\/12632","targetHints":{"allow":["GET"]}}],"collection":[{"href":"https:\/\/shopbeesandtrees.com\/al\/wp-json\/wp\/v2\/product"}],"about":[{"href":"https:\/\/shopbeesandtrees.com\/al\/wp-json\/wp\/v2\/types\/product"}],"replies":[{"embeddable":true,"href":"https:\/\/shopbeesandtrees.com\/al\/wp-json\/wp\/v2\/comments?post=12632"}],"version-history":[{"count":4,"href":"https:\/\/shopbeesandtrees.com\/al\/wp-json\/wp\/v2\/product\/12632\/revisions"}],"predecessor-version":[{"id":13086,"href":"https:\/\/shopbeesandtrees.com\/al\/wp-json\/wp\/v2\/product\/12632\/revisions\/13086"}],"wp:featuredmedia":[{"embeddable":true,"href":"https:\/\/shopbeesandtrees.com\/al\/wp-json\/wp\/v2\/media\/12651"}],"wp:attachment":[{"href":"https:\/\/shopbeesandtrees.com\/al\/wp-json\/wp\/v2\/media?parent=12632"}],"wp:term":[{"taxonomy":"product_brand","embeddable":true,"href":"https:\/\/shopbeesandtrees.com\/al\/wp-json\/wp\/v2\/product_brand?post=12632"},{"taxonomy":"product_cat","embeddable":true,"href":"https:\/\/shopbeesandtrees.com\/al\/wp-json\/wp\/v2\/product_cat?post=12632"},{"taxonomy":"product_tag","embeddable":true,"href":"https:\/\/shopbeesandtrees.com\/al\/wp-json\/wp\/v2\/product_tag?post=12632"}],"curies":[{"name":"wp","href":"https:\/\/api.w.org\/{rel}","templated":true}]}}