{"id":4035,"date":"2021-01-08T11:42:08","date_gmt":"2021-01-08T11:42:08","guid":{"rendered":"https:\/\/passim.qodeinteractive.com\/?page_id=4035"},"modified":"2022-10-19T09:02:11","modified_gmt":"2022-10-19T09:02:11","slug":"about-us","status":"publish","type":"page","link":"https:\/\/shopbeesandtrees.com\/al\/about-us\/","title":{"rendered":"Rreth nesh"},"content":{"rendered":"<div data-elementor-type=\"wp-page\" data-elementor-id=\"4035\" class=\"elementor elementor-4035\" data-elementor-post-type=\"page\">\n\t\t\t\t\t\t<section class=\"elementor-section elementor-top-section elementor-element elementor-element-38fe56c elementor-section-full_width elementor-section-content-middle elementor-section-height-default elementor-section-height-default qodef-elementor-content-no\" data-id=\"38fe56c\" data-element_type=\"section\" data-e-type=\"section\">\n\t\t\t\t\t\t<div class=\"elementor-container elementor-column-gap-default\">\n\t\t\t\t\t<div class=\"elementor-column elementor-col-50 elementor-top-column elementor-element elementor-element-fa819ec\" data-id=\"fa819ec\" data-element_type=\"column\" data-e-type=\"column\">\n\t\t\t<div class=\"elementor-widget-wrap elementor-element-populated\">\n\t\t\t\t\t\t<div class=\"elementor-element elementor-element-1434a799 elementor-widget__width-initial elementor-widget-tablet__width-inherit elementor-widget elementor-widget-passim_core_section_title\" data-id=\"1434a799\" data-element_type=\"widget\" data-e-type=\"widget\" data-widget_type=\"passim_core_section_title.default\">\n\t\t\t\t<div class=\"elementor-widget-container\">\n\t\t\t\t\t<div class=\"qodef-shortcode qodef-m  qodef-section-title qodef-alignment--left qodef-title-break--disabled\">\n\t\t<h4 class=\"qodef-m-title\" >\n\t\t\t\t\tNj\u00eb dhurat\u00eb<br \/> nga bjeshk\u00ebt\t\t\t<\/h4>\n\t\t<div class=\"qodef-m-subtitle\" style=\"margin-top: 5px\">\n\t\tSa larg\u00eb guxon t\u00eb \u00ebnd\u00ebrrosh kur merr p\u00ebrsip\u00ebr ti kthesh \u00ebndrrat e tua n\u00eb realitet?\t<\/div>\n\t\t<p class=\"qodef-m-text\" style=\"margin-top: 10px\">Rona Nushi, farmacistja pas Bees &amp; Trees, ishte dikur nj\u00eb alpiniste e p\u00ebrkushtuar. Teksa studionte p\u00ebr farmaci, ajo vizitonte bjeshk\u00ebt pothuajse \u00e7do fundjav\u00eb p\u00ebr t'u ngjitur dhe shijuar natyr\u00ebn.\nGjat\u00eb ngjitjes me litar n\u00eb shk\u00ebmb, ajo ndjeu nevoj\u00ebn p\u00ebr t\u00eb p\u00ebrdorur nj\u00eb krem mbrojt\u00ebs dielli  natyral p\u00ebr fytyr\u00ebn e saj, t\u00eb cilin n\u00eb vitin 2014 nuk mund ta gjente n\u00eb Shqip\u00ebri. K\u00ebshtu ajo vendosi ta b\u00ebnte vet\u00eb, kur u kthye n\u00eb laboratorin e Universitetit.\nNj\u00eb produkt q\u00eb fillimisht u krijua vet\u00ebm si krem kund\u00ebr diellit p\u00ebr nevojat e saj, shum\u00eb shpejt doli t\u00eb ishte produkti i preferuar i miqve t\u00eb saj dhe ajo p\u00ebrfundoi duke punuar n\u00eb laborator pothuajse \u00e7do dit\u00eb pas m\u00ebsimeve. Aty lindi Bees &amp; Trees, shum\u00eb spontanisht, por plot pasion! \n\n<\/p>\n<\/div>\n\t\t\t\t<\/div>\n\t\t\t\t<\/div>\n\t\t\t\t<div class=\"elementor-element elementor-element-f95388b elementor-widget__width-initial elementor-widget-tablet__width-inherit elementor-widget elementor-widget-passim_core_section_title\" data-id=\"f95388b\" data-element_type=\"widget\" data-e-type=\"widget\" data-widget_type=\"passim_core_section_title.default\">\n\t\t\t\t<div class=\"elementor-widget-container\">\n\t\t\t\t\t<div class=\"qodef-shortcode qodef-m  qodef-section-title qodef-alignment--left qodef-title-break--disabled\">\n\t\t\t<div class=\"qodef-m-subtitle\" style=\"margin-top: 5px\">\n\t\tBees &amp; Trees u b\u00eb marka e par\u00eb Shqiptare e kozmetik\u00ebs e regjistruar n\u00eb BE\t<\/div>\n\t\t<p class=\"qodef-m-text\" style=\"margin-top: 10px\">Bees &amp; Trees vazhdoi t\u00eb rritet s\u00eb bashku me pasionin dhe dashurin\u00eb p\u00ebr natyr\u00ebn, artin dhe shkenc\u00ebn. \u00c7do formul\u00eb e re ishte si nj\u00eb vep\u00ebr arti duke filluar nga p\u00ebrb\u00ebr\u00ebsit, p\u00ebrgatitja, paketimi, dizajni dhe marketingu.\n\nN\u00eb vitin 2018, Bees &amp; Trees zhvendosi prodhimin n\u00eb Itali dhe u b\u00eb marka e par\u00eb shqiptare e regjistruar n\u00eb BE, organike, cruelty free, e testuar dermatologjikisht dhe miq\u00ebsore me mjedisin! <\/p>\n<\/div>\n\t\t\t\t<\/div>\n\t\t\t\t<\/div>\n\t\t\t\t\t<\/div>\n\t\t<\/div>\n\t\t\t\t<div class=\"elementor-column elementor-col-50 elementor-top-column elementor-element elementor-element-15fc280\" data-id=\"15fc280\" data-element_type=\"column\" data-e-type=\"column\">\n\t\t\t<div class=\"elementor-widget-wrap elementor-element-populated\">\n\t\t\t\t\t\t<div class=\"elementor-element elementor-element-36a0eb80 elementor-widget elementor-widget-passim_core_single_image\" data-id=\"36a0eb80\" data-element_type=\"widget\" data-e-type=\"widget\" data-widget_type=\"passim_core_single_image.default\">\n\t\t\t\t<div class=\"elementor-widget-container\">\n\t\t\t\t\t<div class=\"qodef-shortcode qodef-m  qodef-single-image qodef-layout--default\">\n\t<div class=\"qodef-m-image\"  ><\/div>\n\n\t<img fetchpriority=\"high\" decoding=\"async\" src=\"https:\/\/shopbeesandtrees.com\/wp-content\/uploads\/2021\/12\/bees-5116-copy-scaled-600x720.jpg\" alt=\"\" width=\"600\" height=\"720\" data-ratio=\"0.83333333333333\" \/><\/div>\n\t\t\t\t<\/div>\n\t\t\t\t<\/div>\n\t\t\t\t\t<\/div>\n\t\t<\/div>\n\t\t\t\t\t<\/div>\n\t\t<\/section>\n\t\t\t\t<section class=\"elementor-section elementor-top-section elementor-element elementor-element-1864ced elementor-section-full_width elementor-section-height-default elementor-section-height-default qodef-elementor-content-no\" data-id=\"1864ced\" data-element_type=\"section\" data-e-type=\"section\" data-settings=\"{&quot;background_background&quot;:&quot;classic&quot;}\">\n\t\t\t\t\t\t<div class=\"elementor-container elementor-column-gap-default\">\n\t\t\t\t\t<div class=\"elementor-column elementor-col-100 elementor-top-column elementor-element elementor-element-2e6e601\" data-id=\"2e6e601\" data-element_type=\"column\" data-e-type=\"column\">\n\t\t\t<div class=\"elementor-widget-wrap elementor-element-populated\">\n\t\t\t\t\t\t<div class=\"elementor-element elementor-element-ef77967 elementor-widget elementor-widget-passim_core_testimonials_list\" data-id=\"ef77967\" data-element_type=\"widget\" data-e-type=\"widget\" data-widget_type=\"passim_core_testimonials_list.default\">\n\t\t\t\t<div class=\"elementor-widget-container\">\n\t\t\t\t\t<div class=\"qodef-shortcode qodef-m  qodef-testimonials-list  qodef-grid qodef-swiper-container   qodef-col-num--1 qodef-item-layout--info-below qodef-responsive--custom qodef-col-num--1440--1 qodef-col-num--1366--1 qodef-col-num--1024--1 qodef-col-num--768--1 qodef-col-num--680--1 qodef-col-num--480--1\" data-options=\"{&quot;slidesPerView&quot;:&quot;1&quot;,&quot;spaceBetween&quot;:0,&quot;loop&quot;:true,&quot;autoplay&quot;:true,&quot;speed&quot;:&quot;3000&quot;,&quot;speedAnimation&quot;:&quot;&quot;,&quot;slideAnimation&quot;:&quot;&quot;,&quot;customStages&quot;:true,&quot;slidesPerView1440&quot;:&quot;1&quot;,&quot;slidesPerView1366&quot;:&quot;1&quot;,&quot;slidesPerView1024&quot;:&quot;1&quot;,&quot;slidesPerView768&quot;:&quot;1&quot;,&quot;slidesPerView680&quot;:&quot;1&quot;,&quot;slidesPerView480&quot;:&quot;1&quot;,&quot;outsideNavigation&quot;:&quot;yes&quot;,&quot;unique&quot;:978}\">\n\t<div class=\"swiper-wrapper\">\n\t\t<div class=\"qodef-e swiper-slide\">\n\t<div class=\"qodef-e-inner\">\n\t\t<div class=\"qodef-e-content\">\n\t\t\t\t\t\t\t<div itemprop=\"description\" class=\"qodef-e-text\">Few days ago l applied Bio Brasion, after a year of minimal skin care rutine. My skin is trully glowing. I enjoyed the process, the helpfull tips and most importantly Bees &amp; Trees products and their natural touch. l will revisit it, once back in Tirana. Rona's dedication was present in every single detail. I think Bees and Trees is a pleace where our skin is treated\r\nwith love!<\/div>\n\t\t\t\t<div class=\"qodef-e-author\">\n\t\t<div class=\"qodef-e-author-name\">Marinela Mitro<\/div>\n\t\t<div class=\"qodef-e-author-job\"><\/div>\n\t<\/div>\n\t\t<\/div>\n\t<\/div>\n<\/div>\n<div class=\"qodef-e swiper-slide\">\n\t<div class=\"qodef-e-inner\">\n\t\t<div class=\"qodef-e-content\">\n\t\t\t\t\t\t\t<div itemprop=\"description\" class=\"qodef-e-text\">Tonikun me lavander nuk e ndrroj me asnjeeee produkt ne bote..Kur nuk kam tonik me duket sikur e gjith rutina e mengjesit ose nates me shkon d\u00ebm..Kur kam vene tonikun ndihem e qete..e di qe produktet perthithen me se miri..E adhuroj!<\/div>\n\t\t\t\t<div class=\"qodef-e-author\">\n\t\t<div class=\"qodef-e-author-name\">Silvana Renxa<\/div>\n\t\t<div class=\"qodef-e-author-job\"><\/div>\n\t<\/div>\n\t\t<\/div>\n\t<\/div>\n<\/div>\n<div class=\"qodef-e swiper-slide\">\n\t<div class=\"qodef-e-inner\">\n\t\t<div class=\"qodef-e-content\">\n\t\t\t\t\t\t\t<div itemprop=\"description\" class=\"qodef-e-text\">P\u00ebr mua Bess &amp; Tress ka qen\u00eb dashuri me shikim t\u00eb par\u00eb. Gjithashtu , Toniku lavander \u00ebsht\u00eb nj\u00eb nga produktet e mia t\u00eb preferuara sepse \u00ebsht\u00eb i vetmi produkt q\u00eb m\u00eb ka b\u00ebr\u00eb efekt p\u00ebr ekuilibrimin e yndyr\u00ebs. Dhe jam tep\u00ebr teper e lumtur q\u00eb \u00ebsht\u00eb b\u00ebre pjes\u00eb e rutin\u00ebs time t\u00eb kujdesit p\u00ebr lekur\u00ebn. N\u00ebse do e krahasoja me dicka do ishte = Yoga<\/div>\n\t\t\t\t<div class=\"qodef-e-author\">\n\t\t<div class=\"qodef-e-author-name\">Klaudia<\/div>\n\t\t<div class=\"qodef-e-author-job\"><\/div>\n\t<\/div>\n\t\t<\/div>\n\t<\/div>\n<\/div>\n\t<\/div>\n\t<\/div>\n\t<div class=\"swiper-button-prev swiper-button-outside swiper-button-prev-978\"><svg  xmlns=\"http:\/\/www.w3.org\/2000\/svg\" xmlns:xlink=\"http:\/\/www.w3.org\/1999\/xlink\" x=\"0px\" y=\"0px\" viewbox=\"0 0 11.1 21.3\" style=\"enable-background:new 0 0 11.1 21.3;\" xml:space=\"preserve\"><g><\/g><g><polyline points=\"10.9,21.1 0.4,10.6 10.7,0.2 \t\"\/><\/g><\/svg><\/div>\n\t<div class=\"swiper-button-next swiper-button-outside swiper-button-next-978\"><svg  xmlns=\"http:\/\/www.w3.org\/2000\/svg\" xmlns:xlink=\"http:\/\/www.w3.org\/1999\/xlink\" x=\"0px\" y=\"0px\" viewbox=\"0 0 11.1 21.3\" style=\"enable-background:new 0 0 11.1 21.3;\" xml:space=\"preserve\"><g><\/g><g><polyline points=\"0.2,0.2 10.7,10.7 0.3,21.1 \t\"\/><\/g><\/svg><\/div>\n\t\t\t\t<\/div>\n\t\t\t\t<\/div>\n\t\t\t\t\t<\/div>\n\t\t<\/div>\n\t\t\t\t\t<\/div>\n\t\t<\/section>\n\t\t\t\t<\/div>","protected":false},"excerpt":{"rendered":"<p>A gift from the mountains How far can you dream when you take the responsibility to make your dreams come true? Rona Nushi, the pharmacist behind Bees &amp; Trees, was once a devoted rock climber. While she was studying pharmacy, she visited the mountains almost every weekend to climb and enjoy the nature. While rock [&hellip;]<\/p>\n","protected":false},"author":1,"featured_media":0,"parent":0,"menu_order":0,"comment_status":"closed","ping_status":"closed","template":"page-full-width.php","meta":{"_eb_attr":"","om_disable_all_campaigns":false,"_monsterinsights_skip_tracking":false,"_monsterinsights_sitenote_active":false,"_monsterinsights_sitenote_note":"","_monsterinsights_sitenote_category":0,"_uf_show_specific_survey":0,"_uf_disable_surveys":false,"footnotes":""},"class_list":["post-4035","page","type-page","status-publish","hentry"],"aioseo_notices":[],"yoast_head":"<!-- This site is optimized with the Yoast SEO plugin v27.3 - https:\/\/yoast.com\/product\/yoast-seo-wordpress\/ -->\n<title>About Us - Bees &amp; Trees<\/title>\n<meta name=\"robots\" content=\"index, follow, max-snippet:-1, max-image-preview:large, max-video-preview:-1\" \/>\n<link rel=\"canonical\" href=\"https:\/\/shopbeesandtrees.com\/al\/about-us\/\" \/>\n<meta property=\"og:locale\" content=\"sq_AL\" \/>\n<meta property=\"og:type\" content=\"article\" \/>\n<meta property=\"og:title\" content=\"About Us - Bees &amp; Trees\" \/>\n<meta property=\"og:description\" content=\"A gift from the mountains How far can you dream when you take the responsibility to make your dreams come true? Rona Nushi, the pharmacist behind Bees &amp; Trees, was once a devoted rock climber. While she was studying pharmacy, she visited the mountains almost every weekend to climb and enjoy the nature. While rock [&hellip;]\" \/>\n<meta property=\"og:url\" content=\"https:\/\/shopbeesandtrees.com\/al\/about-us\/\" \/>\n<meta property=\"og:site_name\" content=\"Bees &amp; Trees\" \/>\n<meta property=\"article:publisher\" content=\"https:\/\/www.facebook.com\/beesandtrees.al\" \/>\n<meta property=\"article:modified_time\" content=\"2022-10-19T09:02:11+00:00\" \/>\n<meta property=\"og:image\" content=\"https:\/\/shopbeesandtrees.com\/\/wp-content\/uploads\/2021\/12\/bees-5116-copy-scaled-600x720.jpg\" \/>\n<meta name=\"twitter:card\" content=\"summary_large_image\" \/>\n<meta name=\"twitter:label1\" content=\"Est. reading time\" \/>\n\t<meta name=\"twitter:data1\" content=\"2 minuta\" \/>\n<script type=\"application\/ld+json\" class=\"yoast-schema-graph\">{\"@context\":\"https:\\\/\\\/schema.org\",\"@graph\":[{\"@type\":\"WebPage\",\"@id\":\"https:\\\/\\\/shopbeesandtrees.com\\\/about-us\\\/\",\"url\":\"https:\\\/\\\/shopbeesandtrees.com\\\/about-us\\\/\",\"name\":\"About Us - Bees &amp; Trees\",\"isPartOf\":{\"@id\":\"https:\\\/\\\/shopbeesandtrees.com\\\/#website\"},\"primaryImageOfPage\":{\"@id\":\"https:\\\/\\\/shopbeesandtrees.com\\\/about-us\\\/#primaryimage\"},\"image\":{\"@id\":\"https:\\\/\\\/shopbeesandtrees.com\\\/about-us\\\/#primaryimage\"},\"thumbnailUrl\":\"https:\\\/\\\/shopbeesandtrees.com\\\/\\\/wp-content\\\/uploads\\\/2021\\\/12\\\/bees-5116-copy-scaled-600x720.jpg\",\"datePublished\":\"2021-01-08T11:42:08+00:00\",\"dateModified\":\"2022-10-19T09:02:11+00:00\",\"breadcrumb\":{\"@id\":\"https:\\\/\\\/shopbeesandtrees.com\\\/about-us\\\/#breadcrumb\"},\"inLanguage\":\"sq\",\"potentialAction\":[{\"@type\":\"ReadAction\",\"target\":[\"https:\\\/\\\/shopbeesandtrees.com\\\/about-us\\\/\"]}]},{\"@type\":\"ImageObject\",\"inLanguage\":\"sq\",\"@id\":\"https:\\\/\\\/shopbeesandtrees.com\\\/about-us\\\/#primaryimage\",\"url\":\"https:\\\/\\\/shopbeesandtrees.com\\\/\\\/wp-content\\\/uploads\\\/2021\\\/12\\\/bees-5116-copy-scaled-600x720.jpg\",\"contentUrl\":\"https:\\\/\\\/shopbeesandtrees.com\\\/\\\/wp-content\\\/uploads\\\/2021\\\/12\\\/bees-5116-copy-scaled-600x720.jpg\"},{\"@type\":\"BreadcrumbList\",\"@id\":\"https:\\\/\\\/shopbeesandtrees.com\\\/about-us\\\/#breadcrumb\",\"itemListElement\":[{\"@type\":\"ListItem\",\"position\":1,\"name\":\"Home\",\"item\":\"https:\\\/\\\/shopbeesandtrees.com\\\/\"},{\"@type\":\"ListItem\",\"position\":2,\"name\":\"About Us\"}]},{\"@type\":\"WebSite\",\"@id\":\"https:\\\/\\\/shopbeesandtrees.com\\\/#website\",\"url\":\"https:\\\/\\\/shopbeesandtrees.com\\\/\",\"name\":\"Bees & Trees\",\"description\":\"Love Yourself Organically\",\"publisher\":{\"@id\":\"https:\\\/\\\/shopbeesandtrees.com\\\/#organization\"},\"potentialAction\":[{\"@type\":\"SearchAction\",\"target\":{\"@type\":\"EntryPoint\",\"urlTemplate\":\"https:\\\/\\\/shopbeesandtrees.com\\\/?s={search_term_string}\"},\"query-input\":{\"@type\":\"PropertyValueSpecification\",\"valueRequired\":true,\"valueName\":\"search_term_string\"}}],\"inLanguage\":\"sq\"},{\"@type\":\"Organization\",\"@id\":\"https:\\\/\\\/shopbeesandtrees.com\\\/#organization\",\"name\":\"Bees & Trees\",\"url\":\"https:\\\/\\\/shopbeesandtrees.com\\\/\",\"logo\":{\"@type\":\"ImageObject\",\"inLanguage\":\"sq\",\"@id\":\"https:\\\/\\\/shopbeesandtrees.com\\\/#\\\/schema\\\/logo\\\/image\\\/\",\"url\":\"https:\\\/\\\/i0.wp.com\\\/shopbeesandtrees.com\\\/wp-content\\\/uploads\\\/2022\\\/10\\\/bees-and-trees-bio-cosmetics-black-logo.png?fit=4402%2C1189&ssl=1\",\"contentUrl\":\"https:\\\/\\\/i0.wp.com\\\/shopbeesandtrees.com\\\/wp-content\\\/uploads\\\/2022\\\/10\\\/bees-and-trees-bio-cosmetics-black-logo.png?fit=4402%2C1189&ssl=1\",\"width\":4402,\"height\":1189,\"caption\":\"Bees & Trees\"},\"image\":{\"@id\":\"https:\\\/\\\/shopbeesandtrees.com\\\/#\\\/schema\\\/logo\\\/image\\\/\"},\"sameAs\":[\"https:\\\/\\\/www.facebook.com\\\/beesandtrees.al\",\"https:\\\/\\\/www.instagram.com\\\/beesandtrees_biocosmetics\\\/\"]}]}<\/script>\n<!-- \/ Yoast SEO plugin. -->","yoast_head_json":{"title":"About Us - Bees &amp; Trees","robots":{"index":"index","follow":"follow","max-snippet":"max-snippet:-1","max-image-preview":"max-image-preview:large","max-video-preview":"max-video-preview:-1"},"canonical":"https:\/\/shopbeesandtrees.com\/al\/about-us\/","og_locale":"sq_AL","og_type":"article","og_title":"About Us - Bees &amp; Trees","og_description":"A gift from the mountains How far can you dream when you take the responsibility to make your dreams come true? Rona Nushi, the pharmacist behind Bees &amp; Trees, was once a devoted rock climber. While she was studying pharmacy, she visited the mountains almost every weekend to climb and enjoy the nature. While rock [&hellip;]","og_url":"https:\/\/shopbeesandtrees.com\/al\/about-us\/","og_site_name":"Bees &amp; Trees","article_publisher":"https:\/\/www.facebook.com\/beesandtrees.al","article_modified_time":"2022-10-19T09:02:11+00:00","og_image":[{"url":"https:\/\/shopbeesandtrees.com\/\/wp-content\/uploads\/2021\/12\/bees-5116-copy-scaled-600x720.jpg","type":"","width":"","height":""}],"twitter_card":"summary_large_image","twitter_misc":{"Est. reading time":"2 minuta"},"schema":{"@context":"https:\/\/schema.org","@graph":[{"@type":"WebPage","@id":"https:\/\/shopbeesandtrees.com\/about-us\/","url":"https:\/\/shopbeesandtrees.com\/about-us\/","name":"About Us - Bees &amp; Trees","isPartOf":{"@id":"https:\/\/shopbeesandtrees.com\/#website"},"primaryImageOfPage":{"@id":"https:\/\/shopbeesandtrees.com\/about-us\/#primaryimage"},"image":{"@id":"https:\/\/shopbeesandtrees.com\/about-us\/#primaryimage"},"thumbnailUrl":"https:\/\/shopbeesandtrees.com\/\/wp-content\/uploads\/2021\/12\/bees-5116-copy-scaled-600x720.jpg","datePublished":"2021-01-08T11:42:08+00:00","dateModified":"2022-10-19T09:02:11+00:00","breadcrumb":{"@id":"https:\/\/shopbeesandtrees.com\/about-us\/#breadcrumb"},"inLanguage":"sq","potentialAction":[{"@type":"ReadAction","target":["https:\/\/shopbeesandtrees.com\/about-us\/"]}]},{"@type":"ImageObject","inLanguage":"sq","@id":"https:\/\/shopbeesandtrees.com\/about-us\/#primaryimage","url":"https:\/\/shopbeesandtrees.com\/\/wp-content\/uploads\/2021\/12\/bees-5116-copy-scaled-600x720.jpg","contentUrl":"https:\/\/shopbeesandtrees.com\/\/wp-content\/uploads\/2021\/12\/bees-5116-copy-scaled-600x720.jpg"},{"@type":"BreadcrumbList","@id":"https:\/\/shopbeesandtrees.com\/about-us\/#breadcrumb","itemListElement":[{"@type":"ListItem","position":1,"name":"Home","item":"https:\/\/shopbeesandtrees.com\/"},{"@type":"ListItem","position":2,"name":"About Us"}]},{"@type":"WebSite","@id":"https:\/\/shopbeesandtrees.com\/#website","url":"https:\/\/shopbeesandtrees.com\/","name":"Bees & Trees","description":"Duaje Veten Natyrsh\u00ebm","publisher":{"@id":"https:\/\/shopbeesandtrees.com\/#organization"},"potentialAction":[{"@type":"SearchAction","target":{"@type":"EntryPoint","urlTemplate":"https:\/\/shopbeesandtrees.com\/?s={search_term_string}"},"query-input":{"@type":"PropertyValueSpecification","valueRequired":true,"valueName":"search_term_string"}}],"inLanguage":"sq"},{"@type":"Organization","@id":"https:\/\/shopbeesandtrees.com\/#organization","name":"Bees & Trees","url":"https:\/\/shopbeesandtrees.com\/","logo":{"@type":"ImageObject","inLanguage":"sq","@id":"https:\/\/shopbeesandtrees.com\/#\/schema\/logo\/image\/","url":"https:\/\/i0.wp.com\/shopbeesandtrees.com\/wp-content\/uploads\/2022\/10\/bees-and-trees-bio-cosmetics-black-logo.png?fit=4402%2C1189&ssl=1","contentUrl":"https:\/\/i0.wp.com\/shopbeesandtrees.com\/wp-content\/uploads\/2022\/10\/bees-and-trees-bio-cosmetics-black-logo.png?fit=4402%2C1189&ssl=1","width":4402,"height":1189,"caption":"Bees & Trees"},"image":{"@id":"https:\/\/shopbeesandtrees.com\/#\/schema\/logo\/image\/"},"sameAs":["https:\/\/www.facebook.com\/beesandtrees.al","https:\/\/www.instagram.com\/beesandtrees_biocosmetics\/"]}]}},"_links":{"self":[{"href":"https:\/\/shopbeesandtrees.com\/al\/wp-json\/wp\/v2\/pages\/4035","targetHints":{"allow":["GET"]}}],"collection":[{"href":"https:\/\/shopbeesandtrees.com\/al\/wp-json\/wp\/v2\/pages"}],"about":[{"href":"https:\/\/shopbeesandtrees.com\/al\/wp-json\/wp\/v2\/types\/page"}],"author":[{"embeddable":true,"href":"https:\/\/shopbeesandtrees.com\/al\/wp-json\/wp\/v2\/users\/1"}],"replies":[{"embeddable":true,"href":"https:\/\/shopbeesandtrees.com\/al\/wp-json\/wp\/v2\/comments?post=4035"}],"version-history":[{"count":28,"href":"https:\/\/shopbeesandtrees.com\/al\/wp-json\/wp\/v2\/pages\/4035\/revisions"}],"predecessor-version":[{"id":12369,"href":"https:\/\/shopbeesandtrees.com\/al\/wp-json\/wp\/v2\/pages\/4035\/revisions\/12369"}],"wp:attachment":[{"href":"https:\/\/shopbeesandtrees.com\/al\/wp-json\/wp\/v2\/media?parent=4035"}],"curies":[{"name":"wp","href":"https:\/\/api.w.org\/{rel}","templated":true}]}}