{"id":10539,"date":"2022-03-18T11:22:03","date_gmt":"2022-03-18T11:22:03","guid":{"rendered":"https:\/\/shopbeesandtrees.com\/new\/?page_id=10539"},"modified":"2023-09-26T09:40:22","modified_gmt":"2023-09-26T08:40:22","slug":"acne-prone","status":"publish","type":"page","link":"https:\/\/shopbeesandtrees.com\/al\/acne-prone\/","title":{"rendered":"L\u00ebkure Proakneike"},"content":{"rendered":"\t\t<div data-elementor-type=\"wp-page\" data-elementor-id=\"10539\" class=\"elementor elementor-10539\" data-elementor-post-type=\"page\">\n\t\t\t\t\t\t<section class=\"elementor-section elementor-top-section elementor-element elementor-element-78b04a5a elementor-section-full_width elementor-section-height-default elementor-section-height-default qodef-elementor-content-no\" data-id=\"78b04a5a\" data-element_type=\"section\" data-e-type=\"section\">\n\t\t\t\t\t\t<div class=\"elementor-container elementor-column-gap-default\">\n\t\t\t\t\t<div class=\"elementor-column elementor-col-100 elementor-top-column elementor-element elementor-element-106c89bf\" data-id=\"106c89bf\" data-element_type=\"column\" data-e-type=\"column\">\n\t\t\t<div class=\"elementor-widget-wrap elementor-element-populated\">\n\t\t\t\t\t\t<div class=\"elementor-element elementor-element-ac09e6f elementor-widget elementor-widget-passim_core_product_list\" data-id=\"ac09e6f\" data-element_type=\"widget\" data-e-type=\"widget\" data-widget_type=\"passim_core_product_list.default\">\n\t\t\t\t<div class=\"elementor-widget-container\">\n\t\t\t\t\t<div class=\"qodef-shortcode qodef-m sensitive qodef-woo-shortcode qodef-woo-product-list qodef-item-layout--info-below qodef-grid qodef-layout--columns  qodef-gutter--normal qodef-col-num--4 qodef-item-layout--info-below qodef--no-bottom-space qodef-pagination--off qodef-responsive--custom qodef-col-num--1440--4 qodef-col-num--1366--4 qodef-col-num--1024--1 qodef-col-num--768--1 qodef-col-num--680--1 qodef-col-num--480--1\" data-options=\"{&quot;plugin&quot;:&quot;passim_core&quot;,&quot;module&quot;:&quot;plugins\\\/woocommerce\\\/shortcodes&quot;,&quot;shortcode&quot;:&quot;product-list&quot;,&quot;post_type&quot;:&quot;product&quot;,&quot;next_page&quot;:&quot;2&quot;,&quot;custom_class&quot;:&quot;sensitive&quot;,&quot;behavior&quot;:&quot;columns&quot;,&quot;images_proportion&quot;:&quot;full&quot;,&quot;columns&quot;:&quot;4&quot;,&quot;columns_responsive&quot;:&quot;custom&quot;,&quot;columns_1440&quot;:&quot;4&quot;,&quot;columns_1366&quot;:&quot;4&quot;,&quot;columns_1024&quot;:&quot;1&quot;,&quot;columns_768&quot;:&quot;1&quot;,&quot;columns_680&quot;:&quot;1&quot;,&quot;columns_480&quot;:&quot;1&quot;,&quot;space&quot;:&quot;normal&quot;,&quot;posts_per_page&quot;:&quot;-1&quot;,&quot;orderby&quot;:&quot;ID&quot;,&quot;order&quot;:&quot;DESC&quot;,&quot;additional_params&quot;:&quot;tax&quot;,&quot;tax&quot;:&quot;product_tag&quot;,&quot;tax_slug&quot;:&quot;acneprone, &quot;,&quot;layout&quot;:&quot;info-below&quot;,&quot;title_tag&quot;:&quot;h5&quot;,&quot;enable_additional_options&quot;:&quot;no&quot;,&quot;pagination_type&quot;:&quot;no-pagination&quot;,&quot;object_class_name&quot;:&quot;PassimCore_Product_List_Shortcode&quot;,&quot;taxonomy_filter&quot;:&quot;product_cat&quot;,&quot;additional_query_args&quot;:{&quot;tax_query&quot;:[{&quot;taxonomy&quot;:&quot;product_tag&quot;,&quot;field&quot;:&quot;slug&quot;,&quot;terms&quot;:&quot;acneprone, &quot;}]},&quot;unique&quot;:25,&quot;space_value&quot;:15}\">\n\t\t<div class=\"qodef-grid-inner clear\">\n\t\t<div class=\"qodef-e qodef-grid-item qodef-item--full product type-product post-13782 status-publish first instock product_cat-organic product_cat-skin-care product_cat-tonics product_tag-acneprone product_tag-combination has-post-thumbnail sale shipping-taxable purchasable product-type-simple\">\n\t<div class=\"qodef-woo-product-inner\">\n\t\t\t\t\t<div class=\"qodef-woo-product-image\">\n\t\t\t\t<span class=\"qodef-woo-product-mark qodef-woo-onsale\">-60%<\/span>\t\t\t\t<img fetchpriority=\"high\" decoding=\"async\" width=\"2560\" height=\"2560\" src=\"https:\/\/shopbeesandtrees.com\/wp-content\/uploads\/2021\/09\/Livando-edited-copy-scaled-1.jpg\" class=\"attachment-full size-full wp-post-image\" alt=\"\" srcset=\"https:\/\/shopbeesandtrees.com\/wp-content\/uploads\/2021\/09\/Livando-edited-copy-scaled-1.jpg 2560w, https:\/\/shopbeesandtrees.com\/wp-content\/uploads\/2021\/09\/Livando-edited-copy-scaled-1-300x300.jpg 300w, https:\/\/shopbeesandtrees.com\/wp-content\/uploads\/2021\/09\/Livando-edited-copy-scaled-1-1024x1024.jpg 1024w, https:\/\/shopbeesandtrees.com\/wp-content\/uploads\/2021\/09\/Livando-edited-copy-scaled-1-150x150.jpg 150w, https:\/\/shopbeesandtrees.com\/wp-content\/uploads\/2021\/09\/Livando-edited-copy-scaled-1-768x768.jpg 768w, https:\/\/shopbeesandtrees.com\/wp-content\/uploads\/2021\/09\/Livando-edited-copy-scaled-1-1536x1536.jpg 1536w, https:\/\/shopbeesandtrees.com\/wp-content\/uploads\/2021\/09\/Livando-edited-copy-scaled-1-2048x2048.jpg 2048w, https:\/\/shopbeesandtrees.com\/wp-content\/uploads\/2021\/09\/Livando-edited-copy-scaled-1-650x650.jpg 650w, https:\/\/shopbeesandtrees.com\/wp-content\/uploads\/2021\/09\/Livando-edited-copy-scaled-1-1300x1300.jpg 1300w, https:\/\/shopbeesandtrees.com\/wp-content\/uploads\/2021\/09\/Livando-edited-copy-scaled-1-1320x1320.jpg 1320w, https:\/\/shopbeesandtrees.com\/wp-content\/uploads\/2021\/09\/Livando-edited-copy-scaled-1-600x600.jpg 600w, https:\/\/shopbeesandtrees.com\/wp-content\/uploads\/2021\/09\/Livando-edited-copy-scaled-1-100x100.jpg 100w\" sizes=\"(max-width: 2560px) 100vw, 2560px\" \/>\t\t\t\t<div class=\"qodef-woo-product-image-inner\" >\n\t\t\t\t\t<a href=\"\/al\/wp-json\/wp\/v2\/pages\/10539?add-to-cart=13782\" aria-describedby=\"woocommerce_loop_add_to_cart_link_describedby_13782\" data-quantity=\"1\" class=\"button product_type_simple add_to_cart_button ajax_add_to_cart\" data-product_id=\"13782\" data-product_sku=\"06\" aria-label=\"Shtoje n\u00eb shport\u00eb: \u201cORGANIC LAVENDER FACIAL TONIC 100ml P\u00cbR \u00c7DO LLOJ L\u00cbKURE\u201d\" rel=\"nofollow\" data-success_message=\"\u201cORGANIC LAVENDER FACIAL TONIC 100ml P\u00cbR \u00c7DO LLOJ L\u00cbKURE\u201d u shtua n\u00eb shport\u00ebn tuaj\" role=\"button\">Shto n\u00eb shport\u00eb<\/a>\t<span id=\"woocommerce_loop_add_to_cart_link_describedby_13782\" class=\"screen-reader-text\">\n\t\t\t<\/span>\n\t\t\t\t<\/div>\n\t\t\t<\/div>\n\t\t\t\t<div class=\"qodef-woo-product-content\">\n\t\t\t<h5 itemprop=\"name\" class=\"qodef-woo-product-title entry-title\" >\n\t<a itemprop=\"url\" class=\"qodef-woo-product-title-link\" href=\"https:\/\/shopbeesandtrees.com\/al\/produkt\/organic-lavender-facial-tonic-200ml\/\">\n\t\tORGANIC LAVENDER FACIAL TONIC 100ml P\u00cbR \u00c7DO LLOJ L\u00cbKURE\t<\/a>\n<\/h5>\n\t\t\t\t\t<div class=\"qodef-woo-product-price price\"><span class=\"wcpbc-price wcpbc-price-13782\" data-product-id=\"13782\"><del aria-hidden=\"true\"><span class=\"woocommerce-Price-amount amount\"><span class=\"woocommerce-Price-currencySymbol\">ALL<\/span>1250<\/span><\/del> <span class=\"screen-reader-text\">\u00c7mimi origjinal qe: ALL1250.<\/span><ins aria-hidden=\"true\"><span class=\"woocommerce-Price-amount amount\"><span class=\"woocommerce-Price-currencySymbol\">ALL<\/span>500<\/span><\/ins><span class=\"screen-reader-text\">\u00c7mimi i tanish\u00ebm \u00ebsht\u00eb: ALL500.<\/span><\/span><div class='iute-as-low-as' data-amount='500.00' data-id='13782' data-sku='06' data-page-type='category'><\/div><\/div>\n\t\t\t\t\t\t\t<\/div>\n\t\t<a href=\"https:\/\/shopbeesandtrees.com\/al\/produkt\/organic-lavender-facial-tonic-200ml\/\" class=\"woocommerce-LoopProduct-link woocommerce-loop-product__link\"><\/a>\t<\/div>\n<\/div>\n<div class=\"qodef-e qodef-grid-item qodef-item--full product type-product post-9735 status-publish instock product_cat-cleansers-cleansers product_cat-cleansers product_cat-skin-care product_tag-acneprone product_tag-bestseller product_tag-blackheads product_tag-cleanser2 product_tag-oily product_tag-pigmentation has-post-thumbnail sale featured shipping-taxable purchasable product-type-simple\">\n\t<div class=\"qodef-woo-product-inner\">\n\t\t\t\t\t<div class=\"qodef-woo-product-image\">\n\t\t\t\t<span class=\"qodef-woo-product-mark qodef-woo-onsale\">-60%<\/span>\t\t\t\t<img decoding=\"async\" width=\"2560\" height=\"2560\" src=\"https:\/\/shopbeesandtrees.com\/wp-content\/uploads\/2021\/10\/D85_6523-scaled-1.jpg\" class=\"attachment-full size-full wp-post-image\" alt=\"\" srcset=\"https:\/\/shopbeesandtrees.com\/wp-content\/uploads\/2021\/10\/D85_6523-scaled-1.jpg 2560w, https:\/\/shopbeesandtrees.com\/wp-content\/uploads\/2021\/10\/D85_6523-scaled-1-300x300.jpg 300w, https:\/\/shopbeesandtrees.com\/wp-content\/uploads\/2021\/10\/D85_6523-scaled-1-1024x1024.jpg 1024w, https:\/\/shopbeesandtrees.com\/wp-content\/uploads\/2021\/10\/D85_6523-scaled-1-150x150.jpg 150w, https:\/\/shopbeesandtrees.com\/wp-content\/uploads\/2021\/10\/D85_6523-scaled-1-768x768.jpg 768w, https:\/\/shopbeesandtrees.com\/wp-content\/uploads\/2021\/10\/D85_6523-scaled-1-1536x1536.jpg 1536w, https:\/\/shopbeesandtrees.com\/wp-content\/uploads\/2021\/10\/D85_6523-scaled-1-2048x2048.jpg 2048w, https:\/\/shopbeesandtrees.com\/wp-content\/uploads\/2021\/10\/D85_6523-scaled-1-650x650.jpg 650w, https:\/\/shopbeesandtrees.com\/wp-content\/uploads\/2021\/10\/D85_6523-scaled-1-1300x1300.jpg 1300w, https:\/\/shopbeesandtrees.com\/wp-content\/uploads\/2021\/10\/D85_6523-scaled-1-1320x1320.jpg 1320w, https:\/\/shopbeesandtrees.com\/wp-content\/uploads\/2021\/10\/D85_6523-scaled-1-600x600.jpg 600w, https:\/\/shopbeesandtrees.com\/wp-content\/uploads\/2021\/10\/D85_6523-scaled-1-100x100.jpg 100w\" sizes=\"(max-width: 2560px) 100vw, 2560px\" \/>\t\t\t\t<div class=\"qodef-woo-product-image-inner\" >\n\t\t\t\t\t<a href=\"\/al\/wp-json\/wp\/v2\/pages\/10539?add-to-cart=9735\" aria-describedby=\"woocommerce_loop_add_to_cart_link_describedby_9735\" data-quantity=\"1\" class=\"button product_type_simple add_to_cart_button ajax_add_to_cart\" data-product_id=\"9735\" data-product_sku=\"02\" aria-label=\"Shtoje n\u00eb shport\u00eb: \u201cORGANIC BHA CLEANSING FOAM 150ml P\u00cbR L\u00cbRKUR\u00cb T\u00cb YNDRYSHME, PROAKNEIKE DHE T\u00cb KOMBINUAR\u201d\" rel=\"nofollow\" data-success_message=\"\u201cORGANIC BHA CLEANSING FOAM 150ml P\u00cbR L\u00cbRKUR\u00cb T\u00cb YNDRYSHME, PROAKNEIKE DHE T\u00cb KOMBINUAR\u201d u shtua n\u00eb shport\u00ebn tuaj\" role=\"button\">Shto n\u00eb shport\u00eb<\/a>\t<span id=\"woocommerce_loop_add_to_cart_link_describedby_9735\" class=\"screen-reader-text\">\n\t\t\t<\/span>\n\t\t\t\t<\/div>\n\t\t\t<\/div>\n\t\t\t\t<div class=\"qodef-woo-product-content\">\n\t\t\t<h5 itemprop=\"name\" class=\"qodef-woo-product-title entry-title\" >\n\t<a itemprop=\"url\" class=\"qodef-woo-product-title-link\" href=\"https:\/\/shopbeesandtrees.com\/al\/produkt\/organic-bha-cleansing-foam\/\">\n\t\tORGANIC BHA CLEANSING FOAM 150ml P\u00cbR L\u00cbRKUR\u00cb T\u00cb YNDRYSHME, PROAKNEIKE DHE T\u00cb KOMBINUAR\t<\/a>\n<\/h5>\n\t\t\t\t\t<div class=\"qodef-woo-product-price price\"><span class=\"wcpbc-price wcpbc-price-9735\" data-product-id=\"9735\"><del aria-hidden=\"true\"><span class=\"woocommerce-Price-amount amount\"><span class=\"woocommerce-Price-currencySymbol\">ALL<\/span>2490<\/span><\/del> <span class=\"screen-reader-text\">\u00c7mimi origjinal qe: ALL2490.<\/span><ins aria-hidden=\"true\"><span class=\"woocommerce-Price-amount amount\"><span class=\"woocommerce-Price-currencySymbol\">ALL<\/span>996<\/span><\/ins><span class=\"screen-reader-text\">\u00c7mimi i tanish\u00ebm \u00ebsht\u00eb: ALL996.<\/span><\/span><div class='iute-as-low-as' data-amount='996.00' data-id='9735' data-sku='02' data-page-type='category'><\/div><\/div>\n\t\t\t\t\t\t\t<\/div>\n\t\t<a href=\"https:\/\/shopbeesandtrees.com\/al\/produkt\/organic-bha-cleansing-foam\/\" class=\"woocommerce-LoopProduct-link woocommerce-loop-product__link\"><\/a>\t<\/div>\n<\/div>\n<div class=\"qodef-e qodef-grid-item qodef-item--full product type-product post-9708 status-publish instock product_cat-masks product_cat-organic product_cat-skin-care product_cat-uncategorized product_tag-acneprone product_tag-antiaging product_tag-blackheads product_tag-combination product_tag-dehydrated product_tag-dry product_tag-maskcover product_tag-oily product_tag-pigmentation product_tag-sale product_tag-sensitive has-post-thumbnail sale shipping-taxable purchasable product-type-simple\">\n\t<div class=\"qodef-woo-product-inner\">\n\t\t\t\t\t<div class=\"qodef-woo-product-image\">\n\t\t\t\t<span class=\"qodef-woo-product-mark qodef-woo-onsale\">-60%<\/span>\t\t\t\t<img decoding=\"async\" width=\"2560\" height=\"2560\" src=\"https:\/\/shopbeesandtrees.com\/wp-content\/uploads\/2021\/09\/mask-scaled-1.jpg\" class=\"attachment-full size-full wp-post-image\" alt=\"\" srcset=\"https:\/\/shopbeesandtrees.com\/wp-content\/uploads\/2021\/09\/mask-scaled-1.jpg 2560w, https:\/\/shopbeesandtrees.com\/wp-content\/uploads\/2021\/09\/mask-scaled-1-300x300.jpg 300w, https:\/\/shopbeesandtrees.com\/wp-content\/uploads\/2021\/09\/mask-scaled-1-1024x1024.jpg 1024w, https:\/\/shopbeesandtrees.com\/wp-content\/uploads\/2021\/09\/mask-scaled-1-150x150.jpg 150w, https:\/\/shopbeesandtrees.com\/wp-content\/uploads\/2021\/09\/mask-scaled-1-768x768.jpg 768w, https:\/\/shopbeesandtrees.com\/wp-content\/uploads\/2021\/09\/mask-scaled-1-1536x1536.jpg 1536w, https:\/\/shopbeesandtrees.com\/wp-content\/uploads\/2021\/09\/mask-scaled-1-2048x2048.jpg 2048w, https:\/\/shopbeesandtrees.com\/wp-content\/uploads\/2021\/09\/mask-scaled-1-650x650.jpg 650w, https:\/\/shopbeesandtrees.com\/wp-content\/uploads\/2021\/09\/mask-scaled-1-1300x1300.jpg 1300w, https:\/\/shopbeesandtrees.com\/wp-content\/uploads\/2021\/09\/mask-scaled-1-1320x1320.jpg 1320w, https:\/\/shopbeesandtrees.com\/wp-content\/uploads\/2021\/09\/mask-scaled-1-600x600.jpg 600w, https:\/\/shopbeesandtrees.com\/wp-content\/uploads\/2021\/09\/mask-scaled-1-100x100.jpg 100w\" sizes=\"(max-width: 2560px) 100vw, 2560px\" \/>\t\t\t\t<div class=\"qodef-woo-product-image-inner\" >\n\t\t\t\t\t<a href=\"\/al\/wp-json\/wp\/v2\/pages\/10539?add-to-cart=9708\" aria-describedby=\"woocommerce_loop_add_to_cart_link_describedby_9708\" data-quantity=\"1\" class=\"button product_type_simple add_to_cart_button ajax_add_to_cart\" data-product_id=\"9708\" data-product_sku=\"11\" aria-label=\"Shtoje n\u00eb shport\u00eb: \u201cORGANIC ANTIWRINKLE MASK 125ml P\u00cbR \u00c7DO LLOJ L\u00cbKURE\u201d\" rel=\"nofollow\" data-success_message=\"\u201cORGANIC ANTIWRINKLE MASK 125ml P\u00cbR \u00c7DO LLOJ L\u00cbKURE\u201d u shtua n\u00eb shport\u00ebn tuaj\" role=\"button\">Shto n\u00eb shport\u00eb<\/a>\t<span id=\"woocommerce_loop_add_to_cart_link_describedby_9708\" class=\"screen-reader-text\">\n\t\t\t<\/span>\n\t\t\t\t<\/div>\n\t\t\t<\/div>\n\t\t\t\t<div class=\"qodef-woo-product-content\">\n\t\t\t<h5 itemprop=\"name\" class=\"qodef-woo-product-title entry-title\" >\n\t<a itemprop=\"url\" class=\"qodef-woo-product-title-link\" href=\"https:\/\/shopbeesandtrees.com\/al\/produkt\/organic-antiwrinkle-mask\/\">\n\t\tORGANIC ANTIWRINKLE MASK 125ml P\u00cbR \u00c7DO LLOJ L\u00cbKURE\t<\/a>\n<\/h5>\n\t\t\t\t\t<div class=\"qodef-woo-product-price price\"><span class=\"wcpbc-price wcpbc-price-9708\" data-product-id=\"9708\"><del aria-hidden=\"true\"><span class=\"woocommerce-Price-amount amount\"><span class=\"woocommerce-Price-currencySymbol\">ALL<\/span>2590<\/span><\/del> <span class=\"screen-reader-text\">\u00c7mimi origjinal qe: ALL2590.<\/span><ins aria-hidden=\"true\"><span class=\"woocommerce-Price-amount amount\"><span class=\"woocommerce-Price-currencySymbol\">ALL<\/span>1036<\/span><\/ins><span class=\"screen-reader-text\">\u00c7mimi i tanish\u00ebm \u00ebsht\u00eb: ALL1036.<\/span><\/span><div class='iute-as-low-as' data-amount='1036.00' data-id='9708' data-sku='11' data-page-type='category'><\/div><\/div>\n\t\t\t\t\t\t\t<\/div>\n\t\t<a href=\"https:\/\/shopbeesandtrees.com\/al\/produkt\/organic-antiwrinkle-mask\/\" class=\"woocommerce-LoopProduct-link woocommerce-loop-product__link\"><\/a>\t<\/div>\n<\/div>\n\t<\/div>\n\t<\/div>\n\t\t\t\t<\/div>\n\t\t\t\t<\/div>\n\t\t\t\t\t<\/div>\n\t\t<\/div>\n\t\t\t\t\t<\/div>\n\t\t<\/section>\n\t\t\t\t<\/div>\n\t\t","protected":false},"excerpt":{"rendered":"<p>Sold Read more FULL SET WITH 8 PRODUCTS &#8211; ACNE PRONE SKIN ALL22220 ALL17780 -20% Add to cart ORGANIC PRECLEANSING GEL &#8211; Gel To Milk ALL2990 ALL2392 Sold Read more ORGANIC BHA CLEANSING FOAM ALL2490 Add to cart ORGANIC AHA EXFOLIATING TONER ALL2590 Add to cart ORGANIC MOISTURIZING CREAM ALL3690 -15% Add to cart ORGANIC [&hellip;]<\/p>\n","protected":false},"author":1,"featured_media":0,"parent":0,"menu_order":0,"comment_status":"closed","ping_status":"closed","template":"","meta":{"_eb_attr":"","om_disable_all_campaigns":false,"_monsterinsights_skip_tracking":false,"_monsterinsights_sitenote_active":false,"_monsterinsights_sitenote_note":"","_monsterinsights_sitenote_category":0,"_uf_show_specific_survey":0,"_uf_disable_surveys":false,"footnotes":""},"class_list":["post-10539","page","type-page","status-publish","hentry"],"aioseo_notices":[],"yoast_head":"<!-- This site is optimized with the Yoast SEO plugin v27.3 - https:\/\/yoast.com\/product\/yoast-seo-wordpress\/ -->\n<title>ACNE PRONE - Bees &amp; Trees<\/title>\n<meta name=\"robots\" content=\"index, follow, max-snippet:-1, max-image-preview:large, max-video-preview:-1\" \/>\n<link rel=\"canonical\" href=\"https:\/\/shopbeesandtrees.com\/al\/acne-prone\/\" \/>\n<meta property=\"og:locale\" content=\"sq_AL\" \/>\n<meta property=\"og:type\" content=\"article\" \/>\n<meta property=\"og:title\" content=\"ACNE PRONE - Bees &amp; Trees\" \/>\n<meta property=\"og:description\" content=\"Sold Read more FULL SET WITH 8 PRODUCTS &#8211; ACNE PRONE SKIN ALL22220 ALL17780 -20% Add to cart ORGANIC PRECLEANSING GEL &#8211; Gel To Milk ALL2990 ALL2392 Sold Read more ORGANIC BHA CLEANSING FOAM ALL2490 Add to cart ORGANIC AHA EXFOLIATING TONER ALL2590 Add to cart ORGANIC MOISTURIZING CREAM ALL3690 -15% Add to cart ORGANIC [&hellip;]\" \/>\n<meta property=\"og:url\" content=\"https:\/\/shopbeesandtrees.com\/al\/acne-prone\/\" \/>\n<meta property=\"og:site_name\" content=\"Bees &amp; Trees\" \/>\n<meta property=\"article:publisher\" content=\"https:\/\/www.facebook.com\/beesandtrees.al\" \/>\n<meta property=\"article:modified_time\" content=\"2023-09-26T08:40:22+00:00\" \/>\n<meta property=\"og:image\" content=\"https:\/\/shopbeesandtrees.com\/wp-content\/uploads\/2021\/09\/bees-all-5796-copy-3-scaled.jpg\" \/>\n<meta name=\"twitter:card\" content=\"summary_large_image\" \/>\n<meta name=\"twitter:label1\" content=\"Est. reading time\" \/>\n\t<meta name=\"twitter:data1\" content=\"3 minuta\" \/>\n<script type=\"application\/ld+json\" class=\"yoast-schema-graph\">{\"@context\":\"https:\\\/\\\/schema.org\",\"@graph\":[{\"@type\":\"WebPage\",\"@id\":\"https:\\\/\\\/shopbeesandtrees.com\\\/acne-prone\\\/\",\"url\":\"https:\\\/\\\/shopbeesandtrees.com\\\/acne-prone\\\/\",\"name\":\"ACNE PRONE - Bees &amp; Trees\",\"isPartOf\":{\"@id\":\"https:\\\/\\\/shopbeesandtrees.com\\\/#website\"},\"primaryImageOfPage\":{\"@id\":\"https:\\\/\\\/shopbeesandtrees.com\\\/acne-prone\\\/#primaryimage\"},\"image\":{\"@id\":\"https:\\\/\\\/shopbeesandtrees.com\\\/acne-prone\\\/#primaryimage\"},\"thumbnailUrl\":\"https:\\\/\\\/shopbeesandtrees.com\\\/wp-content\\\/uploads\\\/2021\\\/09\\\/bees-all-5796-copy-3-scaled.jpg\",\"datePublished\":\"2022-03-18T11:22:03+00:00\",\"dateModified\":\"2023-09-26T08:40:22+00:00\",\"breadcrumb\":{\"@id\":\"https:\\\/\\\/shopbeesandtrees.com\\\/acne-prone\\\/#breadcrumb\"},\"inLanguage\":\"sq\",\"potentialAction\":[{\"@type\":\"ReadAction\",\"target\":[\"https:\\\/\\\/shopbeesandtrees.com\\\/acne-prone\\\/\"]}]},{\"@type\":\"ImageObject\",\"inLanguage\":\"sq\",\"@id\":\"https:\\\/\\\/shopbeesandtrees.com\\\/acne-prone\\\/#primaryimage\",\"url\":\"https:\\\/\\\/shopbeesandtrees.com\\\/wp-content\\\/uploads\\\/2021\\\/09\\\/bees-all-5796-copy-3-scaled.jpg\",\"contentUrl\":\"https:\\\/\\\/shopbeesandtrees.com\\\/wp-content\\\/uploads\\\/2021\\\/09\\\/bees-all-5796-copy-3-scaled.jpg\"},{\"@type\":\"BreadcrumbList\",\"@id\":\"https:\\\/\\\/shopbeesandtrees.com\\\/acne-prone\\\/#breadcrumb\",\"itemListElement\":[{\"@type\":\"ListItem\",\"position\":1,\"name\":\"Home\",\"item\":\"https:\\\/\\\/shopbeesandtrees.com\\\/\"},{\"@type\":\"ListItem\",\"position\":2,\"name\":\"ACNE PRONE\"}]},{\"@type\":\"WebSite\",\"@id\":\"https:\\\/\\\/shopbeesandtrees.com\\\/#website\",\"url\":\"https:\\\/\\\/shopbeesandtrees.com\\\/\",\"name\":\"Bees & Trees\",\"description\":\"Love Yourself Organically\",\"publisher\":{\"@id\":\"https:\\\/\\\/shopbeesandtrees.com\\\/#organization\"},\"potentialAction\":[{\"@type\":\"SearchAction\",\"target\":{\"@type\":\"EntryPoint\",\"urlTemplate\":\"https:\\\/\\\/shopbeesandtrees.com\\\/?s={search_term_string}\"},\"query-input\":{\"@type\":\"PropertyValueSpecification\",\"valueRequired\":true,\"valueName\":\"search_term_string\"}}],\"inLanguage\":\"sq\"},{\"@type\":\"Organization\",\"@id\":\"https:\\\/\\\/shopbeesandtrees.com\\\/#organization\",\"name\":\"Bees & Trees\",\"url\":\"https:\\\/\\\/shopbeesandtrees.com\\\/\",\"logo\":{\"@type\":\"ImageObject\",\"inLanguage\":\"sq\",\"@id\":\"https:\\\/\\\/shopbeesandtrees.com\\\/#\\\/schema\\\/logo\\\/image\\\/\",\"url\":\"https:\\\/\\\/i0.wp.com\\\/shopbeesandtrees.com\\\/wp-content\\\/uploads\\\/2022\\\/10\\\/bees-and-trees-bio-cosmetics-black-logo.png?fit=4402%2C1189&ssl=1\",\"contentUrl\":\"https:\\\/\\\/i0.wp.com\\\/shopbeesandtrees.com\\\/wp-content\\\/uploads\\\/2022\\\/10\\\/bees-and-trees-bio-cosmetics-black-logo.png?fit=4402%2C1189&ssl=1\",\"width\":4402,\"height\":1189,\"caption\":\"Bees & Trees\"},\"image\":{\"@id\":\"https:\\\/\\\/shopbeesandtrees.com\\\/#\\\/schema\\\/logo\\\/image\\\/\"},\"sameAs\":[\"https:\\\/\\\/www.facebook.com\\\/beesandtrees.al\",\"https:\\\/\\\/www.instagram.com\\\/beesandtrees_biocosmetics\\\/\"]}]}<\/script>\n<!-- \/ Yoast SEO plugin. -->","yoast_head_json":{"title":"ACNE PRONE - Bees &amp; Trees","robots":{"index":"index","follow":"follow","max-snippet":"max-snippet:-1","max-image-preview":"max-image-preview:large","max-video-preview":"max-video-preview:-1"},"canonical":"https:\/\/shopbeesandtrees.com\/al\/acne-prone\/","og_locale":"sq_AL","og_type":"article","og_title":"ACNE PRONE - Bees &amp; Trees","og_description":"Sold Read more FULL SET WITH 8 PRODUCTS &#8211; ACNE PRONE SKIN ALL22220 ALL17780 -20% Add to cart ORGANIC PRECLEANSING GEL &#8211; Gel To Milk ALL2990 ALL2392 Sold Read more ORGANIC BHA CLEANSING FOAM ALL2490 Add to cart ORGANIC AHA EXFOLIATING TONER ALL2590 Add to cart ORGANIC MOISTURIZING CREAM ALL3690 -15% Add to cart ORGANIC [&hellip;]","og_url":"https:\/\/shopbeesandtrees.com\/al\/acne-prone\/","og_site_name":"Bees &amp; Trees","article_publisher":"https:\/\/www.facebook.com\/beesandtrees.al","article_modified_time":"2023-09-26T08:40:22+00:00","og_image":[{"url":"https:\/\/shopbeesandtrees.com\/wp-content\/uploads\/2021\/09\/bees-all-5796-copy-3-scaled.jpg","type":"","width":"","height":""}],"twitter_card":"summary_large_image","twitter_misc":{"Est. reading time":"3 minuta"},"schema":{"@context":"https:\/\/schema.org","@graph":[{"@type":"WebPage","@id":"https:\/\/shopbeesandtrees.com\/acne-prone\/","url":"https:\/\/shopbeesandtrees.com\/acne-prone\/","name":"ACNE PRONE - Bees &amp; Trees","isPartOf":{"@id":"https:\/\/shopbeesandtrees.com\/#website"},"primaryImageOfPage":{"@id":"https:\/\/shopbeesandtrees.com\/acne-prone\/#primaryimage"},"image":{"@id":"https:\/\/shopbeesandtrees.com\/acne-prone\/#primaryimage"},"thumbnailUrl":"https:\/\/shopbeesandtrees.com\/wp-content\/uploads\/2021\/09\/bees-all-5796-copy-3-scaled.jpg","datePublished":"2022-03-18T11:22:03+00:00","dateModified":"2023-09-26T08:40:22+00:00","breadcrumb":{"@id":"https:\/\/shopbeesandtrees.com\/acne-prone\/#breadcrumb"},"inLanguage":"sq","potentialAction":[{"@type":"ReadAction","target":["https:\/\/shopbeesandtrees.com\/acne-prone\/"]}]},{"@type":"ImageObject","inLanguage":"sq","@id":"https:\/\/shopbeesandtrees.com\/acne-prone\/#primaryimage","url":"https:\/\/shopbeesandtrees.com\/wp-content\/uploads\/2021\/09\/bees-all-5796-copy-3-scaled.jpg","contentUrl":"https:\/\/shopbeesandtrees.com\/wp-content\/uploads\/2021\/09\/bees-all-5796-copy-3-scaled.jpg"},{"@type":"BreadcrumbList","@id":"https:\/\/shopbeesandtrees.com\/acne-prone\/#breadcrumb","itemListElement":[{"@type":"ListItem","position":1,"name":"Home","item":"https:\/\/shopbeesandtrees.com\/"},{"@type":"ListItem","position":2,"name":"ACNE PRONE"}]},{"@type":"WebSite","@id":"https:\/\/shopbeesandtrees.com\/#website","url":"https:\/\/shopbeesandtrees.com\/","name":"Bees & Trees","description":"Duaje Veten Natyrsh\u00ebm","publisher":{"@id":"https:\/\/shopbeesandtrees.com\/#organization"},"potentialAction":[{"@type":"SearchAction","target":{"@type":"EntryPoint","urlTemplate":"https:\/\/shopbeesandtrees.com\/?s={search_term_string}"},"query-input":{"@type":"PropertyValueSpecification","valueRequired":true,"valueName":"search_term_string"}}],"inLanguage":"sq"},{"@type":"Organization","@id":"https:\/\/shopbeesandtrees.com\/#organization","name":"Bees & Trees","url":"https:\/\/shopbeesandtrees.com\/","logo":{"@type":"ImageObject","inLanguage":"sq","@id":"https:\/\/shopbeesandtrees.com\/#\/schema\/logo\/image\/","url":"https:\/\/i0.wp.com\/shopbeesandtrees.com\/wp-content\/uploads\/2022\/10\/bees-and-trees-bio-cosmetics-black-logo.png?fit=4402%2C1189&ssl=1","contentUrl":"https:\/\/i0.wp.com\/shopbeesandtrees.com\/wp-content\/uploads\/2022\/10\/bees-and-trees-bio-cosmetics-black-logo.png?fit=4402%2C1189&ssl=1","width":4402,"height":1189,"caption":"Bees & Trees"},"image":{"@id":"https:\/\/shopbeesandtrees.com\/#\/schema\/logo\/image\/"},"sameAs":["https:\/\/www.facebook.com\/beesandtrees.al","https:\/\/www.instagram.com\/beesandtrees_biocosmetics\/"]}]}},"_links":{"self":[{"href":"https:\/\/shopbeesandtrees.com\/al\/wp-json\/wp\/v2\/pages\/10539","targetHints":{"allow":["GET"]}}],"collection":[{"href":"https:\/\/shopbeesandtrees.com\/al\/wp-json\/wp\/v2\/pages"}],"about":[{"href":"https:\/\/shopbeesandtrees.com\/al\/wp-json\/wp\/v2\/types\/page"}],"author":[{"embeddable":true,"href":"https:\/\/shopbeesandtrees.com\/al\/wp-json\/wp\/v2\/users\/1"}],"replies":[{"embeddable":true,"href":"https:\/\/shopbeesandtrees.com\/al\/wp-json\/wp\/v2\/comments?post=10539"}],"version-history":[{"count":13,"href":"https:\/\/shopbeesandtrees.com\/al\/wp-json\/wp\/v2\/pages\/10539\/revisions"}],"predecessor-version":[{"id":13303,"href":"https:\/\/shopbeesandtrees.com\/al\/wp-json\/wp\/v2\/pages\/10539\/revisions\/13303"}],"wp:attachment":[{"href":"https:\/\/shopbeesandtrees.com\/al\/wp-json\/wp\/v2\/media?parent=10539"}],"curies":[{"name":"wp","href":"https:\/\/api.w.org\/{rel}","templated":true}]}}